{"id":2157,"date":"2022-03-14T12:20:50","date_gmt":"2022-03-14T11:20:50","guid":{"rendered":"https:\/\/veneziataxi.it\/?page_id=2157"},"modified":"2023-01-02T19:55:03","modified_gmt":"2023-01-02T18:55:03","slug":"bedingungen-und-konditionen","status":"publish","type":"page","link":"https:\/\/veneziataxi.it\/de\/bedingungen-und-konditionen\/","title":{"rendered":"Bedingungen und Konditionen"},"content":{"rendered":"<p>[vc_row][vc_column][vc_column_text css_animation=&#8221;fadeInUp&#8221; css=&#8221;.vc_custom_1648487085028{margin-right: 10% !important;margin-left: 10% !important; margin-top: 60px !important;}&#8221;]<strong>ALLGEMEINE INFORMATIONEN<\/strong><\/p>\n<p>Die vorliegenden allgemeinen Verkaufsbedingungen betreffen den Kauf von Wassertaxi-Fahrkarten, der per Fernzugriff \u00fcber das Telematiknetz auf der Website www.veneziataxi.it, mit Sitz in Venedig, Sestiere Santa Croce, 328, erfolgt. Jede Kauftransaktion unterliegt den Bestimmungen des Gesetzesdekrets Nr. 185\/99, des Gesetzesdekrets Nr. 206\/05; die auf den Vertragsabschluss gerichteten Informationen unterliegen dem Art. 12 des Gesetzesdekrets Nr. 70\/03 und, was den Schutz der Vertraulichkeit betrifft, den Bestimmungen des Gesetzesdekrets Nr. 196\/03.<\/p>\n<p>VERTRAGSABSCHLUSS UND AKZEPTANZ DER ALLGEMEINEN GESCH\u00c4FTSBEDINGUNGEN<\/p>\n<p>Vertr\u00e4ge \u00fcber den Verkauf von Dienstleistungen auf der Website www.veneziataxi.it gelten als abgeschlossen, wenn die vom Kunden aufgegebene Bestellung bei Venezia Taxi eingegangen ist und von dieser angenommen wurde. Venezia Taxi wird dem Kunden unverz\u00fcglich eine Quittung \u00fcber die vom Kunden get\u00e4tigte Bestellung zusenden.<\/p>\n<p><strong>IDer Kunde erkl\u00e4rt mit der elektronischen \u00dcbermittlung seiner Bestellung, dass er die vorliegenden allgemeinen Gesch\u00e4ftsbedingungen gelesen und akzeptiert hat und sich verpflichtet, diese in seinen Beziehungen mit Venezia Taxi zu beachten und einzuhalten.<\/strong><\/p>\n<p><strong>VERARBEITUNG VON PERSONENBEZOGENEN DATEN<\/strong><\/p>\n<p>Venezia Taxi informiert Sie gem\u00e4\u00df Artikel 13 der Verordnung (EU) 2016\/699, dass personenbezogene Daten und steuerliche Informationen, die auch m\u00fcndlich in Bezug auf die aufgenommenen Gesch\u00e4ftsbeziehungen erworben wurden, direkt von den Interessenten zur Verf\u00fcgung gestellt wurden oder anderweitig im Rahmen der Aktivit\u00e4ten des Unternehmens erworben wurden, in \u00dcbereinstimmung mit den genannten Vorschriften verarbeitet werden, einschlie\u00dflich der darin vorgesehenen Vertraulichkeitspflichten.<\/p>\n<p>In diesem Zusammenhang k\u00f6nnen die in Artikel 13 der Verordnung (EU) 2016\/699 genannten Rechte ausge\u00fcbt werden.<\/p>\n<p><strong>KUNDENVERPFLICHTUNGEN<\/strong><\/p>\n<p>IDer Kunde ist verpflichtet, diese allgemeinen Verkaufsbedingungen sorgf\u00e4ltig zu lesen, bevor er seine Bestellung aufgibt.\u00a0<strong>Die \u00dcbermittlung der Bestellung setzt deren vollst\u00e4ndige Kenntnis und Annahme voraus.<\/strong><\/p>\n<p><strong>AUFTRAGSDEFINITION<\/strong><\/p>\n<p>Durch das Absenden der Online-Bestellung \u00fcbermittelt der Kunde Venezia Taxi ein Angebot zum Kauf der gew\u00e4hlten Dienstleistungen (Taxidienstbuchung). Wenn der Kunde eine Online-Bestellung f\u00fcr die Produkte aufgibt, die er im Buchungsformular ausgew\u00e4hlt hat, erkl\u00e4rt er sich damit einverstanden, diese zu den in diesen Allgemeinen Verkaufsbedingungen angegebenen Preisen und Bedingungen zu kaufen.<\/p>\n<p>Venezia Taxi informiert den Kunden \u00fcber die Annahme und Best\u00e4tigung der Bestellung.<\/p>\n<p><strong>BESCHAFFUNGSMODALIT\u00c4TEN<\/strong><\/p>\n<p>Der Kunde kauft die Buchungsleistung zu dem dort angegebenen Preis, zuz\u00fcglich der jeweils im Buchungsformular angegebenen Zusatzkosten.<\/p>\n<p>Nach der \u00dcbermittlung der Bestellung erh\u00e4lt der Kunde von Venezia Taxi eine E-Mail-Nachricht, in der der Eingang der Bestellung best\u00e4tigt wird und die Informationen \u00fcber die wichtigsten Merkmale der gekauften Dienstleistung, den Preis, die anwendbaren Steuern und die Zahlungsmodalit\u00e4ten sowie einen Verweis auf die allgemeinen Gesch\u00e4ftsbedingungen und Informationen \u00fcber das Bestehen des R\u00fccktrittsrechts, die Bedingungen und die Modalit\u00e4ten seiner Aus\u00fcbung enth\u00e4lt, die auf der Website angezeigt werden.<\/p>\n<p><strong>ZAHLUNG<\/strong><\/p>\n<p>Der Kunde kann per PayPal oder Kreditkarte bezahlen.<\/p>\n<p><strong>Bezahlung per Kreditkarte oder PayPal<\/strong>: Wenn der Verbraucher mit Kreditkarte zahlen m\u00f6chte, kann er das Zahlungsverfahren \u00fcber PayPal nutzen, das geeignet ist, die Vertraulichkeit der Kundendaten zu gew\u00e4hrleisten. Ist der Kunde hingegen Inhaber eines PayPal-Kontos, kann er direkt \u00fcber sein PayPal-Konto bezahlen, ohne seine Kreditkarte benutzen zu m\u00fcssen. F\u00fcr alle Informationen und weitere rechtliche Vereinbarungen wird der Kunde auf www.paypal.com verwiesen.[\/vc_column_text][\/vc_column][\/vc_row][vc_row css_animation=&#8221;none&#8221; css=&#8221;.vc_custom_1647272744233{margin-top: 25px !important;margin-bottom: 25px !important;background-color: #efefef !important;}&#8221;][vc_column css=&#8221;.vc_custom_1647272780946{background-color: rgba(255,255,255,0.01) !important;*background-color: rgb(255,255,255) !important;}&#8221;][vc_empty_space height=&#8221;30px&#8221; hide_on_mobile=&#8221;&#8221;][vc_column_text css_animation=&#8221;fadeInUp&#8221; css=&#8221;.vc_custom_1650953987325{margin-right: 10% !important;margin-left: 10% !important;padding-top: 15px !important;padding-bottom: 15px !important;background-color: rgba(255,255,255,0.01) !important;*background-color: rgb(255,255,255) !important;}&#8221;]<strong>PREISINFORMATION<\/strong><\/p>\n<p>Die maximale Kapazit\u00e4t unserer Taxiboote betr\u00e4gt <strong>10 Personen mit Gep\u00e4ck<\/strong>. F\u00fcr Fahrg\u00e4ste mit mehr als 10 Personen m\u00fcssen ein oder mehrere zus\u00e4tzliche Taxis gebucht werden. <strong>Bis zu 4 Personen bleibt der Preis unver\u00e4ndert, ab 5 Personen wird ein Aufpreis von 10 \u20ac pro Person erhoben<\/strong>.<\/p>\n<p>Sie k\u00f6nnen <strong>bis zu 12 Gep\u00e4ckst\u00fccke<\/strong> mitnehmen. <strong>Bis zu 4 Gep\u00e4ckst\u00fccken bleibt der Preis unver\u00e4ndert, ab 5 Gep\u00e4ckst\u00fccken wird ein Aufschlag von 5 \u20ac pro St\u00fcck berechnet<\/strong>.<\/p>\n<p><strong>Au\u00dferdem ist ein Zuschlag von 25 \u20ac an den Taxifahrer zu zahlen, wenn Binnenkan\u00e4le befahren werden.<\/strong><\/p>\n<p>F\u00fcr Leistungen, die zwischen <strong>22 Uhr und 7 Uhr<\/strong> morgens erbracht werden, wird ein Nachtzuschlag erhoben. Bei der Buchung k\u00f6nnen Sie w\u00e4hlen, ob es sich um eine STANDARD- oder NIGHT-Buchung (22:00 &#8211; 7:00) handelt.<\/p>\n<p><strong>WARTENDE ZEITEN<\/strong><\/p>\n<p>Wenn die Reservierung vor Ort erfolgt, kann es zu einer Wartezeit von 15-30 Minuten kommen.[\/vc_column_text][\/vc_column][\/vc_row][vc_row css_animation=&#8221;none&#8221;][vc_column][vc_empty_space height=&#8221;30px&#8221; hide_on_mobile=&#8221;&#8221;][vc_column_text css_animation=&#8221;fadeInUp&#8221; css=&#8221;.vc_custom_1647272520958{margin-right: 10% !important;margin-left: 10% !important;}&#8221;]<strong>R\u00dcCKTRITTSRECHT<\/strong><\/p>\n<p>IDer Verbraucher hat das Recht, von seinem Widerrufsrecht Gebrauch zu machen. Insbesondere hat der Verbraucher das Recht, innerhalb von 14 (vierzehn) Arbeitstagen nach der Buchung von jedem mit Venezia Taxi abgeschlossenen Vertrag zur\u00fcckzutreten, und zwar ohne jegliche Vertragsstrafe und ohne Angabe von Gr\u00fcnden.<\/p>\n<p>Das Widerrufsrecht wird f\u00fcr jede Dienstleistung anerkannt, die der Verbraucher auf www.veneziataxi.it erworben hat.<\/p>\n<p><strong>MODALIT\u00c4TEN DER AUS\u00dcBUNG DES WIDERRUFSRECHTS<\/strong><\/p>\n<p>Das R\u00fccktrittsrecht wird ausge\u00fcbt, indem innerhalb der oben genannten Frist eine schriftliche Mitteilung an die E-Mail-Adresse von Venezia Taxi geschickt wird.<\/p>\n<p>Im Falle der Aus\u00fcbung des Widerrufsrechts ist die Mitteilung an die folgende E-Mail-Adresse zu richten:<\/p>\n<p><a href=\"mailto:info@veneziataxi.it\">info@veneziataxi.it<\/a><\/p>\n<p>Wird das R\u00fccktrittsrecht vom Kunden gem\u00e4\u00df den Bestimmungen dieser Klausel ausge\u00fcbt, ist Venezia Taxi verpflichtet, die vom Kunden gezahlten Betr\u00e4ge, mit Ausnahme der Versandkosten, zu erstatten.<\/p>\n<p>IVenezia Taxi wird insbesondere innerhalb von 30 (drei\u00dfig) Tagen nach Erhalt der E-Mail des Kunden den Auftrag zur R\u00fcckerstattung der Kosten f\u00fcr die versandte Ware kostenlos \u00fcbermitteln. Dieser Vorgang wird \u00fcber PayPal abgewickelt.<\/p>\n<p>Venezia Taxi hat das Recht, jede gebuchte Dienstleistung abzulehnen, bei der die f\u00fcr die Mitteilung \u00fcber die Aus\u00fcbung des R\u00fccktrittsrechts angegebenen Verfahren und Fristen nicht eingehalten wurden.<\/p>\n<p><strong>AUSDR\u00dcCKLICHE K\u00dcNDIGUNGSKLAUSEL<\/strong><\/p>\n<p>Bei vollst\u00e4ndiger oder teilweiser Nichtbezahlung des Kaufpreises der Ware beh\u00e4lt sich Venezia Taxi das Recht vor, den Vertrag gem\u00e4\u00df und im Sinne von Artikel 1456 des B\u00fcrgerlichen Gesetzbuches durch eine schriftliche Mitteilung an die E-Mail-Adresse des Kunden f\u00fcr aufgel\u00f6st zu erkl\u00e4ren.<\/p>\n<p><strong>COMPLAINTS<\/strong><\/p>\n<p>Bei Beschwerden oder Unklarheiten wendet sich der Kunde an die Nummer +39 041 723112 oder an die E-Mail-Adresse info@veneziataxi.it. Der Kunde wird innerhalb von 3 (drei) Arbeitstagen nach der Anfrage kontaktiert, um die Angelegenheit zu kl\u00e4ren.<\/p>\n<p><strong>ANWENDBARES RECHT UND GERICHTSBARKEIT<\/strong><\/p>\n<p>Der vorliegende Vertrag unterliegt dem italienischen Recht. Ausschlie\u00dflicher Gerichtsstand f\u00fcr alle Klagen, die der K\u00e4ufer im Rahmen dieser Garantie oder weiterer gesetzlicher Garantien erhebt, ist das Gericht von Venedig. Sollte Venezia Taxi in einem Rechtsstreit gewinnen, hat der Kl\u00e4ger Venezia Taxi die Kosten, einschlie\u00dflich Anwalts- und Gerichtskosten, zu erstatten.<\/p>\n<p><strong>POSTPONEMENT<\/strong><\/p>\n<p>F\u00fcr alles, was in diesem Vertrag nicht ausdr\u00fccklich vorgesehen ist, gelten die Bestimmungen des geltenden italienischen Rechts.[\/vc_column_text][vc_empty_space height=&#8221;20px&#8221; alter_height=&#8221;huge&#8221; hide_on_mobile=&#8221;&#8221;][\/vc_column][\/vc_row]<\/p>\n","protected":false},"excerpt":{"rendered":"<p>[vc_row][vc_column][vc_column_text css_animation=&#8221;fadeInUp&#8221; css=&#8221;.vc_custom_1648487085028{margin-right: 10% !important;margin-left: 10% !important; margin-top: 60px !important;}&#8221;]ALLGEMEINE INFORMATIONEN Die vorliegenden allgemeinen Verkaufsbedingungen betreffen den Kauf von Wassertaxi-Fahrkarten, der per Fernzugriff \u00fcber das Telematiknetz auf der Website www.veneziataxi.it, mit Sitz in Venedig, Sestiere Santa Croce, 328, erfolgt. Jede Kauftransaktion unterliegt den Bestimmungen des Gesetzesdekrets Nr. 185\/99, des Gesetzesdekrets Nr. 206\/05; die auf den Vertragsabschluss gerichteten Informationen unterliegen dem&hellip;<\/p>\n","protected":false},"author":1,"featured_media":0,"parent":0,"menu_order":0,"comment_status":"closed","ping_status":"closed","template":"","meta":{"footnotes":""},"class_list":["post-2157","page","type-page","status-publish","hentry"],"yoast_head":"<!-- This site is optimized with the Yoast SEO plugin v27.3 - https:\/\/yoast.com\/product\/yoast-seo-wordpress\/ -->\n<title>Bedingungen und Konditionen - Venezia Taxi<\/title>\n<meta name=\"robots\" content=\"index, follow, max-snippet:-1, max-image-preview:large, max-video-preview:-1\" \/>\n<link rel=\"canonical\" href=\"https:\/\/veneziataxi.it\/de\/bedingungen-und-konditionen\/\" \/>\n<meta property=\"og:locale\" content=\"de_DE\" \/>\n<meta property=\"og:type\" content=\"article\" \/>\n<meta property=\"og:title\" content=\"Bedingungen und Konditionen - Venezia Taxi\" \/>\n<meta property=\"og:description\" content=\"[vc_row][vc_column][vc_column_text css_animation=&#8221;fadeInUp&#8221; css=&#8221;.vc_custom_1648487085028{margin-right: 10% !important;margin-left: 10% !important; margin-top: 60px !important;}&#8221;]ALLGEMEINE INFORMATIONEN Die vorliegenden allgemeinen Verkaufsbedingungen betreffen den Kauf von Wassertaxi-Fahrkarten, der per Fernzugriff \u00fcber das Telematiknetz auf der Website www.veneziataxi.it, mit Sitz in Venedig, Sestiere Santa Croce, 328, erfolgt. Jede Kauftransaktion unterliegt den Bestimmungen des Gesetzesdekrets Nr. 185\/99, des Gesetzesdekrets Nr. 206\/05; die auf den Vertragsabschluss gerichteten Informationen unterliegen dem&hellip;\" \/>\n<meta property=\"og:url\" content=\"https:\/\/veneziataxi.it\/de\/bedingungen-und-konditionen\/\" \/>\n<meta property=\"og:site_name\" content=\"Venezia Taxi\" \/>\n<meta property=\"article:publisher\" content=\"https:\/\/www.facebook.com\/profile.php?id=100063518532145\" \/>\n<meta property=\"article:modified_time\" content=\"2023-01-02T18:55:03+00:00\" \/>\n<meta name=\"twitter:card\" content=\"summary_large_image\" \/>\n<meta name=\"twitter:label1\" content=\"Gesch\u00e4tzte Lesezeit\" \/>\n\t<meta name=\"twitter:data1\" content=\"6\u00a0Minuten\" \/>\n<script type=\"application\/ld+json\" class=\"yoast-schema-graph\">{\"@context\":\"https:\\\/\\\/schema.org\",\"@graph\":[{\"@type\":\"WebPage\",\"@id\":\"https:\\\/\\\/veneziataxi.it\\\/de\\\/bedingungen-und-konditionen\\\/\",\"url\":\"https:\\\/\\\/veneziataxi.it\\\/de\\\/bedingungen-und-konditionen\\\/\",\"name\":\"Bedingungen und Konditionen - Venezia Taxi\",\"isPartOf\":{\"@id\":\"https:\\\/\\\/veneziataxi.it\\\/de\\\/#website\"},\"datePublished\":\"2022-03-14T11:20:50+00:00\",\"dateModified\":\"2023-01-02T18:55:03+00:00\",\"breadcrumb\":{\"@id\":\"https:\\\/\\\/veneziataxi.it\\\/de\\\/bedingungen-und-konditionen\\\/#breadcrumb\"},\"inLanguage\":\"de\",\"potentialAction\":[{\"@type\":\"ReadAction\",\"target\":[\"https:\\\/\\\/veneziataxi.it\\\/de\\\/bedingungen-und-konditionen\\\/\"]}]},{\"@type\":\"BreadcrumbList\",\"@id\":\"https:\\\/\\\/veneziataxi.it\\\/de\\\/bedingungen-und-konditionen\\\/#breadcrumb\",\"itemListElement\":[{\"@type\":\"ListItem\",\"position\":1,\"name\":\"Home\",\"item\":\"https:\\\/\\\/veneziataxi.it\\\/de\\\/\"},{\"@type\":\"ListItem\",\"position\":2,\"name\":\"Bedingungen und Konditionen\"}]},{\"@type\":\"WebSite\",\"@id\":\"https:\\\/\\\/veneziataxi.it\\\/de\\\/#website\",\"url\":\"https:\\\/\\\/veneziataxi.it\\\/de\\\/\",\"name\":\"Venezia Taxi\",\"description\":\"Il tuo taxi acqueo a Venezia\",\"publisher\":{\"@id\":\"https:\\\/\\\/veneziataxi.it\\\/de\\\/#organization\"},\"potentialAction\":[{\"@type\":\"SearchAction\",\"target\":{\"@type\":\"EntryPoint\",\"urlTemplate\":\"https:\\\/\\\/veneziataxi.it\\\/de\\\/?s={search_term_string}\"},\"query-input\":{\"@type\":\"PropertyValueSpecification\",\"valueRequired\":true,\"valueName\":\"search_term_string\"}}],\"inLanguage\":\"de\"},{\"@type\":\"Organization\",\"@id\":\"https:\\\/\\\/veneziataxi.it\\\/de\\\/#organization\",\"name\":\"Venezia Taxi\",\"url\":\"https:\\\/\\\/veneziataxi.it\\\/de\\\/\",\"logo\":{\"@type\":\"ImageObject\",\"inLanguage\":\"de\",\"@id\":\"https:\\\/\\\/veneziataxi.it\\\/de\\\/#\\\/schema\\\/logo\\\/image\\\/\",\"url\":\"https:\\\/\\\/veneziataxi.it\\\/wp-content\\\/uploads\\\/2022\\\/01\\\/cropped-ico.jpg\",\"contentUrl\":\"https:\\\/\\\/veneziataxi.it\\\/wp-content\\\/uploads\\\/2022\\\/01\\\/cropped-ico.jpg\",\"width\":512,\"height\":512,\"caption\":\"Venezia Taxi\"},\"image\":{\"@id\":\"https:\\\/\\\/veneziataxi.it\\\/de\\\/#\\\/schema\\\/logo\\\/image\\\/\"},\"sameAs\":[\"https:\\\/\\\/www.facebook.com\\\/profile.php?id=100063518532145\"]}]}<\/script>\n<!-- \/ Yoast SEO plugin. -->","yoast_head_json":{"title":"Bedingungen und Konditionen - Venezia Taxi","robots":{"index":"index","follow":"follow","max-snippet":"max-snippet:-1","max-image-preview":"max-image-preview:large","max-video-preview":"max-video-preview:-1"},"canonical":"https:\/\/veneziataxi.it\/de\/bedingungen-und-konditionen\/","og_locale":"de_DE","og_type":"article","og_title":"Bedingungen und Konditionen - Venezia Taxi","og_description":"[vc_row][vc_column][vc_column_text css_animation=&#8221;fadeInUp&#8221; css=&#8221;.vc_custom_1648487085028{margin-right: 10% !important;margin-left: 10% !important; margin-top: 60px !important;}&#8221;]ALLGEMEINE INFORMATIONEN Die vorliegenden allgemeinen Verkaufsbedingungen betreffen den Kauf von Wassertaxi-Fahrkarten, der per Fernzugriff \u00fcber das Telematiknetz auf der Website www.veneziataxi.it, mit Sitz in Venedig, Sestiere Santa Croce, 328, erfolgt. Jede Kauftransaktion unterliegt den Bestimmungen des Gesetzesdekrets Nr. 185\/99, des Gesetzesdekrets Nr. 206\/05; die auf den Vertragsabschluss gerichteten Informationen unterliegen dem&hellip;","og_url":"https:\/\/veneziataxi.it\/de\/bedingungen-und-konditionen\/","og_site_name":"Venezia Taxi","article_publisher":"https:\/\/www.facebook.com\/profile.php?id=100063518532145","article_modified_time":"2023-01-02T18:55:03+00:00","twitter_card":"summary_large_image","twitter_misc":{"Gesch\u00e4tzte Lesezeit":"6\u00a0Minuten"},"schema":{"@context":"https:\/\/schema.org","@graph":[{"@type":"WebPage","@id":"https:\/\/veneziataxi.it\/de\/bedingungen-und-konditionen\/","url":"https:\/\/veneziataxi.it\/de\/bedingungen-und-konditionen\/","name":"Bedingungen und Konditionen - Venezia Taxi","isPartOf":{"@id":"https:\/\/veneziataxi.it\/de\/#website"},"datePublished":"2022-03-14T11:20:50+00:00","dateModified":"2023-01-02T18:55:03+00:00","breadcrumb":{"@id":"https:\/\/veneziataxi.it\/de\/bedingungen-und-konditionen\/#breadcrumb"},"inLanguage":"de","potentialAction":[{"@type":"ReadAction","target":["https:\/\/veneziataxi.it\/de\/bedingungen-und-konditionen\/"]}]},{"@type":"BreadcrumbList","@id":"https:\/\/veneziataxi.it\/de\/bedingungen-und-konditionen\/#breadcrumb","itemListElement":[{"@type":"ListItem","position":1,"name":"Home","item":"https:\/\/veneziataxi.it\/de\/"},{"@type":"ListItem","position":2,"name":"Bedingungen und Konditionen"}]},{"@type":"WebSite","@id":"https:\/\/veneziataxi.it\/de\/#website","url":"https:\/\/veneziataxi.it\/de\/","name":"Venezia Taxi","description":"Il tuo taxi acqueo a Venezia","publisher":{"@id":"https:\/\/veneziataxi.it\/de\/#organization"},"potentialAction":[{"@type":"SearchAction","target":{"@type":"EntryPoint","urlTemplate":"https:\/\/veneziataxi.it\/de\/?s={search_term_string}"},"query-input":{"@type":"PropertyValueSpecification","valueRequired":true,"valueName":"search_term_string"}}],"inLanguage":"de"},{"@type":"Organization","@id":"https:\/\/veneziataxi.it\/de\/#organization","name":"Venezia Taxi","url":"https:\/\/veneziataxi.it\/de\/","logo":{"@type":"ImageObject","inLanguage":"de","@id":"https:\/\/veneziataxi.it\/de\/#\/schema\/logo\/image\/","url":"https:\/\/veneziataxi.it\/wp-content\/uploads\/2022\/01\/cropped-ico.jpg","contentUrl":"https:\/\/veneziataxi.it\/wp-content\/uploads\/2022\/01\/cropped-ico.jpg","width":512,"height":512,"caption":"Venezia Taxi"},"image":{"@id":"https:\/\/veneziataxi.it\/de\/#\/schema\/logo\/image\/"},"sameAs":["https:\/\/www.facebook.com\/profile.php?id=100063518532145"]}]}},"_links":{"self":[{"href":"https:\/\/veneziataxi.it\/de\/wp-json\/wp\/v2\/pages\/2157","targetHints":{"allow":["GET"]}}],"collection":[{"href":"https:\/\/veneziataxi.it\/de\/wp-json\/wp\/v2\/pages"}],"about":[{"href":"https:\/\/veneziataxi.it\/de\/wp-json\/wp\/v2\/types\/page"}],"author":[{"embeddable":true,"href":"https:\/\/veneziataxi.it\/de\/wp-json\/wp\/v2\/users\/1"}],"replies":[{"embeddable":true,"href":"https:\/\/veneziataxi.it\/de\/wp-json\/wp\/v2\/comments?post=2157"}],"version-history":[{"count":5,"href":"https:\/\/veneziataxi.it\/de\/wp-json\/wp\/v2\/pages\/2157\/revisions"}],"predecessor-version":[{"id":2162,"href":"https:\/\/veneziataxi.it\/de\/wp-json\/wp\/v2\/pages\/2157\/revisions\/2162"}],"wp:attachment":[{"href":"https:\/\/veneziataxi.it\/de\/wp-json\/wp\/v2\/media?parent=2157"}],"curies":[{"name":"wp","href":"https:\/\/api.w.org\/{rel}","templated":true}]}}