{"id":2163,"date":"2022-03-14T12:08:11","date_gmt":"2022-03-14T11:08:11","guid":{"rendered":"https:\/\/veneziataxi.it\/?page_id=2163"},"modified":"2023-01-02T20:02:47","modified_gmt":"2023-01-02T19:02:47","slug":"datenschutzbestimmungen","status":"publish","type":"page","link":"https:\/\/veneziataxi.it\/de\/datenschutzbestimmungen\/","title":{"rendered":"Datenschutzbestimmungen"},"content":{"rendered":"<p>[vc_row][vc_column][vc_empty_space height=&#8221;30px&#8221; alter_height=&#8221;large&#8221; hide_on_mobile=&#8221;&#8221;][vc_column_text css_animation=&#8221;fadeInUp&#8221; css=&#8221;.vc_custom_1647256381369{margin-right: 10% !important;margin-left: 10% !important;}&#8221;]<strong>Datenschutzbestimmungen<\/strong><\/p>\n<p>Consorzio Venezia Taxi wird nur die Informationen verwenden, die es rechtm\u00e4\u00dfig \u00fcber Sie sammelt. Wir sammeln Informationen \u00fcber Sie aus 2 Gr\u00fcnden: erstens, um Ihre Bestellung zu bearbeiten und zweitens, um Ihnen den bestm\u00f6glichen Service zu bieten. Wir werden Ihnen in Zukunft nur dann E-Mails schicken, wenn Sie uns zuvor Ihre Zustimmung gegeben haben.<\/p>\n<p>Die Art der Informationen, die wir \u00fcber Sie sammeln, wenn Sie eine Bestellung aufgeben oder sich auf unserer Website registrieren, umfasst:<\/p>\n<p>\u2022 Name und Anschrift<\/p>\n<p>\u2022 Rufnummer<\/p>\n<p>\u2022 E-Mail Adresse<\/p>\n<p>\u2022 WooCommerce oder Paypal verarbeiten die Kartendaten auf ihrer sicheren Website, um die Zahlung f\u00fcr alle auf www.veneziataxi.it aufgegebenen Bestellungen zu akzeptieren.Die oben genannten Informationen werden in unseren internen Systemen gespeichert, und unsere Website best\u00e4tigt lediglich, dass Sie ein Kunde von Venezia Taxi sind. Wir bem\u00fchen uns sicherzustellen, dass die Informationen, die wir \u00fcber Sie haben, korrekt und aktuell sind. Sie k\u00f6nnen die Informationen, die wir \u00fcber Sie gespeichert haben, \u00fcberpr\u00fcfen, indem Sie an info@veneziataxi.it schreiben. Wenn Sie Ungenauigkeiten feststellen, werden wir diese umgehend l\u00f6schen oder korrigieren. Die von uns gespeicherten pers\u00f6nlichen Daten werden maximal 36 Monate lang sicher aufbewahrt, damit Venezia Taxi Sie \u00fcber seine neuen Initiativen auf dem Laufenden halten kann. Wir werden Ihre Daten niemals an Dritte weitergeben oder verkaufen. Wir k\u00f6nnen Technologien verwenden, um die Verhaltensmuster der Besucher unserer Website zu verfolgen (siehe Abschnitt &#8220;Cookies&#8221; und &#8220;Analyse-Tools&#8221;).<\/p>\n<p><b>Verwendung pers\u00f6nlicher Informationen<br \/>\n<\/b>Wir verwenden die zur Verf\u00fcgung gestellten Informationen f\u00fcr die folgenden Zwecke:<\/p>\n<p>\u2022 Um Aktualisierungen zum Status der Anfrage oder Bestellung zu senden<\/p>\n<p>Wenn Sie eine Bestellung aufgeben, m\u00fcssen wir Ihren Namen, Ihre E-Mail-Adresse und Ihre Kreditkarten- oder PayPal-Daten kennen. Dies erm\u00f6glicht uns, Ihre Bestellung zu bearbeiten und auszuf\u00fchren und Sie \u00fcber den Status Ihrer Anfrage zu informieren. Au\u00dferdem bitten wir Sie um Ihre Telefonnummer, damit wir Sie im Falle von Problemen mit Ihrer Buchung umgehend kontaktieren k\u00f6nnen.<\/p>\n<p><b>Ihre Zustimmung<br \/>\n<\/b>Mit der \u00dcbermittlung von Informationen an Venezia Taxi erkl\u00e4ren Sie sich mit der Sammlung und Nutzung dieser Informationen durch Venezia Taxi einverstanden. Wenn wir uns entscheiden, unsere Datenschutzrichtlinien zu \u00e4ndern, werden wir diese \u00c4nderungen auf dieser Seite ver\u00f6ffentlichen, damit Sie wissen, welche Informationen wir sammeln, wie wir sie verwenden und unter welchen Umst\u00e4nden wir sie weitergeben.<\/p>\n<p><b>Ihre E-Mail Adresse<br \/>\n<\/b>Ihre E-Mail-Adresse wird verwendet, um mit Ihnen \u00fcber Ihre Buchung zu kommunizieren.<\/p>\n<p><b>Sicherheit der Daten<br \/>\n<\/b>Wir haben unsere Website so gestaltet, dass die von uns online erfassten Informationen vor unbefugtem Zugriff gesch\u00fctzt sind. Wir sch\u00fctzen Ihre privaten Daten durch geeignete physische, elektronische und verwaltungstechnische Verfahren, um Ihre Privatsph\u00e4re zu sch\u00fctzen. Wir verpflichten uns, Ihre Privatsph\u00e4re zu sch\u00fctzen und Sicherheitsma\u00dfnahmen zu ergreifen, um den unbefugten Zugriff auf Ihre pers\u00f6nlichen Daten und deren Weitergabe zu verhindern.<\/p>\n<p><b>Verbesserung unserer Dienstleistungen<br \/>\n<\/b>Venezia Taxi verkauft oder handelt nicht mit Ihren pers\u00f6nlichen Daten und gibt sie auch nicht an Dritte weiter. Dar\u00fcber hinaus verwenden wir keine personenbezogenen Daten, die uns auf anderem Wege zur Verf\u00fcgung gestellt werden, ohne unseren Kunden die M\u00f6glichkeit zu geben, sich dagegen zu entscheiden oder auf andere Weise eine derartige Verwendung zu verhindern.<\/p>\n<p><b>Cookies<br \/>\n<\/b>Cookies sind alphanumerische Identifikatoren, die \u00fcber Ihren Webbrowser auf die Festplatte Ihres Computers (oder eines anderen Webbrowsers) \u00fcbertragen werden, damit unsere Systeme Ihren Browser erkennen und Einkaufsfunktionen wie Produktvorschl\u00e4ge und die Speicherung von Artikeln in Ihrem Einkaufswagen zwischen zwei Besuchen bereitstellen k\u00f6nnen. Im Hilfemen\u00fc der meisten g\u00e4ngigen Browser erfahren Sie, wie Sie den Browser daran hindern, neue Cookies zu akzeptieren, wie Sie den Browser dazu bringen, Sie zu benachrichtigen, wenn Sie ein neues Cookie erhalten, und wie Sie Cookies ganz deaktivieren k\u00f6nnen. Da Cookies jedoch die Nutzung einiger wesentlicher Funktionen von Venice Taxi erm\u00f6glichen, empfehlen wir Ihnen, sie eingeschaltet zu lassen. Weitere Informationen \u00fcber unsere Cookie-Richtlinie finden Sie hier.<\/p>\n<p><b>Analyse-Tools<br \/>\n<\/b>Google Analytics ist ein System, das von vielen Websites verwendet wird, um Informationen \u00fcber Besuche auf ihrer Website aufzuzeichnen. Google hat sechs verschiedene Cookies mit Verfallsdaten zwischen 30 Minuten und 2 Jahren gesetzt. Diese Cookies werden haupts\u00e4chlich verwendet, um Erstbesucher von Wiederholungsbesuchern zu unterscheiden. Sie helfen uns auch dabei, sicherzustellen, dass unsere Website f\u00fcr unsere Nutzer so gut wie m\u00f6glich ist. Cookies k\u00f6nnen eine anonyme Kundennummer erfassen, wenn ein Nutzer auf die Website zugreift. So k\u00f6nnen unsere Back-End-Systeme die Genauigkeit der Google Analytics-Daten sicherstellen und uns dabei helfen, dass Ihre Erfahrungen auf der Website auf allen Ger\u00e4ten relevant bleiben. Sie enthalten keine pers\u00f6nlich identifizierbaren Informationen.<\/p>\n<p><b>Plug-ins f\u00fcr soziale Medien<br \/>\n<\/b>Social-Media-Plug-ins f\u00fcr Facebook erheben Daten zu \u00dcberwachungszwecken.<\/p>\n<p><b>Internationaler Datenschutz<br \/>\n<\/b>Die oben genannte Datenschutzpolitik ist m\u00f6glicherweise nicht in allen L\u00e4ndern der Besucher von Venezia Taxi oder der registrierten Nutzer der Community anwendbar, da die Sicherheitsrichtlinien je nach den individuellen Internetgesetzen der einzelnen L\u00e4nder variieren k\u00f6nnen.<\/p>\n<p><b>Informationen<br \/>\n<\/b>Wir werden Ihre Informationen nicht an Dritte weitergeben. Sie k\u00f6nnen uns auch eine E-Mail schicken, um keine weiteren Informationen \u00fcber uns und unsere Dienstleistungen zu erhalten. Wenn Sie Fragen zu unseren Datenschutzrichtlinien haben, k\u00f6nnen Sie uns per E-Mail kontaktieren: <a href=\"mailto:info@veneziataxi.it\">info@veneziataxi.it<\/a>[\/vc_column_text][vc_empty_space height=&#8221;20px&#8221; alter_height=&#8221;huge&#8221; hide_on_mobile=&#8221;&#8221;][\/vc_column][\/vc_row]<\/p>\n","protected":false},"excerpt":{"rendered":"<p>[vc_row][vc_column][vc_empty_space height=&#8221;30px&#8221; alter_height=&#8221;large&#8221; hide_on_mobile=&#8221;&#8221;][vc_column_text css_animation=&#8221;fadeInUp&#8221; css=&#8221;.vc_custom_1647256381369{margin-right: 10% !important;margin-left: 10% !important;}&#8221;]Datenschutzbestimmungen Consorzio Venezia Taxi wird nur die Informationen verwenden, die es rechtm\u00e4\u00dfig \u00fcber Sie sammelt. Wir sammeln Informationen \u00fcber Sie aus 2 Gr\u00fcnden: erstens, um Ihre Bestellung zu bearbeiten und zweitens, um Ihnen den bestm\u00f6glichen Service zu bieten. Wir werden Ihnen in Zukunft nur dann E-Mails schicken, wenn Sie uns zuvor&hellip;<\/p>\n","protected":false},"author":1,"featured_media":0,"parent":0,"menu_order":0,"comment_status":"closed","ping_status":"closed","template":"","meta":{"footnotes":""},"class_list":["post-2163","page","type-page","status-publish","hentry"],"yoast_head":"<!-- This site is optimized with the Yoast SEO plugin v27.4 - https:\/\/yoast.com\/product\/yoast-seo-wordpress\/ -->\n<title>Datenschutzbestimmungen - Venezia Taxi<\/title>\n<meta name=\"robots\" content=\"index, follow, max-snippet:-1, max-image-preview:large, max-video-preview:-1\" \/>\n<link rel=\"canonical\" href=\"https:\/\/veneziataxi.it\/de\/datenschutzbestimmungen\/\" \/>\n<meta property=\"og:locale\" content=\"de_DE\" \/>\n<meta property=\"og:type\" content=\"article\" \/>\n<meta property=\"og:title\" content=\"Datenschutzbestimmungen - Venezia Taxi\" \/>\n<meta property=\"og:description\" content=\"[vc_row][vc_column][vc_empty_space height=&#8221;30px&#8221; alter_height=&#8221;large&#8221; hide_on_mobile=&#8221;&#8221;][vc_column_text css_animation=&#8221;fadeInUp&#8221; css=&#8221;.vc_custom_1647256381369{margin-right: 10% !important;margin-left: 10% !important;}&#8221;]Datenschutzbestimmungen Consorzio Venezia Taxi wird nur die Informationen verwenden, die es rechtm\u00e4\u00dfig \u00fcber Sie sammelt. Wir sammeln Informationen \u00fcber Sie aus 2 Gr\u00fcnden: erstens, um Ihre Bestellung zu bearbeiten und zweitens, um Ihnen den bestm\u00f6glichen Service zu bieten. Wir werden Ihnen in Zukunft nur dann E-Mails schicken, wenn Sie uns zuvor&hellip;\" \/>\n<meta property=\"og:url\" content=\"https:\/\/veneziataxi.it\/de\/datenschutzbestimmungen\/\" \/>\n<meta property=\"og:site_name\" content=\"Venezia Taxi\" \/>\n<meta property=\"article:publisher\" content=\"https:\/\/www.facebook.com\/profile.php?id=100063518532145\" \/>\n<meta property=\"article:modified_time\" content=\"2023-01-02T19:02:47+00:00\" \/>\n<meta name=\"twitter:card\" content=\"summary_large_image\" \/>\n<meta name=\"twitter:label1\" content=\"Gesch\u00e4tzte Lesezeit\" \/>\n\t<meta name=\"twitter:data1\" content=\"5\u00a0Minuten\" \/>\n<script type=\"application\/ld+json\" class=\"yoast-schema-graph\">{\"@context\":\"https:\\\/\\\/schema.org\",\"@graph\":[{\"@type\":\"WebPage\",\"@id\":\"https:\\\/\\\/veneziataxi.it\\\/de\\\/datenschutzbestimmungen\\\/\",\"url\":\"https:\\\/\\\/veneziataxi.it\\\/de\\\/datenschutzbestimmungen\\\/\",\"name\":\"Datenschutzbestimmungen - Venezia Taxi\",\"isPartOf\":{\"@id\":\"https:\\\/\\\/veneziataxi.it\\\/de\\\/#website\"},\"datePublished\":\"2022-03-14T11:08:11+00:00\",\"dateModified\":\"2023-01-02T19:02:47+00:00\",\"breadcrumb\":{\"@id\":\"https:\\\/\\\/veneziataxi.it\\\/de\\\/datenschutzbestimmungen\\\/#breadcrumb\"},\"inLanguage\":\"de\",\"potentialAction\":[{\"@type\":\"ReadAction\",\"target\":[\"https:\\\/\\\/veneziataxi.it\\\/de\\\/datenschutzbestimmungen\\\/\"]}]},{\"@type\":\"BreadcrumbList\",\"@id\":\"https:\\\/\\\/veneziataxi.it\\\/de\\\/datenschutzbestimmungen\\\/#breadcrumb\",\"itemListElement\":[{\"@type\":\"ListItem\",\"position\":1,\"name\":\"Home\",\"item\":\"https:\\\/\\\/veneziataxi.it\\\/de\\\/\"},{\"@type\":\"ListItem\",\"position\":2,\"name\":\"Datenschutzbestimmungen\"}]},{\"@type\":\"WebSite\",\"@id\":\"https:\\\/\\\/veneziataxi.it\\\/de\\\/#website\",\"url\":\"https:\\\/\\\/veneziataxi.it\\\/de\\\/\",\"name\":\"Venezia Taxi\",\"description\":\"Il tuo taxi acqueo a Venezia\",\"publisher\":{\"@id\":\"https:\\\/\\\/veneziataxi.it\\\/de\\\/#organization\"},\"potentialAction\":[{\"@type\":\"SearchAction\",\"target\":{\"@type\":\"EntryPoint\",\"urlTemplate\":\"https:\\\/\\\/veneziataxi.it\\\/de\\\/?s={search_term_string}\"},\"query-input\":{\"@type\":\"PropertyValueSpecification\",\"valueRequired\":true,\"valueName\":\"search_term_string\"}}],\"inLanguage\":\"de\"},{\"@type\":\"Organization\",\"@id\":\"https:\\\/\\\/veneziataxi.it\\\/de\\\/#organization\",\"name\":\"Venezia Taxi\",\"url\":\"https:\\\/\\\/veneziataxi.it\\\/de\\\/\",\"logo\":{\"@type\":\"ImageObject\",\"inLanguage\":\"de\",\"@id\":\"https:\\\/\\\/veneziataxi.it\\\/de\\\/#\\\/schema\\\/logo\\\/image\\\/\",\"url\":\"https:\\\/\\\/veneziataxi.it\\\/wp-content\\\/uploads\\\/2022\\\/01\\\/cropped-ico.jpg\",\"contentUrl\":\"https:\\\/\\\/veneziataxi.it\\\/wp-content\\\/uploads\\\/2022\\\/01\\\/cropped-ico.jpg\",\"width\":512,\"height\":512,\"caption\":\"Venezia Taxi\"},\"image\":{\"@id\":\"https:\\\/\\\/veneziataxi.it\\\/de\\\/#\\\/schema\\\/logo\\\/image\\\/\"},\"sameAs\":[\"https:\\\/\\\/www.facebook.com\\\/profile.php?id=100063518532145\"]}]}<\/script>\n<!-- \/ Yoast SEO plugin. -->","yoast_head_json":{"title":"Datenschutzbestimmungen - Venezia Taxi","robots":{"index":"index","follow":"follow","max-snippet":"max-snippet:-1","max-image-preview":"max-image-preview:large","max-video-preview":"max-video-preview:-1"},"canonical":"https:\/\/veneziataxi.it\/de\/datenschutzbestimmungen\/","og_locale":"de_DE","og_type":"article","og_title":"Datenschutzbestimmungen - Venezia Taxi","og_description":"[vc_row][vc_column][vc_empty_space height=&#8221;30px&#8221; alter_height=&#8221;large&#8221; hide_on_mobile=&#8221;&#8221;][vc_column_text css_animation=&#8221;fadeInUp&#8221; css=&#8221;.vc_custom_1647256381369{margin-right: 10% !important;margin-left: 10% !important;}&#8221;]Datenschutzbestimmungen Consorzio Venezia Taxi wird nur die Informationen verwenden, die es rechtm\u00e4\u00dfig \u00fcber Sie sammelt. Wir sammeln Informationen \u00fcber Sie aus 2 Gr\u00fcnden: erstens, um Ihre Bestellung zu bearbeiten und zweitens, um Ihnen den bestm\u00f6glichen Service zu bieten. Wir werden Ihnen in Zukunft nur dann E-Mails schicken, wenn Sie uns zuvor&hellip;","og_url":"https:\/\/veneziataxi.it\/de\/datenschutzbestimmungen\/","og_site_name":"Venezia Taxi","article_publisher":"https:\/\/www.facebook.com\/profile.php?id=100063518532145","article_modified_time":"2023-01-02T19:02:47+00:00","twitter_card":"summary_large_image","twitter_misc":{"Gesch\u00e4tzte Lesezeit":"5\u00a0Minuten"},"schema":{"@context":"https:\/\/schema.org","@graph":[{"@type":"WebPage","@id":"https:\/\/veneziataxi.it\/de\/datenschutzbestimmungen\/","url":"https:\/\/veneziataxi.it\/de\/datenschutzbestimmungen\/","name":"Datenschutzbestimmungen - Venezia Taxi","isPartOf":{"@id":"https:\/\/veneziataxi.it\/de\/#website"},"datePublished":"2022-03-14T11:08:11+00:00","dateModified":"2023-01-02T19:02:47+00:00","breadcrumb":{"@id":"https:\/\/veneziataxi.it\/de\/datenschutzbestimmungen\/#breadcrumb"},"inLanguage":"de","potentialAction":[{"@type":"ReadAction","target":["https:\/\/veneziataxi.it\/de\/datenschutzbestimmungen\/"]}]},{"@type":"BreadcrumbList","@id":"https:\/\/veneziataxi.it\/de\/datenschutzbestimmungen\/#breadcrumb","itemListElement":[{"@type":"ListItem","position":1,"name":"Home","item":"https:\/\/veneziataxi.it\/de\/"},{"@type":"ListItem","position":2,"name":"Datenschutzbestimmungen"}]},{"@type":"WebSite","@id":"https:\/\/veneziataxi.it\/de\/#website","url":"https:\/\/veneziataxi.it\/de\/","name":"Venezia Taxi","description":"Il tuo taxi acqueo a Venezia","publisher":{"@id":"https:\/\/veneziataxi.it\/de\/#organization"},"potentialAction":[{"@type":"SearchAction","target":{"@type":"EntryPoint","urlTemplate":"https:\/\/veneziataxi.it\/de\/?s={search_term_string}"},"query-input":{"@type":"PropertyValueSpecification","valueRequired":true,"valueName":"search_term_string"}}],"inLanguage":"de"},{"@type":"Organization","@id":"https:\/\/veneziataxi.it\/de\/#organization","name":"Venezia Taxi","url":"https:\/\/veneziataxi.it\/de\/","logo":{"@type":"ImageObject","inLanguage":"de","@id":"https:\/\/veneziataxi.it\/de\/#\/schema\/logo\/image\/","url":"https:\/\/veneziataxi.it\/wp-content\/uploads\/2022\/01\/cropped-ico.jpg","contentUrl":"https:\/\/veneziataxi.it\/wp-content\/uploads\/2022\/01\/cropped-ico.jpg","width":512,"height":512,"caption":"Venezia Taxi"},"image":{"@id":"https:\/\/veneziataxi.it\/de\/#\/schema\/logo\/image\/"},"sameAs":["https:\/\/www.facebook.com\/profile.php?id=100063518532145"]}]}},"_links":{"self":[{"href":"https:\/\/veneziataxi.it\/de\/wp-json\/wp\/v2\/pages\/2163","targetHints":{"allow":["GET"]}}],"collection":[{"href":"https:\/\/veneziataxi.it\/de\/wp-json\/wp\/v2\/pages"}],"about":[{"href":"https:\/\/veneziataxi.it\/de\/wp-json\/wp\/v2\/types\/page"}],"author":[{"embeddable":true,"href":"https:\/\/veneziataxi.it\/de\/wp-json\/wp\/v2\/users\/1"}],"replies":[{"embeddable":true,"href":"https:\/\/veneziataxi.it\/de\/wp-json\/wp\/v2\/comments?post=2163"}],"version-history":[{"count":1,"href":"https:\/\/veneziataxi.it\/de\/wp-json\/wp\/v2\/pages\/2163\/revisions"}],"predecessor-version":[{"id":2164,"href":"https:\/\/veneziataxi.it\/de\/wp-json\/wp\/v2\/pages\/2163\/revisions\/2164"}],"wp:attachment":[{"href":"https:\/\/veneziataxi.it\/de\/wp-json\/wp\/v2\/media?parent=2163"}],"curies":[{"name":"wp","href":"https:\/\/api.w.org\/{rel}","templated":true}]}}