{"id":2165,"date":"2022-03-14T11:53:25","date_gmt":"2022-03-14T10:53:25","guid":{"rendered":"https:\/\/veneziataxi.it\/?page_id=2165"},"modified":"2023-01-02T21:52:07","modified_gmt":"2023-01-02T20:52:07","slug":"verwendung-von-cookies","status":"publish","type":"page","link":"https:\/\/veneziataxi.it\/de\/verwendung-von-cookies\/","title":{"rendered":"Verwendung von Cookies"},"content":{"rendered":"<p>[vc_row][vc_column][vc_empty_space height=&#8221;30px&#8221; alter_height=&#8221;large&#8221; hide_on_mobile=&#8221;&#8221;][vc_column_text css_animation=&#8221;fadeInUp&#8221; css=&#8221;.vc_custom_1647255570095{margin-right: 10% !important;margin-left: 10% !important;}&#8221;]<strong>Nachfolgend informieren wir Sie in transparenter Weise \u00fcber den Einsatz von so genannten Cookies auf dieser Website (im Folgenden &#8220;Site&#8221; genannt).<\/strong><\/p>\n<p><strong>Definition von &#8216;Cookie&#8217;.<\/strong><\/p>\n<p>Cookies sind kurze Textfragmente (Buchstaben und\/oder Zahlen), die es dem Webserver erm\u00f6glichen, Informationen auf dem Client (dem Browser, z. B. Internet Explorer, Chrome, Firefox, Opera&#8230;) zu speichern, um sie bei demselben Besuch der Website (Sitzungscookies) oder sp\u00e4ter, sogar nach mehreren Tagen (dauerhafte Cookies), wieder zu verwenden. Cookies werden je nach den Pr\u00e4ferenzen des Nutzers von dem jeweiligen Browser auf dem verwendeten Ger\u00e4t (Computer, Tablet, Smartphone) gespeichert.<\/p>\n<p>\u00c4hnliche Technologien, wie z. B. Web-Beacons, transparente Gifs und alle mit html5 eingef\u00fchrten Formen der lokalen Speicherung, k\u00f6nnen verwendet werden, um Informationen \u00fcber das Nutzerverhalten und die Nutzung von Diensten zu sammeln.<\/p>\n<p>Ein Cookie kann keine anderen Daten von der Festplatte des Nutzers abrufen, keine Computerviren \u00fcbertragen oder E-Mail-Adressen erwerben. Jedes Cookie ist einzigartig f\u00fcr den Webbrowser des Nutzers. Einige der Funktionen von Cookies k\u00f6nnen an andere Technologien delegiert werden. Der Begriff &#8220;Cookie&#8221; bezieht sich auf Cookies und alle \u00e4hnlichen Technologien.<\/p>\n<p>Es lassen sich verschiedene Arten von Cookies nach ihren Eigenschaften und ihrer Verwendung unterscheiden:<\/p>\n<p><strong>Streng notwendige technische Cookies<\/strong>. Diese Cookies sind f\u00fcr das ordnungsgem\u00e4\u00dfe Funktionieren einer Website unverzichtbar und werden f\u00fcr die Verwaltung verschiedener Dienste im Zusammenhang mit Websites verwendet (z. B. f\u00fcr die Anmeldung oder den Zugriff auf reservierte Funktionen auf den Websites). Die Dauer der Cookies ist streng auf die Arbeitssitzung beschr\u00e4nkt, sie k\u00f6nnen aber auch f\u00fcr einen l\u00e4ngeren Zeitraum verwendet werden, um sich die Entscheidungen des Besuchers zu merken. Die Deaktivierung der unbedingt erforderlichen Cookies kann die Nutzung und Navigation der Website beeintr\u00e4chtigen.<\/p>\n<p><strong>Analyse- und Leistungs-Cookies<\/strong>. Diese Cookies dienen der anonymen Erfassung und Analyse des Datenverkehrs und der Nutzung einer Website. Diese Cookies identifizieren den Nutzer zwar nicht, erm\u00f6glichen es aber beispielsweise festzustellen, ob ein und derselbe Nutzer zu verschiedenen Zeiten wiederkehrt. Sie erm\u00f6glichen es auch, das System zu \u00fcberwachen und seine Leistung und Benutzerfreundlichkeit zu verbessern. Die Deaktivierung dieser Cookies kann ohne Funktionseinbu\u00dfen erfolgen und wird sp\u00e4ter ausf\u00fchrlich behandelt.<\/p>\n<p><strong>Profilierungs-Cookies<\/strong>. Dabei handelt es sich um permanente Cookies, die dazu dienen, die Pr\u00e4ferenzen des Nutzers (anonym und nicht anonym) zu erkennen und sein Surferlebnis zu verbessern. Beim Surfen auf einer Website kann der Nutzer auch Cookies auf seinem Endger\u00e4t empfangen, die von verschiedenen Websites oder Webservern (so genannten &#8220;Dritten&#8221;) gesendet werden, auf denen sich einige Elemente befinden k\u00f6nnen (wie z. B. Bilder, Karten, T\u00f6ne, spezifische Links zu Seiten anderer Domains).<\/p>\n<p>Weitere Informationen \u00fcber diese Cookies, die nicht von der Website verwendet werden, finden Sie in dem entsprechenden Abschnitt unter <a href=\"http:\/\/www.garanteprivacy.it\/cookie\">http:\/\/www.Garanteprivacy.It\/cookie<\/a>.<span class=\"Apple-converted-space\">\u00a0<\/span><\/p>\n<p><strong>Zweck der Verarbeitung und Zweck der technischen Sitzungscookies.<\/strong><\/p>\n<p>Die technischen Cookies, die auf der Website verwendet werden, haben den alleinigen Zweck, die Authentifizierung des Computers oder die \u00dcberwachung der Sitzung durchzuf\u00fchren und spezifische technische Informationen \u00fcber die Benutzer zu speichern, die auf die Server des f\u00fcr die Verwaltung der Website Verantwortlichen zugreifen. In dieser Hinsicht k\u00f6nnten einige Vorg\u00e4nge auf der Website nicht ohne die Verwendung von Cookies durchgef\u00fchrt werden, die daher in solchen F\u00e4llen technisch notwendig sind. So w\u00e4ren beispielsweise der Zugang zu reservierten Bereichen der Website und die dort m\u00f6glichen Aktivit\u00e4ten ohne Cookies, die die Identifizierung des Nutzers und die Aufrechterhaltung seiner Identifizierung innerhalb der Sitzung erm\u00f6glichen, sehr viel komplexer und weniger sicher.<\/p>\n<p>Um zu einer korrekten Regelung dieser Ger\u00e4te zu gelangen, ist es notwendig, sie zu unterscheiden, da es keine technischen Merkmale gibt, die sie genau nach den Zwecken unterscheiden, die von denjenigen verfolgt werden, die sie benutzen. Auch der Gesetzgeber selbst hat sich in diese Richtung bewegt, indem er in Umsetzung der Bestimmungen der Richtlinie 2009\/136\/EG die vorherige und informierte Zustimmung der Nutzer f\u00fcr die Installation von Cookies, die f\u00fcr andere als rein technische Zwecke verwendet werden, zwingend vorschreibt (siehe Art. 1, Absatz 5, Buchstabe A) des Gesetzesdekrets Nr. Das gleiche europ\u00e4ische Gremium, in dem alle Datenschutzbeh\u00f6rden der verschiedenen Mitgliedstaaten zusammengeschlossen sind (die so genannte &#8220;Artikel 29&#8221;-Gruppe), hat in seiner Stellungnahme 4\/2012 (wp194) mit dem Titel &#8220;Ausnahmen von der Einwilligungspflicht f\u00fcr die Verwendung von Cookies&#8221; unter anderem klargestellt, dass es Cookies gibt, f\u00fcr die keine vorherige und in Kenntnis der Sachlage erteilte Einwilligung des Nutzers erforderlich ist:<\/p>\n<p>1. Cookies mit vom Nutzer eingegebenen Daten (Sitzungskennung), die eine Sitzung \u00fcberdauern, oder dauerhafte Cookies, die in einigen F\u00e4llen auf einige Stunden begrenzt sind;<\/p>\n<p>2. Authentifizierungs-Cookies, die f\u00fcr authentifizierte Dienste verwendet werden und eine Sitzung dauern;<\/p>\n<p>3. Nutzerzentrierte Sicherheits-Cookies, die zur Erkennung von Authentifizierungsmissbrauch verwendet werden und eine begrenzte Dauer haben;<\/p>\n<p>4. Sitzungscookies f\u00fcr Medienplayer, wie z. B. Cookies f\u00fcr &#8220;Flash&#8221;-Player, die eine Sitzung dauern;<\/p>\n<p>5. Sitzungs-Cookie f\u00fcr den Lastausgleich, Dauer einer Sitzung;<\/p>\n<p>6. Dauerhafte Cookies f\u00fcr die Anpassung der Benutzeroberfl\u00e4che, die eine Sitzung (oder etwas l\u00e4nger) dauern;<\/p>\n<p>7. Cookies f\u00fcr die gemeinsame Nutzung von Inhalten \u00fcber Social Plug-ins von Drittanbietern f\u00fcr eingeloggte Mitglieder eines sozialen Netzwerks.<\/p>\n<p>Der f\u00fcr die Verarbeitung Verantwortliche teilt daher mit, dass auf der Website nur technische Cookies (wie die oben aufgef\u00fchrten) eingesetzt werden, die f\u00fcr die Navigation auf der Website erforderlich sind, da sie wesentliche Funktionen wie Authentifizierung, Validierung, Verwaltung einer Browsing-Sitzung und Betrugsverh\u00fctung erm\u00f6glichen und beispielsweise die Feststellung erm\u00f6glichen, ob der Nutzer regelm\u00e4\u00dfig auf Bereiche der Website zugegriffen hat, die eine vorherige Authentifizierung oder Validierung des Nutzers erfordern, sowie die Verwaltung von Sitzungen im Zusammenhang mit den verschiedenen Diensten und Anwendungen oder die Speicherung von Daten f\u00fcr den Zugang im gesicherten Modus oder Kontroll- und Betrugsverh\u00fctungsfunktionen.<\/p>\n<p>Um eine gr\u00f6\u00dftm\u00f6gliche Transparenz zu gew\u00e4hrleisten, werden im Folgenden einige Beispiele f\u00fcr technische Cookies und spezifische Anwendungsf\u00e4lle auf der Website aufgef\u00fchrt:<\/p>\n<p>\u2022 Cookies, die direkt im Endger\u00e4t des Nutzers\/Auftragnehmers implantiert werden (und die f\u00fcr keine weiteren Zwecke verwendet werden), wie z. B. Sitzungscookies, die zum &#8220;F\u00fcllen des Warenkorbs&#8221; bei Online-Buchungen auf der Website verwendet werden, Authentifizierungscookies, Cookies f\u00fcr multimediale Inhalte wie Flash-Player, die die Dauer der Sitzung nicht \u00fcberschreiten, Personalisierungscookies (z. B. f\u00fcr die Auswahl der Navigationssprache, zum Abrufen der Kennung und des vollst\u00e4ndigen Passworts durch Eingabe der ersten Buchstaben usw.);<\/p>\n<p>\u2022 Cookies, die zur statistischen Analyse der Zugriffe\/Besuche auf der Website verwendet werden (&#8220;Analytics&#8221;-Cookies), die nur statistische Zwecke verfolgen (und keine Profiling- oder Marketingzwecke) und Informationen in aggregierter Form sammeln, ohne dass die M\u00f6glichkeit besteht, die Identit\u00e4t des einzelnen Nutzers zur\u00fcckzuverfolgen. Da die geltende Gesetzgebung f\u00fcr Analyse-Cookies vorschreibt, dass der Betroffene klar und angemessen \u00fcber die einfachen Methoden zur Ablehnung (Opt-out) ihrer Installation informiert werden muss (einschlie\u00dflich etwaiger Mechanismen zur Anonymisierung der Cookies selbst), weisen wir darauf hin, dass es in diesen F\u00e4llen m\u00f6glich ist, Analyse-Cookies wie folgt zu deaktivieren: \u00d6ffnen Sie Ihren Browser, w\u00e4hlen Sie das Men\u00fc &#8220;Einstellungen&#8221;, klicken Sie auf &#8220;Internetoptionen&#8221;, \u00f6ffnen Sie die Registerkarte &#8220;Datenschutz&#8221; und w\u00e4hlen Sie die gew\u00fcnschte Stufe der Cookie-Blockierung. Wenn Sie die bereits gespeicherten Cookies l\u00f6schen m\u00f6chten, \u00f6ffnen Sie einfach die Registerkarte &#8220;Sicherheit&#8221; und l\u00f6schen Sie den Verlauf, indem Sie das K\u00e4stchen &#8220;Cookies l\u00f6schen&#8221; anklicken.<\/p>\n<p><strong>Cookies von Dritten.<\/strong><\/p>\n<p>Wenn Sie eine Website besuchen, k\u00f6nnen Sie Cookies von Websites erhalten, die von anderen Organisationen (&#8220;Dritten&#8221;) betrieben werden, die in Italien oder im Ausland ans\u00e4ssig sein k\u00f6nnen.<\/p>\n<p>Ein Beispiel, das auf den meisten Websites zu finden ist, ist das Vorhandensein von youtube-Videos, google bees, die Verwendung von google maps und die Verwendung von &#8220;social plugins&#8221; f\u00fcr facebook, twitter, google+ und linkedin. Dies sind Teile der besuchten Seite, die direkt von diesen Websites generiert und in die Seite der Host-Site integriert werden. Die h\u00e4ufigste Verwendung von Social Plugins ist die Weitergabe von Inhalten in sozialen Netzwerken, um die Nutzererfahrung der Besucher zu verbessern.<\/p>\n<p>Das Vorhandensein dieser Plugins f\u00fchrt zur \u00dcbertragung von Cookies zu und von allen von Dritten betriebenen Websites. Die Verwaltung der von &#8220;Dritten&#8221; gesammelten Informationen wird durch die entsprechenden Richtlinien geregelt, auf die wir Sie verweisen. Aus Gr\u00fcnden der Transparenz und der Bequemlichkeit werden im Folgenden die Webadressen der verschiedenen Politiken und Methoden zur Verwaltung von Cookies angegeben, wobei darauf hingewiesen wird, dass der f\u00fcr die Verarbeitung Verantwortliche keine Verantwortung f\u00fcr den Einsatz von Cookies Dritter auf dieser Website tr\u00e4gt.<\/p>\n<ul>\n<li><strong>Google-Informationen<\/strong>:und vollst\u00e4ndige Informationen unter dem Link \u00fcber die Verwendung von Daten unter dem Link <a href=\"https:\/\/policies.google.com\/technologies\/cookies?Hl=it\">https:\/\/policies.Google.Com\/technologies\/cookies?Hl=it<\/a>\u00a0ed informativa completa al link\u00a0<a href=\"http:\/\/support.google.com\/analytics\/answer\/6004245\">http:\/\/support.Google.Com\/analytics\/answer\/6004245<\/a><span class=\"Apple-converted-space\">\u00a0<\/span><\/li>\n<\/ul>\n<ul>\n<li><strong>google (Konfiguration)<\/strong>: Die allgemeine Anleitung zum Ausstieg aus den google-Diensten (maps, youtube&#8230;) finden Sie unter <a href=\"http:\/\/support.google.com\/accounts\/answer\/61416?Hl=it\">http:\/\/support.Google.Com\/accounts\/answer\/61416?Hl=it<\/a><b><br \/>\n<\/b><\/li>\n<li><strong>Facebook-Informationen<\/strong>:\u00a0<a href=\"https:\/\/www.facebook.com\/help\/cookies\/\">https:\/\/www.facebook.com\/help\/cookies\/<\/a> und https:\/\/it.facebook.com\/about\/privacy\/cookies<\/li>\n<li><strong>Facebook (Konfiguration)<\/strong>: Zugang zu Ihrem Konto. Abschnitt Datenschutz. Oder folgen Sie den verschiedenen Anleitungen im Internet, z. B. https:\/\/support.mozilla.org\/en-US\/kb\/disablethird-party-cookies<\/li>\n<\/ul>\n<p>Sie k\u00f6nnen Ihren Browser so konfigurieren, dass er alle Cookies akzeptiert, alle Cookies ablehnt oder Sie warnt, wenn ein Cookie gesendet wurde. Jeder Browser ist anders. Klicken Sie daher auf das Hilfemen\u00fc Ihres Browsers, um zu erfahren, wie Sie Ihre Cookie-Einstellungen \u00e4ndern k\u00f6nnen. So k\u00f6nnen Sie beispielsweise im Microsoft Internet Explorer Cookies deaktivieren oder l\u00f6schen, indem Sie &#8220;Extras\/Internetoptionen&#8221; w\u00e4hlen und Ihre Datenschutzeinstellungen \u00e4ndern, d. h. &#8220;Cookies l\u00f6schen&#8221; w\u00e4hlen. Bitte beachten Sie jedoch, dass diese Website so strukturiert ist, dass sie Cookies verwendet, und dass die Deinstallation von Cookies den Betrieb der Website beeintr\u00e4chtigen kann und m\u00f6glicherweise keine optimale Nutzung der Website erm\u00f6glicht.<\/p>\n<p><strong>Haftung f\u00fcr den Betrieb von Cookies Dritter.<\/strong><\/p>\n<p>In diesem Zusammenhang sei auf die allgemeine Bestimmung des Datenschutzgaranten zu Cookies vom 8. Mai 2014 verwiesen: &#8220;Es gibt mehrere Gr\u00fcnde, warum es nicht m\u00f6glich ist, den Herausgeber zu verpflichten, Informationen bereitzustellen und die Zustimmung zur Installation von Cookies auf seiner Website einzuholen, auch wenn diese von &#8220;Dritten&#8221; installiert werden. In erster Linie sollte der Herausgeber stets \u00fcber die Instrumente und die wirtschaftlich-rechtliche F\u00e4higkeit verf\u00fcgen, die Verpflichtungen Dritter zu \u00fcbernehmen, und daher auch in der Lage sein, von Zeit zu Zeit die \u00dcbereinstimmung zwischen den Angaben Dritter und den von ihnen mit der Verwendung von Cookies tats\u00e4chlich verfolgten Zielen zu \u00fcberpr\u00fcfen. Dies wird dadurch erschwert, dass der Herausgeber oft nicht direkt alle Dritten kennt, die \u00fcber seine Website Cookies installieren, und daher auch nicht die Gr\u00fcnde f\u00fcr die jeweilige Verarbeitung kennt. Au\u00dferdem gibt es nicht selten zwischen dem Verleger und den Dritten Unternehmen, die als Lizenznehmer auftreten, was es f\u00fcr den Verleger sehr komplex macht, die Aktivit\u00e4ten aller beteiligten Unternehmen zu kontrollieren. Cookies von Drittanbietern k\u00f6nnten also im Laufe der Zeit von Drittanbietern ge\u00e4ndert werden, und es w\u00e4re unpraktisch, von den Verlagen zu verlangen, dass sie auch diese sp\u00e4teren \u00c4nderungen im Auge behalten.<\/p>\n<p>Wie von der Datenschutzgarantiegeberin angegeben, hat diese Website keine M\u00f6glichkeit, Cookies von Dritten zu kontrollieren, wenn sie Dienste von Dritten (youtube, google maps, &#8220;social buttons&#8221;) nutzt, f\u00fcr die allein die Dritten verantwortlich sind. Dar\u00fcber hinaus wird der Nutzer auf die M\u00f6glichkeit hingewiesen, Cookies jederzeit zu l\u00f6schen und zu blockieren, auch durch die Verwendung von Browser-Plugins und die \u00c4nderung der Einstellungen, wie in den verschiedenen Handb\u00fcchern der Browser angegeben.<\/p>\n<p><strong>Obligatorische oder fakultative Zustimmung zum Einsatz von Cookies, die keine Marketingzwecke verfolgen.\u00a0<\/strong><\/p>\n<p>Es ist nicht zwingend erforderlich, die Zustimmung zum Betrieb von ausschlie\u00dflich technischen Cookies oder von Drittanbieter- oder analytischen Cookies, die technischen Cookies gleichgestellt sind, zu erhalten. Ihre Deaktivierung und\/oder die Verweigerung ihres Betriebs hat zur Folge, dass eine ordnungsgem\u00e4\u00dfe Navigation auf der Website nicht m\u00f6glich ist und\/oder dass die dort verf\u00fcgbaren Dienste, Seiten, Funktionen oder Inhalte nicht genutzt werden k\u00f6nnen.<\/p>\n<p>F\u00fcr die Datenverarbeitung Verantwortliche und Datenverarbeiter.<\/p>\n<p>Die Angaben zur Identifizierung des f\u00fcr die Datenverarbeitung Verantwortlichen der betroffenen Person lauten wie folgt:<\/p>\n<p><strong>Consorzio Venezia Taxi<\/strong><br \/>\nSestiere Santa Croce, 328<br \/>\n30175 Venezia Italy<\/p>\n<p><strong>Aus\u00fcbung der Rechte durch die betroffene Person.\u00a0<\/strong><\/p>\n<p>Insbesondere im Hinblick auf die Rechte der Nutzer in Bezug auf Cookies werden im Folgenden einige Links f\u00fcr weitere Informationen angegeben:<\/p>\n<p>Aboutcookie.Org: f\u00fcr weitere Informationen \u00fcber Cookies und deren Auswirkungen auf Ihr Surferlebnis. Youronlinechoices.com: einen umfassenden \u00dcberblick \u00fcber Cookies, bew\u00e4hrte Praktiken und die Verwendung von gezielter Werbung durch die Verwendung von Cookies bietet der Abschnitt \u00fcber Cookies auf http:\/\/www.Garanteprivacy.It\/cookie. F\u00fcr bew\u00e4hrte Praktiken, die von der Datenschutzbeh\u00f6rde bereitgestellt werden.<\/p>\n<p>Sie k\u00f6nnen jederzeit &#8211; ohne jede Formalit\u00e4t &#8211; die Rechte gem\u00e4\u00df Artikel 13 der Verordnung (EU) 2016\/679 aus\u00fcben, die in der Datenschutzerkl\u00e4rung auf der betreffenden Website n\u00e4her beschrieben sind. Die Aus\u00fcbung der Rechte unterliegt keinem Formzwang.[\/vc_column_text][vc_empty_space height=&#8221;20px&#8221; alter_height=&#8221;huge&#8221; hide_on_mobile=&#8221;&#8221;][\/vc_column][\/vc_row]<\/p>\n","protected":false},"excerpt":{"rendered":"<p>[vc_row][vc_column][vc_empty_space height=&#8221;30px&#8221; alter_height=&#8221;large&#8221; hide_on_mobile=&#8221;&#8221;][vc_column_text css_animation=&#8221;fadeInUp&#8221; css=&#8221;.vc_custom_1647255570095{margin-right: 10% !important;margin-left: 10% !important;}&#8221;]Nachfolgend informieren wir Sie in transparenter Weise \u00fcber den Einsatz von so genannten Cookies auf dieser Website (im Folgenden &#8220;Site&#8221; genannt). Definition von &#8216;Cookie&#8217;. Cookies sind kurze Textfragmente (Buchstaben und\/oder Zahlen), die es dem Webserver erm\u00f6glichen, Informationen auf dem Client (dem Browser, z. B. Internet Explorer, Chrome, Firefox, Opera&#8230;) zu speichern,&hellip;<\/p>\n","protected":false},"author":1,"featured_media":0,"parent":0,"menu_order":0,"comment_status":"closed","ping_status":"closed","template":"","meta":{"footnotes":""},"class_list":["post-2165","page","type-page","status-publish","hentry"],"yoast_head":"<!-- This site is optimized with the Yoast SEO plugin v27.3 - https:\/\/yoast.com\/product\/yoast-seo-wordpress\/ -->\n<title>Verwendung von Cookies - Venezia Taxi<\/title>\n<meta name=\"robots\" content=\"index, follow, max-snippet:-1, max-image-preview:large, max-video-preview:-1\" \/>\n<link rel=\"canonical\" href=\"https:\/\/veneziataxi.it\/de\/verwendung-von-cookies\/\" \/>\n<meta property=\"og:locale\" content=\"de_DE\" \/>\n<meta property=\"og:type\" content=\"article\" \/>\n<meta property=\"og:title\" content=\"Verwendung von Cookies - Venezia Taxi\" \/>\n<meta property=\"og:description\" content=\"[vc_row][vc_column][vc_empty_space height=&#8221;30px&#8221; alter_height=&#8221;large&#8221; hide_on_mobile=&#8221;&#8221;][vc_column_text css_animation=&#8221;fadeInUp&#8221; css=&#8221;.vc_custom_1647255570095{margin-right: 10% !important;margin-left: 10% !important;}&#8221;]Nachfolgend informieren wir Sie in transparenter Weise \u00fcber den Einsatz von so genannten Cookies auf dieser Website (im Folgenden &#8220;Site&#8221; genannt). Definition von &#8216;Cookie&#8217;. Cookies sind kurze Textfragmente (Buchstaben und\/oder Zahlen), die es dem Webserver erm\u00f6glichen, Informationen auf dem Client (dem Browser, z. B. Internet Explorer, Chrome, Firefox, Opera&#8230;) zu speichern,&hellip;\" \/>\n<meta property=\"og:url\" content=\"https:\/\/veneziataxi.it\/de\/verwendung-von-cookies\/\" \/>\n<meta property=\"og:site_name\" content=\"Venezia Taxi\" \/>\n<meta property=\"article:publisher\" content=\"https:\/\/www.facebook.com\/profile.php?id=100063518532145\" \/>\n<meta property=\"article:modified_time\" content=\"2023-01-02T20:52:07+00:00\" \/>\n<meta name=\"twitter:card\" content=\"summary_large_image\" \/>\n<meta name=\"twitter:label1\" content=\"Gesch\u00e4tzte Lesezeit\" \/>\n\t<meta name=\"twitter:data1\" content=\"11\u00a0Minuten\" \/>\n<script type=\"application\/ld+json\" class=\"yoast-schema-graph\">{\"@context\":\"https:\\\/\\\/schema.org\",\"@graph\":[{\"@type\":\"WebPage\",\"@id\":\"https:\\\/\\\/veneziataxi.it\\\/de\\\/verwendung-von-cookies\\\/\",\"url\":\"https:\\\/\\\/veneziataxi.it\\\/de\\\/verwendung-von-cookies\\\/\",\"name\":\"Verwendung von Cookies - Venezia Taxi\",\"isPartOf\":{\"@id\":\"https:\\\/\\\/veneziataxi.it\\\/de\\\/#website\"},\"datePublished\":\"2022-03-14T10:53:25+00:00\",\"dateModified\":\"2023-01-02T20:52:07+00:00\",\"breadcrumb\":{\"@id\":\"https:\\\/\\\/veneziataxi.it\\\/de\\\/verwendung-von-cookies\\\/#breadcrumb\"},\"inLanguage\":\"de\",\"potentialAction\":[{\"@type\":\"ReadAction\",\"target\":[\"https:\\\/\\\/veneziataxi.it\\\/de\\\/verwendung-von-cookies\\\/\"]}]},{\"@type\":\"BreadcrumbList\",\"@id\":\"https:\\\/\\\/veneziataxi.it\\\/de\\\/verwendung-von-cookies\\\/#breadcrumb\",\"itemListElement\":[{\"@type\":\"ListItem\",\"position\":1,\"name\":\"Home\",\"item\":\"https:\\\/\\\/veneziataxi.it\\\/de\\\/\"},{\"@type\":\"ListItem\",\"position\":2,\"name\":\"Verwendung von Cookies\"}]},{\"@type\":\"WebSite\",\"@id\":\"https:\\\/\\\/veneziataxi.it\\\/de\\\/#website\",\"url\":\"https:\\\/\\\/veneziataxi.it\\\/de\\\/\",\"name\":\"Venezia Taxi\",\"description\":\"Il tuo taxi acqueo a Venezia\",\"publisher\":{\"@id\":\"https:\\\/\\\/veneziataxi.it\\\/de\\\/#organization\"},\"potentialAction\":[{\"@type\":\"SearchAction\",\"target\":{\"@type\":\"EntryPoint\",\"urlTemplate\":\"https:\\\/\\\/veneziataxi.it\\\/de\\\/?s={search_term_string}\"},\"query-input\":{\"@type\":\"PropertyValueSpecification\",\"valueRequired\":true,\"valueName\":\"search_term_string\"}}],\"inLanguage\":\"de\"},{\"@type\":\"Organization\",\"@id\":\"https:\\\/\\\/veneziataxi.it\\\/de\\\/#organization\",\"name\":\"Venezia Taxi\",\"url\":\"https:\\\/\\\/veneziataxi.it\\\/de\\\/\",\"logo\":{\"@type\":\"ImageObject\",\"inLanguage\":\"de\",\"@id\":\"https:\\\/\\\/veneziataxi.it\\\/de\\\/#\\\/schema\\\/logo\\\/image\\\/\",\"url\":\"https:\\\/\\\/veneziataxi.it\\\/wp-content\\\/uploads\\\/2022\\\/01\\\/cropped-ico.jpg\",\"contentUrl\":\"https:\\\/\\\/veneziataxi.it\\\/wp-content\\\/uploads\\\/2022\\\/01\\\/cropped-ico.jpg\",\"width\":512,\"height\":512,\"caption\":\"Venezia Taxi\"},\"image\":{\"@id\":\"https:\\\/\\\/veneziataxi.it\\\/de\\\/#\\\/schema\\\/logo\\\/image\\\/\"},\"sameAs\":[\"https:\\\/\\\/www.facebook.com\\\/profile.php?id=100063518532145\"]}]}<\/script>\n<!-- \/ Yoast SEO plugin. -->","yoast_head_json":{"title":"Verwendung von Cookies - Venezia Taxi","robots":{"index":"index","follow":"follow","max-snippet":"max-snippet:-1","max-image-preview":"max-image-preview:large","max-video-preview":"max-video-preview:-1"},"canonical":"https:\/\/veneziataxi.it\/de\/verwendung-von-cookies\/","og_locale":"de_DE","og_type":"article","og_title":"Verwendung von Cookies - Venezia Taxi","og_description":"[vc_row][vc_column][vc_empty_space height=&#8221;30px&#8221; alter_height=&#8221;large&#8221; hide_on_mobile=&#8221;&#8221;][vc_column_text css_animation=&#8221;fadeInUp&#8221; css=&#8221;.vc_custom_1647255570095{margin-right: 10% !important;margin-left: 10% !important;}&#8221;]Nachfolgend informieren wir Sie in transparenter Weise \u00fcber den Einsatz von so genannten Cookies auf dieser Website (im Folgenden &#8220;Site&#8221; genannt). Definition von &#8216;Cookie&#8217;. Cookies sind kurze Textfragmente (Buchstaben und\/oder Zahlen), die es dem Webserver erm\u00f6glichen, Informationen auf dem Client (dem Browser, z. B. Internet Explorer, Chrome, Firefox, Opera&#8230;) zu speichern,&hellip;","og_url":"https:\/\/veneziataxi.it\/de\/verwendung-von-cookies\/","og_site_name":"Venezia Taxi","article_publisher":"https:\/\/www.facebook.com\/profile.php?id=100063518532145","article_modified_time":"2023-01-02T20:52:07+00:00","twitter_card":"summary_large_image","twitter_misc":{"Gesch\u00e4tzte Lesezeit":"11\u00a0Minuten"},"schema":{"@context":"https:\/\/schema.org","@graph":[{"@type":"WebPage","@id":"https:\/\/veneziataxi.it\/de\/verwendung-von-cookies\/","url":"https:\/\/veneziataxi.it\/de\/verwendung-von-cookies\/","name":"Verwendung von Cookies - Venezia Taxi","isPartOf":{"@id":"https:\/\/veneziataxi.it\/de\/#website"},"datePublished":"2022-03-14T10:53:25+00:00","dateModified":"2023-01-02T20:52:07+00:00","breadcrumb":{"@id":"https:\/\/veneziataxi.it\/de\/verwendung-von-cookies\/#breadcrumb"},"inLanguage":"de","potentialAction":[{"@type":"ReadAction","target":["https:\/\/veneziataxi.it\/de\/verwendung-von-cookies\/"]}]},{"@type":"BreadcrumbList","@id":"https:\/\/veneziataxi.it\/de\/verwendung-von-cookies\/#breadcrumb","itemListElement":[{"@type":"ListItem","position":1,"name":"Home","item":"https:\/\/veneziataxi.it\/de\/"},{"@type":"ListItem","position":2,"name":"Verwendung von Cookies"}]},{"@type":"WebSite","@id":"https:\/\/veneziataxi.it\/de\/#website","url":"https:\/\/veneziataxi.it\/de\/","name":"Venezia Taxi","description":"Il tuo taxi acqueo a Venezia","publisher":{"@id":"https:\/\/veneziataxi.it\/de\/#organization"},"potentialAction":[{"@type":"SearchAction","target":{"@type":"EntryPoint","urlTemplate":"https:\/\/veneziataxi.it\/de\/?s={search_term_string}"},"query-input":{"@type":"PropertyValueSpecification","valueRequired":true,"valueName":"search_term_string"}}],"inLanguage":"de"},{"@type":"Organization","@id":"https:\/\/veneziataxi.it\/de\/#organization","name":"Venezia Taxi","url":"https:\/\/veneziataxi.it\/de\/","logo":{"@type":"ImageObject","inLanguage":"de","@id":"https:\/\/veneziataxi.it\/de\/#\/schema\/logo\/image\/","url":"https:\/\/veneziataxi.it\/wp-content\/uploads\/2022\/01\/cropped-ico.jpg","contentUrl":"https:\/\/veneziataxi.it\/wp-content\/uploads\/2022\/01\/cropped-ico.jpg","width":512,"height":512,"caption":"Venezia Taxi"},"image":{"@id":"https:\/\/veneziataxi.it\/de\/#\/schema\/logo\/image\/"},"sameAs":["https:\/\/www.facebook.com\/profile.php?id=100063518532145"]}]}},"_links":{"self":[{"href":"https:\/\/veneziataxi.it\/de\/wp-json\/wp\/v2\/pages\/2165","targetHints":{"allow":["GET"]}}],"collection":[{"href":"https:\/\/veneziataxi.it\/de\/wp-json\/wp\/v2\/pages"}],"about":[{"href":"https:\/\/veneziataxi.it\/de\/wp-json\/wp\/v2\/types\/page"}],"author":[{"embeddable":true,"href":"https:\/\/veneziataxi.it\/de\/wp-json\/wp\/v2\/users\/1"}],"replies":[{"embeddable":true,"href":"https:\/\/veneziataxi.it\/de\/wp-json\/wp\/v2\/comments?post=2165"}],"version-history":[{"count":1,"href":"https:\/\/veneziataxi.it\/de\/wp-json\/wp\/v2\/pages\/2165\/revisions"}],"predecessor-version":[{"id":2166,"href":"https:\/\/veneziataxi.it\/de\/wp-json\/wp\/v2\/pages\/2165\/revisions\/2166"}],"wp:attachment":[{"href":"https:\/\/veneziataxi.it\/de\/wp-json\/wp\/v2\/media?parent=2165"}],"curies":[{"name":"wp","href":"https:\/\/api.w.org\/{rel}","templated":true}]}}