{"id":2175,"date":"2022-03-10T17:44:16","date_gmt":"2022-03-10T16:44:16","guid":{"rendered":"https:\/\/veneziataxi.it\/faq\/"},"modified":"2023-01-03T10:54:29","modified_gmt":"2023-01-03T09:54:29","slug":"informationen-taxi-venedig","status":"publish","type":"page","link":"https:\/\/veneziataxi.it\/de\/informationen-taxi-venedig\/","title":{"rendered":"FAQ"},"content":{"rendered":"<p>[vc_row css=&#8221;.vc_custom_1646932312226{margin-bottom: 50px !important;}&#8221;][vc_column][vc_empty_space height=&#8221;65px&#8221; alter_height=&#8221;large&#8221; hide_on_mobile=&#8221;&#8221;][vc_column_text css_animation=&#8221;fadeInDown&#8221;]<\/p>\n<h1 style=\"text-align: center;\">\u00dcber Wassertaxis<\/h1>\n<p>[\/vc_column_text][\/vc_column][\/vc_row][vc_row css=&#8221;.vc_custom_1646931043317{margin-right: 10% !important;margin-left: 10% !important;}&#8221;][vc_column][vc_toggle title=&#8221;WARUM VENEZIA TAXI?&#8221; style=&#8221;round_outline&#8221; css_animation=&#8221;fadeInUp&#8221;]Venezia Taxi bietet seinen Kunden <strong>rund um die Uhr<\/strong> einen Wassertaxi-Service Um sich in Venedig fortzubewegen, ist das Wassertaxi eine gute Alternative zu den \u00f6ffentlichen Verkehrsmitteln, wenn man <strong>deren langen Wartezeiten<\/strong> und den hohen Preis der Vaporetto-Tickets bedenkt.<br \/>\nWenn Sie das Wassertaxi <strong>vom und zum Flughafen Venedig Marco Polo Tessera<\/strong> direkt mit <strong>einer einzigen Transaktion<\/strong> kaufen, erhalten Sie <strong>5% Rabatt<\/strong>.[\/vc_toggle][vc_separator css_animation=&#8221;fadeInLeft&#8221; css=&#8221;.vc_custom_1646931267117{margin-top: 0px !important;margin-bottom: 25px !important;}&#8221;][vc_toggle title=&#8221;WIE KANN ICH EINEN SERVICE BUCHEN?&#8221; style=&#8221;round_outline&#8221; css_animation=&#8221;fadeInUp&#8221;]Der Online-Kauf des Tickets f\u00fcr Ihren Transfer mit unseren Wassertaxis in Venedig ist einfach, schnell und sicher.<br \/>\nIn vier einfachen Schritten k\u00f6nnen Sie den Kaufvorgang abschlie\u00dfen:<br \/>\n&#8211; W\u00e4hlen Sie Ihren Startpunkt<br \/>\n&#8211; W\u00e4hlen Sie Ihren Zielort<br \/>\n&#8211; Erhalten Sie den Fahrpreis f\u00fcr Ihr Wassertaxi in Venedig (kann je nach Anzahl der Passagiere und des Gep\u00e4cks variieren)<br \/>\n&#8211; Kaufen Sie Ihr Ticket<br \/>\nNach Abschluss des Kaufs erhalten Sie per E-Mail einen Gutschein, den Sie ausdrucken und dem Taxifahrer am Tag Ihrer Fahrt geben k\u00f6nnen.[\/vc_toggle][vc_separator css_animation=&#8221;fadeInLeft&#8221; css=&#8221;.vc_custom_1646931267117{margin-top: 0px !important;margin-bottom: 25px !important;}&#8221;][vc_toggle title=&#8221;ICH HABE KEINEN GUTSCHEIN ERHALTEN. WAS KANN ICH TUN?&#8221; style=&#8221;round_outline&#8221; css_animation=&#8221;fadeInUp&#8221;]Nach Abschluss des Kaufvorgangs sehen Sie sofort Ihren ausdruckbaren Gutschein. Sollten Sie den Gutschein jedoch nicht sehen oder die E-Mail nicht erhalten, k\u00f6nnen Sie uns unter den folgenden Telefonnummern kontaktieren:<br \/>\nMontag bis Freitag, 9:00 bis 18:00 Uhr: <strong>+39 041 723009<\/strong> oder <strong>+39 041 723112<\/strong><br \/>\noder senden Sie eine E-Mail an <strong><a href=\"mailto:prenotazioni@veneziataxi.it\">prenotazioni@veneziataxi.it<\/a><\/strong>[\/vc_toggle][vc_separator css_animation=&#8221;fadeInLeft&#8221; css=&#8221;.vc_custom_1646931267117{margin-top: 0px !important;margin-bottom: 25px !important;}&#8221;][vc_toggle title=&#8221;WIE VIELE PERSONEN K\u00d6NNEN IN EINEM WASSERTAXI FAHREN?&#8221; style=&#8221;round_outline&#8221; css_animation=&#8221;fadeInUp&#8221;]Die maximale Kapazit\u00e4t unserer Taxis betr\u00e4gt <strong>10 G\u00e4ste mit Gep\u00e4ck<\/strong>.<br \/>\nIm Falle von Gruppen mit mehr als 10 Passagieren m\u00fcssen Sie ein zus\u00e4tzliches Wassertaxi buchen.<br \/>\nBei bis zu 4 Passagieren bleibt der Preis unver\u00e4ndert, ab 5 Passagieren wird ein Zuschlag von 10 \u20ac pro Person erhoben<br \/>\nAlle unsere Wassertaxis erf\u00fcllen die f\u00fcr \u00f6ffentliche Verkehrsmittel vorgeschriebenen ECC-Standards und werden regelm\u00e4\u00dfig inspiziert.[\/vc_toggle][vc_separator css_animation=&#8221;fadeInLeft&#8221; css=&#8221;.vc_custom_1646931267117{margin-top: 0px !important;margin-bottom: 25px !important;}&#8221;][vc_toggle title=&#8221;WIE VIELE GEP\u00c4CKST\u00dcCKE KANN ICH IN EINEM WASSERTAXI MITNEHMEN?&#8221; style=&#8221;round_outline&#8221; css_animation=&#8221;fadeInUp&#8221;]Sie k\u00f6nnen bis zu <strong>12 Gep\u00e4ckst\u00fccke<\/strong> mit an Bord nehmen.<br \/>\nBei bis zu 4 Gep\u00e4ckst\u00fccken bleibt der Preis unver\u00e4ndert, ab 5 Gep\u00e4ckst\u00fccken wird ein Aufpreis von 5 \u20ac pro Gep\u00e4ckst\u00fcck berechnet.[\/vc_toggle][vc_separator css_animation=&#8221;fadeInLeft&#8221; css=&#8221;.vc_custom_1646931267117{margin-top: 0px !important;margin-bottom: 25px !important;}&#8221;][vc_toggle title=&#8221;GIBT ES EINEN NACHTZUSCHLAG?&#8221; style=&#8221;round_outline&#8221; css_animation=&#8221;fadeInUp&#8221;]Ja. F\u00fcr Dienstleistungen, die zwischen <strong>22:00 und 7:00 Uhr<\/strong> beginnen, wird ein <strong>Aufpreis von 10<\/strong> \u20ac berechnet.[\/vc_toggle][vc_separator css_animation=&#8221;fadeInLeft&#8221; css=&#8221;.vc_custom_1646931267117{margin-top: 0px !important;margin-bottom: 25px !important;}&#8221;][vc_toggle title=&#8221;KANN ICH DIE ROUTE W\u00c4HLEN?&#8221; style=&#8221;round_outline&#8221; css_animation=&#8221;fadeInUp&#8221;]Unsere Wassertaxis nehmen immer den k\u00fcrzesten Weg zu Ihrem Ziel, aber es besteht auch die M\u00f6glichkeit, die Fahrt zu verl\u00e4ngern, wenn Sie die faszinierendste und ber\u00fchmteste Wasserstra\u00dfe der Welt hautnah erleben wollen: den <strong>Canal Grande<\/strong>.[\/vc_toggle][vc_separator css_animation=&#8221;fadeInLeft&#8221; css=&#8221;.vc_custom_1646931267117{margin-top: 0px !important;margin-bottom: 25px !important;}&#8221;][vc_toggle title=&#8221;ERREICHT DAS WASSERTAXI JEDES HOTEL IN VENEDIG ODER AUF DEN INSELN?&#8221; style=&#8221;round_outline&#8221; css_animation=&#8221;fadeInUp&#8221;]Wenn das Hotel \u00fcber eine eigene Anlegestelle verf\u00fcgt, ist dies fast immer m\u00f6glich. Ausnahmen bilden Tage mit ung\u00fcnstigen Gezeiten (Hoch- oder Niedrigwasser). In diesem Fall kann das Wassertaxi die private Anlegestelle des Hotels m\u00f6glicherweise nicht direkt erreichen. Unsere Fahrer werden dann sicherstellen, dass Sie an der n\u00e4chstgelegenen Anlegestelle (5 Minuten Fu\u00dfweg) von Bord gehen k\u00f6nnen.[\/vc_toggle][vc_empty_space height=&#8221;55px&#8221; alter_height=&#8221;large&#8221; hide_on_mobile=&#8221;&#8221;][\/vc_column][\/vc_row][vc_row full_width=&#8221;stretch_row&#8221; css=&#8221;.vc_custom_1647009001888{margin-right: 10% !important;margin-left: 10% !important;background-color: #f7f7f7 !important;}&#8221;][vc_column][vc_column_text css=&#8221;.vc_custom_1647009216641{margin-top: 50px !important;margin-bottom: 35px !important;}&#8221;]<\/p>\n<h2 style=\"text-align: center;\">Haben Sie weitere Fragen? Kontaktieren Sie uns!<\/h2>\n<p>[\/vc_column_text][vc_column_text]<\/p>\n<p style=\"text-align: center;\">\n<div class=\"wpcf7 no-js\" id=\"wpcf7-f2060-o1\" lang=\"it-IT\" dir=\"ltr\" data-wpcf7-id=\"2060\">\n<div class=\"screen-reader-response\"><p role=\"status\" aria-live=\"polite\" aria-atomic=\"true\"><\/p> <ul><\/ul><\/div>\n<form action=\"\/de\/wp-json\/wp\/v2\/pages\/2175#wpcf7-f2060-o1\" method=\"post\" class=\"wpcf7-form init\" aria-label=\"Modulo di contatto\" novalidate=\"novalidate\" data-status=\"init\">\n<fieldset class=\"hidden-fields-container\"><input type=\"hidden\" name=\"_wpcf7\" value=\"2060\" \/><input type=\"hidden\" name=\"_wpcf7_version\" value=\"6.1.5\" \/><input type=\"hidden\" name=\"_wpcf7_locale\" value=\"it_IT\" \/><input type=\"hidden\" name=\"_wpcf7_unit_tag\" value=\"wpcf7-f2060-o1\" \/><input type=\"hidden\" name=\"_wpcf7_container_post\" value=\"0\" \/><input type=\"hidden\" name=\"_wpcf7_posted_data_hash\" value=\"\" \/>\n<\/fieldset>\n<div class=\"columns_wrap\" bis_skin_checked=\"1\">\n\t<div class=\"column-1_3\" bis_skin_checked=\"1\">\n\t\t<p><span class=\"wpcf7-form-control-wrap your-name\"><input type=\"text\" name=\"your-name\" value=\"\" size=\"40\" class=\"wpcf7-form-control wpcf7-text wpcf7-validates-as-required\" aria-required=\"true\" aria-invalid=\"false\" placeholder=\"Name\" \/><\/span><span class=\"wpcf7-form-control-wrap your-phone\"><input type=\"tel\" name=\"your-phone\" value=\"\" size=\"40\" class=\"wpcf7-form-control wpcf7-text wpcf7-tel wpcf7-validates-as-required wpcf7-validates-as-tel\" aria-required=\"true\" aria-invalid=\"false\" placeholder=\"Telefon\" \/><\/span>\n\t\t<\/p>\n\t<\/div>\n\t<div class=\"column-1_3\" bis_skin_checked=\"1\">\n\t\t<p><span class=\"wpcf7-form-control-wrap your-email\"><input type=\"email\" name=\"your-email\" value=\"\" size=\"40\" class=\"wpcf7-form-control wpcf7-text wpcf7-email wpcf7-validates-as-required wpcf7-validates-as-email\" aria-required=\"true\" aria-invalid=\"false\" placeholder=\"E-Mail\" \/><\/span><span class=\"wpcf7-form-control-wrap your-city\"><input type=\"text\" name=\"your-city\" value=\"\" size=\"40\" class=\"wpcf7-form-control wpcf7-text wpcf7-validates-as-required\" aria-required=\"true\" aria-invalid=\"false\" placeholder=\"St\u00e4dte\" \/><\/span>\n\t\t<\/p>\n\t<\/div>\n\t<div class=\"column-1_3\" bis_skin_checked=\"1\">\n\t\t<p><span class=\"wpcf7-form-control-wrap your-message\"><textarea name=\"your-message\" cols=\"40\" rows=\"10\" class=\"wpcf7-form-control wpcf7-textarea wpcf7-validates-as-required\" aria-required=\"true\" aria-invalid=\"false\" placeholder=\"Anfrage\"><\/textarea><\/span>\n\t\t<\/p>\n\t<\/div>\n<\/div>\n<div class=\"contact-form-acceptance aligncenter\" bis_skin_checked=\"1\">\n\t<p><span class=\"wpcf7-form-control-wrap acceptance-80\"><span class=\"wpcf7-form-control wpcf7-acceptance\"><span class=\"wpcf7-list-item\"><label><input type=\"checkbox\" name=\"acceptance-80\" value=\"1\" aria-invalid=\"false\" \/><span class=\"wpcf7-list-item-label\">Ich bin damit einverstanden, dass die von mir \u00fcbermittelten Daten erfasst und gespeichert werden.<\/span><\/label><\/span><\/span><\/span>\n\t<\/p>\n<\/div>\n<div class=\"form-button\" bis_skin_checked=\"1\">\n\t<p><input type=\"submit\" value=\"Anfrage senden\" class=\"wpcf7-form-control has-spinner wpcf7-submit sc_button_hover_slide_left\" disabled=\"\" \/><span class=\"wpcf7-spinner\"><\/span>\n\t<\/p>\n<\/div><input type=\"hidden\" id=\"ct_checkjs_cf7_821fa74b50ba3f7cba1e6c53e8fa6845\" name=\"ct_checkjs_cf7\" value=\"0\" \/><div class=\"wpcf7-response-output\" aria-hidden=\"true\"><\/div>\n<\/form>\n<\/div>\n<p>[\/vc_column_text][vc_empty_space alter_height=&#8221;large&#8221; hide_on_mobile=&#8221;&#8221;][\/vc_column][\/vc_row]<\/p>\n","protected":false},"excerpt":{"rendered":"<p>[vc_row css=&#8221;.vc_custom_1646932312226{margin-bottom: 50px !important;}&#8221;][vc_column][vc_empty_space height=&#8221;65px&#8221; alter_height=&#8221;large&#8221; hide_on_mobile=&#8221;&#8221;][vc_column_text css_animation=&#8221;fadeInDown&#8221;] \u00dcber Wassertaxis [\/vc_column_text][\/vc_column][\/vc_row][vc_row css=&#8221;.vc_custom_1646931043317{margin-right: 10% !important;margin-left: 10% !important;}&#8221;][vc_column][vc_toggle title=&#8221;WARUM VENEZIA TAXI?&#8221; style=&#8221;round_outline&#8221; css_animation=&#8221;fadeInUp&#8221;]Venezia Taxi bietet seinen Kunden rund um die Uhr einen Wassertaxi-Service Um sich in Venedig fortzubewegen, ist das Wassertaxi eine gute Alternative zu den \u00f6ffentlichen Verkehrsmitteln, wenn man deren langen Wartezeiten und den hohen Preis der Vaporetto-Tickets bedenkt. Wenn Sie&hellip;<\/p>\n","protected":false},"author":1,"featured_media":1961,"parent":0,"menu_order":0,"comment_status":"closed","ping_status":"closed","template":"","meta":{"footnotes":""},"class_list":["post-2175","page","type-page","status-publish","has-post-thumbnail","hentry"],"yoast_head":"<!-- This site is optimized with the Yoast SEO plugin v27.3 - https:\/\/yoast.com\/product\/yoast-seo-wordpress\/ -->\n<title>Informationen Wassertaxi Venedig | Venezia Taxi<\/title>\n<meta name=\"description\" content=\"Venezia Taxi: Seit \u00fcber 30 Jahren bieten wir die besten Wassertaxis in Venedig an. P\u00fcnktlichkeit und Liebe zum Detail. Buchen Sie bei uns!\" \/>\n<meta name=\"robots\" content=\"index, follow, max-snippet:-1, max-image-preview:large, max-video-preview:-1\" \/>\n<link rel=\"canonical\" href=\"https:\/\/veneziataxi.it\/de\/informationen-taxi-venedig\/\" \/>\n<meta property=\"og:locale\" content=\"de_DE\" \/>\n<meta property=\"og:type\" content=\"article\" \/>\n<meta property=\"og:title\" content=\"Informationen Wassertaxi Venedig | Venezia Taxi\" \/>\n<meta property=\"og:description\" content=\"Venezia Taxi: Seit \u00fcber 30 Jahren bieten wir die besten Wassertaxis in Venedig an. P\u00fcnktlichkeit und Liebe zum Detail. Buchen Sie bei uns!\" \/>\n<meta property=\"og:url\" content=\"https:\/\/veneziataxi.it\/de\/informationen-taxi-venedig\/\" \/>\n<meta property=\"og:site_name\" content=\"Venezia Taxi\" \/>\n<meta property=\"article:publisher\" content=\"https:\/\/www.facebook.com\/profile.php?id=100063518532145\" \/>\n<meta property=\"article:modified_time\" content=\"2023-01-03T09:54:29+00:00\" \/>\n<meta property=\"og:image\" content=\"https:\/\/veneziataxi.it\/wp-content\/uploads\/2022\/03\/faq.jpg\" \/>\n\t<meta property=\"og:image:width\" content=\"1920\" \/>\n\t<meta property=\"og:image:height\" content=\"319\" \/>\n\t<meta property=\"og:image:type\" content=\"image\/jpeg\" \/>\n<meta name=\"twitter:card\" content=\"summary_large_image\" \/>\n<meta name=\"twitter:label1\" content=\"Gesch\u00e4tzte Lesezeit\" \/>\n\t<meta name=\"twitter:data1\" content=\"3\u00a0Minuten\" \/>\n<script type=\"application\/ld+json\" class=\"yoast-schema-graph\">{\"@context\":\"https:\\\/\\\/schema.org\",\"@graph\":[{\"@type\":\"WebPage\",\"@id\":\"https:\\\/\\\/veneziataxi.it\\\/de\\\/informationen-taxi-venedig\\\/\",\"url\":\"https:\\\/\\\/veneziataxi.it\\\/de\\\/informationen-taxi-venedig\\\/\",\"name\":\"Informationen Wassertaxi Venedig | Venezia Taxi\",\"isPartOf\":{\"@id\":\"https:\\\/\\\/veneziataxi.it\\\/de\\\/#website\"},\"primaryImageOfPage\":{\"@id\":\"https:\\\/\\\/veneziataxi.it\\\/de\\\/informationen-taxi-venedig\\\/#primaryimage\"},\"image\":{\"@id\":\"https:\\\/\\\/veneziataxi.it\\\/de\\\/informationen-taxi-venedig\\\/#primaryimage\"},\"thumbnailUrl\":\"https:\\\/\\\/veneziataxi.it\\\/wp-content\\\/uploads\\\/2022\\\/03\\\/faq.jpg\",\"datePublished\":\"2022-03-10T16:44:16+00:00\",\"dateModified\":\"2023-01-03T09:54:29+00:00\",\"description\":\"Venezia Taxi: Seit \u00fcber 30 Jahren bieten wir die besten Wassertaxis in Venedig an. P\u00fcnktlichkeit und Liebe zum Detail. Buchen Sie bei uns!\",\"breadcrumb\":{\"@id\":\"https:\\\/\\\/veneziataxi.it\\\/de\\\/informationen-taxi-venedig\\\/#breadcrumb\"},\"inLanguage\":\"de\",\"potentialAction\":[{\"@type\":\"ReadAction\",\"target\":[\"https:\\\/\\\/veneziataxi.it\\\/de\\\/informationen-taxi-venedig\\\/\"]}]},{\"@type\":\"ImageObject\",\"inLanguage\":\"de\",\"@id\":\"https:\\\/\\\/veneziataxi.it\\\/de\\\/informationen-taxi-venedig\\\/#primaryimage\",\"url\":\"https:\\\/\\\/veneziataxi.it\\\/wp-content\\\/uploads\\\/2022\\\/03\\\/faq.jpg\",\"contentUrl\":\"https:\\\/\\\/veneziataxi.it\\\/wp-content\\\/uploads\\\/2022\\\/03\\\/faq.jpg\",\"width\":1920,\"height\":319},{\"@type\":\"BreadcrumbList\",\"@id\":\"https:\\\/\\\/veneziataxi.it\\\/de\\\/informationen-taxi-venedig\\\/#breadcrumb\",\"itemListElement\":[{\"@type\":\"ListItem\",\"position\":1,\"name\":\"Home\",\"item\":\"https:\\\/\\\/veneziataxi.it\\\/de\\\/\"},{\"@type\":\"ListItem\",\"position\":2,\"name\":\"FAQ\"}]},{\"@type\":\"WebSite\",\"@id\":\"https:\\\/\\\/veneziataxi.it\\\/de\\\/#website\",\"url\":\"https:\\\/\\\/veneziataxi.it\\\/de\\\/\",\"name\":\"Venezia Taxi\",\"description\":\"Il tuo taxi acqueo a Venezia\",\"publisher\":{\"@id\":\"https:\\\/\\\/veneziataxi.it\\\/de\\\/#organization\"},\"potentialAction\":[{\"@type\":\"SearchAction\",\"target\":{\"@type\":\"EntryPoint\",\"urlTemplate\":\"https:\\\/\\\/veneziataxi.it\\\/de\\\/?s={search_term_string}\"},\"query-input\":{\"@type\":\"PropertyValueSpecification\",\"valueRequired\":true,\"valueName\":\"search_term_string\"}}],\"inLanguage\":\"de\"},{\"@type\":\"Organization\",\"@id\":\"https:\\\/\\\/veneziataxi.it\\\/de\\\/#organization\",\"name\":\"Venezia Taxi\",\"url\":\"https:\\\/\\\/veneziataxi.it\\\/de\\\/\",\"logo\":{\"@type\":\"ImageObject\",\"inLanguage\":\"de\",\"@id\":\"https:\\\/\\\/veneziataxi.it\\\/de\\\/#\\\/schema\\\/logo\\\/image\\\/\",\"url\":\"https:\\\/\\\/veneziataxi.it\\\/wp-content\\\/uploads\\\/2022\\\/01\\\/cropped-ico.jpg\",\"contentUrl\":\"https:\\\/\\\/veneziataxi.it\\\/wp-content\\\/uploads\\\/2022\\\/01\\\/cropped-ico.jpg\",\"width\":512,\"height\":512,\"caption\":\"Venezia Taxi\"},\"image\":{\"@id\":\"https:\\\/\\\/veneziataxi.it\\\/de\\\/#\\\/schema\\\/logo\\\/image\\\/\"},\"sameAs\":[\"https:\\\/\\\/www.facebook.com\\\/profile.php?id=100063518532145\"]}]}<\/script>\n<!-- \/ Yoast SEO plugin. -->","yoast_head_json":{"title":"Informationen Wassertaxi Venedig | Venezia Taxi","description":"Venezia Taxi: Seit \u00fcber 30 Jahren bieten wir die besten Wassertaxis in Venedig an. P\u00fcnktlichkeit und Liebe zum Detail. Buchen Sie bei uns!","robots":{"index":"index","follow":"follow","max-snippet":"max-snippet:-1","max-image-preview":"max-image-preview:large","max-video-preview":"max-video-preview:-1"},"canonical":"https:\/\/veneziataxi.it\/de\/informationen-taxi-venedig\/","og_locale":"de_DE","og_type":"article","og_title":"Informationen Wassertaxi Venedig | Venezia Taxi","og_description":"Venezia Taxi: Seit \u00fcber 30 Jahren bieten wir die besten Wassertaxis in Venedig an. P\u00fcnktlichkeit und Liebe zum Detail. Buchen Sie bei uns!","og_url":"https:\/\/veneziataxi.it\/de\/informationen-taxi-venedig\/","og_site_name":"Venezia Taxi","article_publisher":"https:\/\/www.facebook.com\/profile.php?id=100063518532145","article_modified_time":"2023-01-03T09:54:29+00:00","og_image":[{"width":1920,"height":319,"url":"https:\/\/veneziataxi.it\/wp-content\/uploads\/2022\/03\/faq.jpg","type":"image\/jpeg"}],"twitter_card":"summary_large_image","twitter_misc":{"Gesch\u00e4tzte Lesezeit":"3\u00a0Minuten"},"schema":{"@context":"https:\/\/schema.org","@graph":[{"@type":"WebPage","@id":"https:\/\/veneziataxi.it\/de\/informationen-taxi-venedig\/","url":"https:\/\/veneziataxi.it\/de\/informationen-taxi-venedig\/","name":"Informationen Wassertaxi Venedig | Venezia Taxi","isPartOf":{"@id":"https:\/\/veneziataxi.it\/de\/#website"},"primaryImageOfPage":{"@id":"https:\/\/veneziataxi.it\/de\/informationen-taxi-venedig\/#primaryimage"},"image":{"@id":"https:\/\/veneziataxi.it\/de\/informationen-taxi-venedig\/#primaryimage"},"thumbnailUrl":"https:\/\/veneziataxi.it\/wp-content\/uploads\/2022\/03\/faq.jpg","datePublished":"2022-03-10T16:44:16+00:00","dateModified":"2023-01-03T09:54:29+00:00","description":"Venezia Taxi: Seit \u00fcber 30 Jahren bieten wir die besten Wassertaxis in Venedig an. P\u00fcnktlichkeit und Liebe zum Detail. Buchen Sie bei uns!","breadcrumb":{"@id":"https:\/\/veneziataxi.it\/de\/informationen-taxi-venedig\/#breadcrumb"},"inLanguage":"de","potentialAction":[{"@type":"ReadAction","target":["https:\/\/veneziataxi.it\/de\/informationen-taxi-venedig\/"]}]},{"@type":"ImageObject","inLanguage":"de","@id":"https:\/\/veneziataxi.it\/de\/informationen-taxi-venedig\/#primaryimage","url":"https:\/\/veneziataxi.it\/wp-content\/uploads\/2022\/03\/faq.jpg","contentUrl":"https:\/\/veneziataxi.it\/wp-content\/uploads\/2022\/03\/faq.jpg","width":1920,"height":319},{"@type":"BreadcrumbList","@id":"https:\/\/veneziataxi.it\/de\/informationen-taxi-venedig\/#breadcrumb","itemListElement":[{"@type":"ListItem","position":1,"name":"Home","item":"https:\/\/veneziataxi.it\/de\/"},{"@type":"ListItem","position":2,"name":"FAQ"}]},{"@type":"WebSite","@id":"https:\/\/veneziataxi.it\/de\/#website","url":"https:\/\/veneziataxi.it\/de\/","name":"Venezia Taxi","description":"Il tuo taxi acqueo a Venezia","publisher":{"@id":"https:\/\/veneziataxi.it\/de\/#organization"},"potentialAction":[{"@type":"SearchAction","target":{"@type":"EntryPoint","urlTemplate":"https:\/\/veneziataxi.it\/de\/?s={search_term_string}"},"query-input":{"@type":"PropertyValueSpecification","valueRequired":true,"valueName":"search_term_string"}}],"inLanguage":"de"},{"@type":"Organization","@id":"https:\/\/veneziataxi.it\/de\/#organization","name":"Venezia Taxi","url":"https:\/\/veneziataxi.it\/de\/","logo":{"@type":"ImageObject","inLanguage":"de","@id":"https:\/\/veneziataxi.it\/de\/#\/schema\/logo\/image\/","url":"https:\/\/veneziataxi.it\/wp-content\/uploads\/2022\/01\/cropped-ico.jpg","contentUrl":"https:\/\/veneziataxi.it\/wp-content\/uploads\/2022\/01\/cropped-ico.jpg","width":512,"height":512,"caption":"Venezia Taxi"},"image":{"@id":"https:\/\/veneziataxi.it\/de\/#\/schema\/logo\/image\/"},"sameAs":["https:\/\/www.facebook.com\/profile.php?id=100063518532145"]}]}},"_links":{"self":[{"href":"https:\/\/veneziataxi.it\/de\/wp-json\/wp\/v2\/pages\/2175","targetHints":{"allow":["GET"]}}],"collection":[{"href":"https:\/\/veneziataxi.it\/de\/wp-json\/wp\/v2\/pages"}],"about":[{"href":"https:\/\/veneziataxi.it\/de\/wp-json\/wp\/v2\/types\/page"}],"author":[{"embeddable":true,"href":"https:\/\/veneziataxi.it\/de\/wp-json\/wp\/v2\/users\/1"}],"replies":[{"embeddable":true,"href":"https:\/\/veneziataxi.it\/de\/wp-json\/wp\/v2\/comments?post=2175"}],"version-history":[{"count":3,"href":"https:\/\/veneziataxi.it\/de\/wp-json\/wp\/v2\/pages\/2175\/revisions"}],"predecessor-version":[{"id":2178,"href":"https:\/\/veneziataxi.it\/de\/wp-json\/wp\/v2\/pages\/2175\/revisions\/2178"}],"wp:featuredmedia":[{"embeddable":true,"href":"https:\/\/veneziataxi.it\/de\/wp-json\/wp\/v2\/media\/1961"}],"wp:attachment":[{"href":"https:\/\/veneziataxi.it\/de\/wp-json\/wp\/v2\/media?parent=2175"}],"curies":[{"name":"wp","href":"https:\/\/api.w.org\/{rel}","templated":true}]}}