{"id":2449,"date":"2022-03-10T17:44:16","date_gmt":"2022-03-10T16:44:16","guid":{"rendered":"https:\/\/veneziataxi.it\/faq\/"},"modified":"2025-01-09T22:30:27","modified_gmt":"2025-01-09T21:30:27","slug":"informacion-taxi-venecia","status":"publish","type":"page","link":"https:\/\/veneziataxi.it\/es\/informacion-taxi-venecia\/","title":{"rendered":"FAQ"},"content":{"rendered":"<p>[vc_row css=&#8221;.vc_custom_1646932312226{margin-bottom: 50px !important;}&#8221;][vc_column][vc_empty_space height=&#8221;65px&#8221; alter_height=&#8221;large&#8221; hide_on_mobile=&#8221;&#8221;][vc_column_text css_animation=&#8221;fadeInDown&#8221;]<\/p>\n<h1 style=\"text-align: center;\">Informaci\u00f3n sobre Taxi <span style=\"font-weight: 400;\">Acu\u00e1ticos<\/span><\/h1>\n<p>[\/vc_column_text][\/vc_column][\/vc_row][vc_row css=&#8221;.vc_custom_1646931043317{margin-right: 10% !important;margin-left: 10% !important;}&#8221;][vc_column][vc_toggle title=&#8221;\u00bfPOR QU\u00c9 ELEGIR VENEZIA TAXI?&#8221; style=&#8221;round_outline&#8221; css_animation=&#8221;fadeInUp&#8221;]Venezia Taxi ofrece a sus clientes un servicio de taxi acu\u00e1tico disponible <strong>las 24 horas del d\u00eda, los 7 d\u00edas de la semana<\/strong>. Para moverse por Venecia, el taxi acu\u00e1tico es una alternativa v\u00e1lida al transporte p\u00fablico, dado el alto precio de los billetes de vaporetto y<strong> los largos tiempos de espera en el transporte p\u00fablico<\/strong>.<br \/>\nEn el caso del <strong>servicio de taxi acu\u00e1tico desde y hacia el aeropuerto de Venecia Marco Polo<\/strong>, si compras directamente el servicio de ida y vuelta en <strong>una sola transacci\u00f3n<\/strong>, puedes obtener un <strong>descuento del 5%<\/strong>.[\/vc_toggle][vc_separator css_animation=&#8221;fadeInLeft&#8221; css=&#8221;.vc_custom_1646931267117{margin-top: 0px !important;margin-bottom: 25px !important;}&#8221;][vc_toggle title=&#8221;\u00bfC\u00d3MO RESERVAR UN TRASLADO?&#8221; style=&#8221;round_outline&#8221; css_animation=&#8221;fadeInUp&#8221;]Comprar online el billete para tu traslado con nuestros taxis acu\u00e1ticos en Venecia es f\u00e1cil, r\u00e1pido y seguro.<\/p>\n<p>En cuatro sencillos pasos, puedes completar la transacci\u00f3n de compra:<br \/>\n\u2013 Elegir el punto de salida<br \/>\n\u2013 Elegir el destino<br \/>\n\u2013 Consultar la tarifa de tu taxi acu\u00e1tico en Venecia (que puede variar seg\u00fan el n\u00famero de pasajeros y equipaje)<br \/>\n\u2013 Comprar el billete<\/p>\n<p>Al finalizar la compra, recibir\u00e1s por correo electr\u00f3nico un justificante que debes imprimir y entregar al conductor del taxi el d\u00eda del traslado.[\/vc_toggle][vc_separator css_animation=&#8221;fadeInLeft&#8221; css=&#8221;.vc_custom_1646931267117{margin-top: 0px !important;margin-bottom: 25px !important;}&#8221;][vc_toggle title=&#8221;NO HE RECIBIDO EL JUSTIFICANTE. \u00bfQU\u00c9 DEBO HACER?&#8221; style=&#8221;round_outline&#8221; css_animation=&#8221;fadeInUp&#8221;]Al finalizar el proceso de compra, ver\u00e1s inmediatamente tu bono imprimible. Si no ves el justificante o no recibes el correo electr\u00f3nico, puedes contactarnos a los siguientes n\u00fameros de tel\u00e9fono:<br \/>\nDe lunes a viernes de 9:00 a 18:00 <strong>+39 041 723009<\/strong> o <strong>+39 041 723112<\/strong><br \/>\nO env\u00eda un correo electr\u00f3nico a <strong><a href=\"mailto:prenotazioni@veneziataxi.it\">prenotazioni@veneziataxi.it<\/a><\/strong>[\/vc_toggle][vc_separator css_animation=&#8221;fadeInLeft&#8221; css=&#8221;.vc_custom_1646931267117{margin-top: 0px !important;margin-bottom: 25px !important;}&#8221;][vc_toggle title=&#8221;\u00bfCU\u00c1NTAS PERSONAS PUEDEN SUBIR AL MISMO TIEMPO EN UNA LANCHA?&#8221; style=&#8221;round_outline&#8221; css_animation=&#8221;fadeInUp&#8221;]La capacidad m\u00e1xima de nuestros taxis acu\u00e1ticos es de <strong>10 personas con equipaje<\/strong>.<br \/>\nPara m\u00e1s de 10 personas, ser\u00e1 necesario reservar uno o varios taxis acu\u00e1ticos adicionales.<br \/>\nHasta 4 personas, el precio no cambia; a partir de 5 personas, se aplica un suplemento de 10\u20ac por persona.<br \/>\nTodos nuestros taxis acu\u00e1ticos cumplen con las normas ECC requeridas para el transporte p\u00fablico y son inspeccionados regularmente.[\/vc_toggle][vc_separator css_animation=&#8221;fadeInLeft&#8221; css=&#8221;.vc_custom_1646931267117{margin-top: 0px !important;margin-bottom: 25px !important;}&#8221;][vc_toggle title=&#8221;\u00bfCU\u00c1NTOS EQUIPAJES PUEDO LLEVAR EN UNA LANCHA?&#8221; style=&#8221;round_outline&#8221; css_animation=&#8221;fadeInUp&#8221;]Puedes llevar hasta <strong>12 maletas<\/strong>.<br \/>\nHasta 4 maletas, el precio no cambia; a partir de 5, se aplica un suplemento de 5\u20ac por maleta.[\/vc_toggle][vc_separator css_animation=&#8221;fadeInLeft&#8221; css=&#8221;.vc_custom_1646931267117{margin-top: 0px !important;margin-bottom: 25px !important;}&#8221;][vc_toggle title=&#8221;\u00bfHAY UN SUPLEMENTO POR LA NOCHE?&#8221; style=&#8221;round_outline&#8221; css_animation=&#8221;fadeInUp&#8221;]S\u00ed, para los traslados que comienzan entre <strong>las 22:00 y las 7:00<\/strong>, se aplicar\u00e1 un <strong>suplemento de 10\u20ac<\/strong>.[\/vc_toggle][vc_separator css_animation=&#8221;fadeInLeft&#8221; css=&#8221;.vc_custom_1646931267117{margin-top: 0px !important;margin-bottom: 25px !important;}&#8221;][vc_toggle title=&#8221;\u00bfPUEDO ELEGIR LA RUTA?&#8221; style=&#8221;round_outline&#8221; css_animation=&#8221;fadeInUp&#8221;]Nuestros taxis acu\u00e1ticos siempre toman la ruta m\u00e1s corta hacia tu destino, pero tambi\u00e9n es posible alargar el viaje pasando por la v\u00eda navegable m\u00e1s fascinante y famosa del mundo: el <strong>Gran Canal<\/strong>.[\/vc_toggle][vc_separator css_animation=&#8221;fadeInLeft&#8221; css=&#8221;.vc_custom_1646931267117{margin-top: 0px !important;margin-bottom: 25px !important;}&#8221;][vc_toggle title=&#8221;\u00bfEL TAXI PUEDE LLEGAR A CUALQUIER HOTEL DE VENECIA O DE LAS ISLAS?&#8221; style=&#8221;round_outline&#8221; css_animation=&#8221;fadeInUp&#8221;]Cuando el hotel tiene un embarcadero privado, casi siempre es posible. Sin embargo, las excepciones son los d\u00edas de marea desfavorable (aguas altas o bajas) En ese caso, el taxi acu\u00e1tico no podr\u00e1 llegar directamente al embarcadero privado del hotel. Siempre te dejar\u00e1n en el punto disponible m\u00e1s cercano (a unos 5 minutos a pie).[\/vc_toggle][vc_empty_space height=&#8221;55px&#8221; alter_height=&#8221;large&#8221; hide_on_mobile=&#8221;&#8221;][\/vc_column][\/vc_row][vc_row full_width=&#8221;stretch_row&#8221; css=&#8221;.vc_custom_1647009001888{margin-right: 10% !important;margin-left: 10% !important;background-color: #f7f7f7 !important;}&#8221;][vc_column][vc_column_text css=&#8221;.vc_custom_1736458217717{margin-top: 50px !important;margin-bottom: 35px !important;}&#8221;]<\/p>\n<h2 style=\"text-align: center;\"><strong>\u00bfTienes m\u00e1s preguntas? Ponte\u00a0en contacto con nosotros.<\/strong><\/h2>\n<p>[\/vc_column_text][vc_column_text]<\/p>\n<p style=\"text-align: center;\">\n<div class=\"wpcf7 no-js\" id=\"wpcf7-f2516-o1\" lang=\"it-IT\" dir=\"ltr\" data-wpcf7-id=\"2516\">\n<div class=\"screen-reader-response\"><p role=\"status\" aria-live=\"polite\" aria-atomic=\"true\"><\/p> <ul><\/ul><\/div>\n<form action=\"\/es\/wp-json\/wp\/v2\/pages\/2449#wpcf7-f2516-o1\" method=\"post\" class=\"wpcf7-form init\" aria-label=\"Modulo di contatto\" novalidate=\"novalidate\" data-status=\"init\">\n<fieldset class=\"hidden-fields-container\"><input type=\"hidden\" name=\"_wpcf7\" value=\"2516\" \/><input type=\"hidden\" name=\"_wpcf7_version\" value=\"6.1.5\" \/><input type=\"hidden\" name=\"_wpcf7_locale\" value=\"it_IT\" \/><input type=\"hidden\" name=\"_wpcf7_unit_tag\" value=\"wpcf7-f2516-o1\" \/><input type=\"hidden\" name=\"_wpcf7_container_post\" value=\"0\" \/><input type=\"hidden\" name=\"_wpcf7_posted_data_hash\" value=\"\" \/>\n<\/fieldset>\n<div class=\"columns_wrap\" bis_skin_checked=\"1\">\n\t<div class=\"column-1_3\" bis_skin_checked=\"1\">\n\t\t<p><span class=\"wpcf7-form-control-wrap your-name\"><input type=\"text\" name=\"your-name\" value=\"\" size=\"40\" class=\"wpcf7-form-control wpcf7-text wpcf7-validates-as-required\" aria-required=\"true\" aria-invalid=\"false\" placeholder=\"Nombre\" \/><\/span><span class=\"wpcf7-form-control-wrap your-phone\"><input type=\"tel\" name=\"your-phone\" value=\"\" size=\"40\" class=\"wpcf7-form-control wpcf7-text wpcf7-tel wpcf7-validates-as-required wpcf7-validates-as-tel\" aria-required=\"true\" aria-invalid=\"false\" placeholder=\"Tu tel\u00e9fono\" \/><\/span>\n\t\t<\/p>\n\t<\/div>\n\t<div class=\"column-1_3\" bis_skin_checked=\"1\">\n\t\t<p><span class=\"wpcf7-form-control-wrap your-email\"><input type=\"email\" name=\"your-email\" value=\"\" size=\"40\" class=\"wpcf7-form-control wpcf7-text wpcf7-email wpcf7-validates-as-required wpcf7-validates-as-email\" aria-required=\"true\" aria-invalid=\"false\" placeholder=\"Tu email\" \/><\/span><span class=\"wpcf7-form-control-wrap your-city\"><input type=\"text\" name=\"your-city\" value=\"\" size=\"40\" class=\"wpcf7-form-control wpcf7-text wpcf7-validates-as-required\" aria-required=\"true\" aria-invalid=\"false\" placeholder=\"Ciudad\" \/><\/span>\n\t\t<\/p>\n\t<\/div>\n\t<div class=\"column-1_3\" bis_skin_checked=\"1\">\n\t\t<p><span class=\"wpcf7-form-control-wrap your-message\"><textarea name=\"your-message\" cols=\"40\" rows=\"10\" class=\"wpcf7-form-control wpcf7-textarea wpcf7-validates-as-required\" aria-required=\"true\" aria-invalid=\"false\" placeholder=\"Comentarios\"><\/textarea><\/span>\n\t\t<\/p>\n\t<\/div>\n<\/div>\n<div class=\"contact-form-acceptance aligncenter\" bis_skin_checked=\"1\">\n\t<p><span class=\"wpcf7-form-control-wrap acceptance-80\"><span class=\"wpcf7-form-control wpcf7-acceptance\"><span class=\"wpcf7-list-item\"><label><input type=\"checkbox\" name=\"acceptance-80\" value=\"1\" aria-invalid=\"false\" \/><span class=\"wpcf7-list-item-label\">Consiento que los datos enviados por m\u00ed sean recopilados y almacenados.<\/span><\/label><\/span><\/span><\/span>\n\t<\/p>\n<\/div>\n<div class=\"form-button\" bis_skin_checked=\"1\">\n\t<p><input type=\"submit\" value=\"Enviar\" class=\"wpcf7-form-control has-spinner wpcf7-submit sc_button_hover_slide_left\" disabled=\"\" \/><span class=\"wpcf7-spinner\"><\/span>\n\t<\/p>\n<\/div><input type=\"hidden\" id=\"ct_checkjs_cf7_42e77b63637ab381e8be5f8318cc28a2\" name=\"ct_checkjs_cf7\" value=\"0\" \/><div class=\"wpcf7-response-output\" aria-hidden=\"true\"><\/div>\n<\/form>\n<\/div>\n<p>[\/vc_column_text][vc_empty_space alter_height=&#8221;large&#8221; hide_on_mobile=&#8221;&#8221;][\/vc_column][\/vc_row]<\/p>\n","protected":false},"excerpt":{"rendered":"<p>[vc_row css=&#8221;.vc_custom_1646932312226{margin-bottom: 50px !important;}&#8221;][vc_column][vc_empty_space height=&#8221;65px&#8221; alter_height=&#8221;large&#8221; hide_on_mobile=&#8221;&#8221;][vc_column_text css_animation=&#8221;fadeInDown&#8221;] Informaci\u00f3n sobre Taxi Acu\u00e1ticos [\/vc_column_text][\/vc_column][\/vc_row][vc_row css=&#8221;.vc_custom_1646931043317{margin-right: 10% !important;margin-left: 10% !important;}&#8221;][vc_column][vc_toggle title=&#8221;\u00bfPOR QU\u00c9 ELEGIR VENEZIA TAXI?&#8221; style=&#8221;round_outline&#8221; css_animation=&#8221;fadeInUp&#8221;]Venezia Taxi ofrece a sus clientes un servicio de taxi acu\u00e1tico disponible las 24 horas del d\u00eda, los 7 d\u00edas de la semana. Para moverse por Venecia, el taxi acu\u00e1tico es una alternativa v\u00e1lida al transporte&hellip;<\/p>\n","protected":false},"author":1,"featured_media":2450,"parent":0,"menu_order":0,"comment_status":"closed","ping_status":"closed","template":"","meta":{"footnotes":""},"class_list":["post-2449","page","type-page","status-publish","has-post-thumbnail","hentry"],"yoast_head":"<!-- This site is optimized with the Yoast SEO plugin v27.3 - https:\/\/yoast.com\/product\/yoast-seo-wordpress\/ -->\n<title>Water Taxi Venecia | Venezia Taxi<\/title>\n<meta name=\"description\" content=\"Informaci\u00f3n sobre los Taxis Acu\u00e1ticos en Venecia | Venezia Taxi Venezia Taxi: m\u00e1s de 30 a\u00f1os de experiencia en los mejores taxis acu\u00e1ticos privados de Venecia. Puntualidad y atenci\u00f3n al detalle. \u00a1Reserva con nosotros!\" \/>\n<meta name=\"robots\" content=\"index, follow, max-snippet:-1, max-image-preview:large, max-video-preview:-1\" \/>\n<link rel=\"canonical\" href=\"https:\/\/veneziataxi.it\/es\/informacion-taxi-venecia\/\" \/>\n<meta property=\"og:locale\" content=\"es_ES\" \/>\n<meta property=\"og:type\" content=\"article\" \/>\n<meta property=\"og:title\" content=\"Water Taxi Venecia | Venezia Taxi\" \/>\n<meta property=\"og:description\" content=\"Informaci\u00f3n sobre los Taxis Acu\u00e1ticos en Venecia | Venezia Taxi Venezia Taxi: m\u00e1s de 30 a\u00f1os de experiencia en los mejores taxis acu\u00e1ticos privados de Venecia. Puntualidad y atenci\u00f3n al detalle. \u00a1Reserva con nosotros!\" \/>\n<meta property=\"og:url\" content=\"https:\/\/veneziataxi.it\/es\/informacion-taxi-venecia\/\" \/>\n<meta property=\"og:site_name\" content=\"Venezia Taxi\" \/>\n<meta property=\"article:publisher\" content=\"https:\/\/www.facebook.com\/profile.php?id=100063518532145\" \/>\n<meta property=\"article:modified_time\" content=\"2025-01-09T21:30:27+00:00\" \/>\n<meta property=\"og:image\" content=\"https:\/\/veneziataxi.it\/wp-content\/uploads\/2022\/03\/faq.jpg\" \/>\n\t<meta property=\"og:image:width\" content=\"1920\" \/>\n\t<meta property=\"og:image:height\" content=\"319\" \/>\n\t<meta property=\"og:image:type\" content=\"image\/jpeg\" \/>\n<meta name=\"twitter:card\" content=\"summary_large_image\" \/>\n<meta name=\"twitter:label1\" content=\"Tiempo de lectura\" \/>\n\t<meta name=\"twitter:data1\" content=\"4 minutos\" \/>\n<script type=\"application\/ld+json\" class=\"yoast-schema-graph\">{\"@context\":\"https:\\\/\\\/schema.org\",\"@graph\":[{\"@type\":\"WebPage\",\"@id\":\"https:\\\/\\\/veneziataxi.it\\\/es\\\/informacion-taxi-venecia\\\/\",\"url\":\"https:\\\/\\\/veneziataxi.it\\\/es\\\/informacion-taxi-venecia\\\/\",\"name\":\"Water Taxi Venecia | Venezia Taxi\",\"isPartOf\":{\"@id\":\"https:\\\/\\\/veneziataxi.it\\\/es\\\/#website\"},\"primaryImageOfPage\":{\"@id\":\"https:\\\/\\\/veneziataxi.it\\\/es\\\/informacion-taxi-venecia\\\/#primaryimage\"},\"image\":{\"@id\":\"https:\\\/\\\/veneziataxi.it\\\/es\\\/informacion-taxi-venecia\\\/#primaryimage\"},\"thumbnailUrl\":\"https:\\\/\\\/veneziataxi.it\\\/wp-content\\\/uploads\\\/2022\\\/03\\\/faq.jpg\",\"datePublished\":\"2022-03-10T16:44:16+00:00\",\"dateModified\":\"2025-01-09T21:30:27+00:00\",\"description\":\"Informaci\u00f3n sobre los Taxis Acu\u00e1ticos en Venecia | Venezia Taxi Venezia Taxi: m\u00e1s de 30 a\u00f1os de experiencia en los mejores taxis acu\u00e1ticos privados de Venecia. Puntualidad y atenci\u00f3n al detalle. \u00a1Reserva con nosotros!\",\"breadcrumb\":{\"@id\":\"https:\\\/\\\/veneziataxi.it\\\/es\\\/informacion-taxi-venecia\\\/#breadcrumb\"},\"inLanguage\":\"es\",\"potentialAction\":[{\"@type\":\"ReadAction\",\"target\":[\"https:\\\/\\\/veneziataxi.it\\\/es\\\/informacion-taxi-venecia\\\/\"]}]},{\"@type\":\"ImageObject\",\"inLanguage\":\"es\",\"@id\":\"https:\\\/\\\/veneziataxi.it\\\/es\\\/informacion-taxi-venecia\\\/#primaryimage\",\"url\":\"https:\\\/\\\/veneziataxi.it\\\/wp-content\\\/uploads\\\/2022\\\/03\\\/faq.jpg\",\"contentUrl\":\"https:\\\/\\\/veneziataxi.it\\\/wp-content\\\/uploads\\\/2022\\\/03\\\/faq.jpg\",\"width\":1920,\"height\":319},{\"@type\":\"BreadcrumbList\",\"@id\":\"https:\\\/\\\/veneziataxi.it\\\/es\\\/informacion-taxi-venecia\\\/#breadcrumb\",\"itemListElement\":[{\"@type\":\"ListItem\",\"position\":1,\"name\":\"Home\",\"item\":\"https:\\\/\\\/veneziataxi.it\\\/es\\\/\"},{\"@type\":\"ListItem\",\"position\":2,\"name\":\"FAQ\"}]},{\"@type\":\"WebSite\",\"@id\":\"https:\\\/\\\/veneziataxi.it\\\/es\\\/#website\",\"url\":\"https:\\\/\\\/veneziataxi.it\\\/es\\\/\",\"name\":\"Venezia Taxi\",\"description\":\"Il tuo taxi acqueo a Venezia\",\"publisher\":{\"@id\":\"https:\\\/\\\/veneziataxi.it\\\/es\\\/#organization\"},\"potentialAction\":[{\"@type\":\"SearchAction\",\"target\":{\"@type\":\"EntryPoint\",\"urlTemplate\":\"https:\\\/\\\/veneziataxi.it\\\/es\\\/?s={search_term_string}\"},\"query-input\":{\"@type\":\"PropertyValueSpecification\",\"valueRequired\":true,\"valueName\":\"search_term_string\"}}],\"inLanguage\":\"es\"},{\"@type\":\"Organization\",\"@id\":\"https:\\\/\\\/veneziataxi.it\\\/es\\\/#organization\",\"name\":\"Venezia Taxi\",\"url\":\"https:\\\/\\\/veneziataxi.it\\\/es\\\/\",\"logo\":{\"@type\":\"ImageObject\",\"inLanguage\":\"es\",\"@id\":\"https:\\\/\\\/veneziataxi.it\\\/es\\\/#\\\/schema\\\/logo\\\/image\\\/\",\"url\":\"https:\\\/\\\/veneziataxi.it\\\/wp-content\\\/uploads\\\/2022\\\/01\\\/cropped-ico.jpg\",\"contentUrl\":\"https:\\\/\\\/veneziataxi.it\\\/wp-content\\\/uploads\\\/2022\\\/01\\\/cropped-ico.jpg\",\"width\":512,\"height\":512,\"caption\":\"Venezia Taxi\"},\"image\":{\"@id\":\"https:\\\/\\\/veneziataxi.it\\\/es\\\/#\\\/schema\\\/logo\\\/image\\\/\"},\"sameAs\":[\"https:\\\/\\\/www.facebook.com\\\/profile.php?id=100063518532145\"]}]}<\/script>\n<!-- \/ Yoast SEO plugin. -->","yoast_head_json":{"title":"Water Taxi Venecia | Venezia Taxi","description":"Informaci\u00f3n sobre los Taxis Acu\u00e1ticos en Venecia | Venezia Taxi Venezia Taxi: m\u00e1s de 30 a\u00f1os de experiencia en los mejores taxis acu\u00e1ticos privados de Venecia. Puntualidad y atenci\u00f3n al detalle. \u00a1Reserva con nosotros!","robots":{"index":"index","follow":"follow","max-snippet":"max-snippet:-1","max-image-preview":"max-image-preview:large","max-video-preview":"max-video-preview:-1"},"canonical":"https:\/\/veneziataxi.it\/es\/informacion-taxi-venecia\/","og_locale":"es_ES","og_type":"article","og_title":"Water Taxi Venecia | Venezia Taxi","og_description":"Informaci\u00f3n sobre los Taxis Acu\u00e1ticos en Venecia | Venezia Taxi Venezia Taxi: m\u00e1s de 30 a\u00f1os de experiencia en los mejores taxis acu\u00e1ticos privados de Venecia. Puntualidad y atenci\u00f3n al detalle. \u00a1Reserva con nosotros!","og_url":"https:\/\/veneziataxi.it\/es\/informacion-taxi-venecia\/","og_site_name":"Venezia Taxi","article_publisher":"https:\/\/www.facebook.com\/profile.php?id=100063518532145","article_modified_time":"2025-01-09T21:30:27+00:00","og_image":[{"width":1920,"height":319,"url":"https:\/\/veneziataxi.it\/wp-content\/uploads\/2022\/03\/faq.jpg","type":"image\/jpeg"}],"twitter_card":"summary_large_image","twitter_misc":{"Tiempo de lectura":"4 minutos"},"schema":{"@context":"https:\/\/schema.org","@graph":[{"@type":"WebPage","@id":"https:\/\/veneziataxi.it\/es\/informacion-taxi-venecia\/","url":"https:\/\/veneziataxi.it\/es\/informacion-taxi-venecia\/","name":"Water Taxi Venecia | Venezia Taxi","isPartOf":{"@id":"https:\/\/veneziataxi.it\/es\/#website"},"primaryImageOfPage":{"@id":"https:\/\/veneziataxi.it\/es\/informacion-taxi-venecia\/#primaryimage"},"image":{"@id":"https:\/\/veneziataxi.it\/es\/informacion-taxi-venecia\/#primaryimage"},"thumbnailUrl":"https:\/\/veneziataxi.it\/wp-content\/uploads\/2022\/03\/faq.jpg","datePublished":"2022-03-10T16:44:16+00:00","dateModified":"2025-01-09T21:30:27+00:00","description":"Informaci\u00f3n sobre los Taxis Acu\u00e1ticos en Venecia | Venezia Taxi Venezia Taxi: m\u00e1s de 30 a\u00f1os de experiencia en los mejores taxis acu\u00e1ticos privados de Venecia. Puntualidad y atenci\u00f3n al detalle. \u00a1Reserva con nosotros!","breadcrumb":{"@id":"https:\/\/veneziataxi.it\/es\/informacion-taxi-venecia\/#breadcrumb"},"inLanguage":"es","potentialAction":[{"@type":"ReadAction","target":["https:\/\/veneziataxi.it\/es\/informacion-taxi-venecia\/"]}]},{"@type":"ImageObject","inLanguage":"es","@id":"https:\/\/veneziataxi.it\/es\/informacion-taxi-venecia\/#primaryimage","url":"https:\/\/veneziataxi.it\/wp-content\/uploads\/2022\/03\/faq.jpg","contentUrl":"https:\/\/veneziataxi.it\/wp-content\/uploads\/2022\/03\/faq.jpg","width":1920,"height":319},{"@type":"BreadcrumbList","@id":"https:\/\/veneziataxi.it\/es\/informacion-taxi-venecia\/#breadcrumb","itemListElement":[{"@type":"ListItem","position":1,"name":"Home","item":"https:\/\/veneziataxi.it\/es\/"},{"@type":"ListItem","position":2,"name":"FAQ"}]},{"@type":"WebSite","@id":"https:\/\/veneziataxi.it\/es\/#website","url":"https:\/\/veneziataxi.it\/es\/","name":"Venezia Taxi","description":"Il tuo taxi acqueo a Venezia","publisher":{"@id":"https:\/\/veneziataxi.it\/es\/#organization"},"potentialAction":[{"@type":"SearchAction","target":{"@type":"EntryPoint","urlTemplate":"https:\/\/veneziataxi.it\/es\/?s={search_term_string}"},"query-input":{"@type":"PropertyValueSpecification","valueRequired":true,"valueName":"search_term_string"}}],"inLanguage":"es"},{"@type":"Organization","@id":"https:\/\/veneziataxi.it\/es\/#organization","name":"Venezia Taxi","url":"https:\/\/veneziataxi.it\/es\/","logo":{"@type":"ImageObject","inLanguage":"es","@id":"https:\/\/veneziataxi.it\/es\/#\/schema\/logo\/image\/","url":"https:\/\/veneziataxi.it\/wp-content\/uploads\/2022\/01\/cropped-ico.jpg","contentUrl":"https:\/\/veneziataxi.it\/wp-content\/uploads\/2022\/01\/cropped-ico.jpg","width":512,"height":512,"caption":"Venezia Taxi"},"image":{"@id":"https:\/\/veneziataxi.it\/es\/#\/schema\/logo\/image\/"},"sameAs":["https:\/\/www.facebook.com\/profile.php?id=100063518532145"]}]}},"_links":{"self":[{"href":"https:\/\/veneziataxi.it\/es\/wp-json\/wp\/v2\/pages\/2449","targetHints":{"allow":["GET"]}}],"collection":[{"href":"https:\/\/veneziataxi.it\/es\/wp-json\/wp\/v2\/pages"}],"about":[{"href":"https:\/\/veneziataxi.it\/es\/wp-json\/wp\/v2\/types\/page"}],"author":[{"embeddable":true,"href":"https:\/\/veneziataxi.it\/es\/wp-json\/wp\/v2\/users\/1"}],"replies":[{"embeddable":true,"href":"https:\/\/veneziataxi.it\/es\/wp-json\/wp\/v2\/comments?post=2449"}],"version-history":[{"count":8,"href":"https:\/\/veneziataxi.it\/es\/wp-json\/wp\/v2\/pages\/2449\/revisions"}],"predecessor-version":[{"id":2534,"href":"https:\/\/veneziataxi.it\/es\/wp-json\/wp\/v2\/pages\/2449\/revisions\/2534"}],"wp:featuredmedia":[{"embeddable":true,"href":"https:\/\/veneziataxi.it\/es\/wp-json\/wp\/v2\/media\/2450"}],"wp:attachment":[{"href":"https:\/\/veneziataxi.it\/es\/wp-json\/wp\/v2\/media?parent=2449"}],"curies":[{"name":"wp","href":"https:\/\/api.w.org\/{rel}","templated":true}]}}