{"id":2499,"date":"2022-03-14T12:20:50","date_gmt":"2022-03-14T11:20:50","guid":{"rendered":"https:\/\/veneziataxi.it\/?page_id=2499"},"modified":"2025-01-05T14:31:15","modified_gmt":"2025-01-05T13:31:15","slug":"condiciones-generales","status":"publish","type":"page","link":"https:\/\/veneziataxi.it\/es\/condiciones-generales\/","title":{"rendered":"Condiciones generales"},"content":{"rendered":"<p>[vc_row][vc_column][vc_column_text css_animation=&#8221;fadeInUp&#8221; css=&#8221;.vc_custom_1736083543845{margin-right: 10% !important;margin-left: 10% !important;}&#8221;]<strong>INFORMACI\u00d3N GENERAL<\/strong><\/p>\n<p>Las presentes Condiciones Generales de Venta regulan la compra de billetes para taxis acu\u00e1ticos realizada a distancia a trav\u00e9s de la red telem\u00e1tica en el sitio web <a href=\"http:\/\/www.veneziataxi.it\" target=\"_new\" rel=\"noopener\">www.veneziataxi.it<\/a>, con sede en Venecia, Sestiere Santa Croce, 328. Cada operaci\u00f3n de compra estar\u00e1 sujeta a las disposiciones del Decreto Legislativo 185\/99, Decreto Legislativo 206\/05; la informaci\u00f3n destinada a la conclusi\u00f3n del contrato estar\u00e1 sujeta al art\u00edculo 12 del Decreto Legislativo 70\/03 y, en lo que respecta a la protecci\u00f3n de la privacidad, estar\u00e1 sujeta a la normativa del Decreto Legislativo 196\/03.<\/p>\n<p><strong>CONCLUSI\u00d3N DEL CONTRATO Y ACEPTACI\u00d3N DE LAS CONDICIONES GENERALES DE VENTA<\/strong><\/p>\n<p>Los contratos de venta de servicios en el sitio <a href=\"http:\/\/www.veneziataxi.it\" target=\"_new\" rel=\"noopener\">www.veneziataxi.it<\/a> se consideran concluidos en el momento en que el pedido de compra realizado por el cliente llega a Venezia Taxi y este lo acepta. Venezia Taxi enviar\u00e1 al cliente, de manera inmediata, el recibo del pedido de compra efectuado.<\/p>\n<p>El cliente, al enviar telem\u00e1ticamente su pedido de compra, declara haber le\u00eddo y aceptado las presentes condiciones generales de contrato y se compromete a cumplirlas y respetarlas en sus relaciones con Venezia Taxi.<\/p>\n<p><strong>TRATAMIENTO DE DATOS PERSONALES<\/strong><\/p>\n<p>Venezia Taxi, en virtud del art\u00edculo 13 del Reglamento de la UE 2016\/679, informa que los datos personales, fiscales y de identificaci\u00f3n adquiridos, incluso de forma verbal, en relaci\u00f3n con las relaciones comerciales establecidas, proporcionados directamente por los interesados o adquiridos de manera diferente en el \u00e1mbito de las actividades de la empresa, ser\u00e1n tratados respetando la normativa mencionada, incluidos los deberes de confidencialidad previstos por esta.<\/p>\n<p>En relaci\u00f3n con los mencionados datos, se podr\u00e1n ejercer los derechos previstos en el art\u00edculo 13 del Reglamento de la UE 2016\/679.<\/p>\n<p><strong>OBLIGACIONES DEL CLIENTE<\/strong><\/p>\n<p>El Cliente est\u00e1 obligado, antes de enviar su pedido de compra, a leer atentamente las presentes condiciones generales de venta. El env\u00edo del pedido de compra implica el pleno conocimiento y la aceptaci\u00f3n de las mismas.<\/p>\n<p><strong>DEFINICI\u00d3N DEL PEDIDO<\/strong><\/p>\n<p>Al enviar el pedido en l\u00ednea, el Cliente transmite a Venezia Taxi una propuesta de compra de los servicios seleccionados (reserva del servicio de taxi). Cuando el Cliente realiza un pedido en l\u00ednea para los productos elegidos en el formulario de reserva, acepta comprarlos al precio y en los t\u00e9rminos indicados en las presentes Condiciones Generales de Venta.<\/p>\n<p>Venezia Taxi comunicar\u00e1 al Cliente la aceptaci\u00f3n y confirmaci\u00f3n del pedido.<\/p>\n<p><strong>MODALIDAD DE COMPRA<\/strong><\/p>\n<p>El cliente adquiere el servicio de reserva al precio indicado, al que se a\u00f1aden los gastos adicionales especificados siempre en el formulario de reserva.<\/p>\n<p>Una vez enviado el pedido de compra, el cliente recibir\u00e1 de Venezia Taxi un mensaje de correo electr\u00f3nico que confirma la recepci\u00f3n del pedido de compra y que contiene la informaci\u00f3n relativa a las caracter\u00edsticas principales del servicio adquirido, una indicaci\u00f3n detallada del precio, de los impuestos aplicables y de los m\u00e9todos de pago, adem\u00e1s de un enlace a las condiciones generales del contrato y la informaci\u00f3n sobre la existencia del derecho de desistimiento, sus condiciones y la forma de ejercerlo tal como se visualizan en el sitio web.<\/p>\n<p><strong>PAGO<\/strong><\/p>\n<p>El cliente puede realizar el pago mediante PayPal o tarjeta de cr\u00e9dito.<\/p>\n<p><strong>Pago con tarjeta de cr\u00e9dito o PayPal:<\/strong> En caso de que el consumidor desee realizar el pago mediante tarjeta de cr\u00e9dito, podr\u00e1 utilizar el procedimiento de pago a trav\u00e9s de PayPal, que asegura la confidencialidad de los datos proporcionados por los clientes. Si el cliente es titular de una cuenta PayPal, podr\u00e1 pagar directamente a trav\u00e9s de su cuenta PayPal sin necesidad de usar la tarjeta de cr\u00e9dito. Para cualquier informaci\u00f3n adicional y otros Acuerdos Legales, se recomienda al Cliente consultar el sitio web <a href=\"http:\/\/www.paypal.com\" target=\"_new\" rel=\"noopener\">www.paypal.com<\/a>.[\/vc_column_text][\/vc_column][\/vc_row][vc_row css_animation=&#8221;none&#8221; css=&#8221;.vc_custom_1647272744233{margin-top: 25px !important;margin-bottom: 25px !important;background-color: #efefef !important;}&#8221;][vc_column css=&#8221;.vc_custom_1647272780946{background-color: rgba(255,255,255,0.01) !important;*background-color: rgb(255,255,255) !important;}&#8221;][vc_empty_space height=&#8221;30px&#8221; hide_on_mobile=&#8221;&#8221;][vc_column_text css_animation=&#8221;fadeInUp&#8221; css=&#8221;.vc_custom_1736083784444{margin-right: 10% !important;margin-left: 10% !important;padding-top: 15px !important;padding-bottom: 15px !important;background-color: rgba(255,255,255,0.01) !important;*background-color: rgb(255,255,255) !important;}&#8221;]<b>INFORMACI\u00d3N SOBRE LOS PRECIOS<\/b><\/p>\n<p>La capacidad m\u00e1xima de nuestros taxis acu\u00e1ticos es de <strong>10 personas con equipaje<\/strong>. Para m\u00e1s de 10 pasajeros ser\u00e1 necesario reservar uno o m\u00e1s taxis adicionales. <strong><u>Hasta 4 personas, el precio permanece sin cambios; a partir de 5 personas se aplica un suplemento de 10 \u20ac por persona<\/u><\/strong>.<\/p>\n<p>Es posible transportar <strong>hasta 12 equipajes. <u>Hasta 4 equipajes, el precio permanece sin cambios; a partir de 5 equipajes se aplica un suplemento de 5 \u20ac por cada uno<\/u><\/strong>.<\/p>\n<p><strong>Adem\u00e1s, se aplica un suplemento de 25 \u20ac a pagar directamente al taxista si se atraviesan canales internos.<\/strong><\/p>\n<p>Se aplica un <strong>suplemento por el servicio nocturno<\/strong> para servicios realizados entre <strong>las 22:00 y las 7:00<\/strong>. Al momento de la reserva, es posible seleccionar si se trata de una reserva est\u00e1ndar o nocturna (22:00\u20137:00).<\/p>\n<p><b>TIEMPOS DE ESPERA<\/b><\/p>\n<p>Si la reserva se realiza en el lugar, podr\u00eda haber un tiempo de espera de 15 a 30 minutos.[\/vc_column_text][\/vc_column][\/vc_row][vc_row css_animation=&#8221;none&#8221;][vc_column][vc_empty_space height=&#8221;30px&#8221; hide_on_mobile=&#8221;&#8221;][vc_column_text css_animation=&#8221;fadeInUp&#8221; css=&#8221;.vc_custom_1736083863527{margin-right: 10% !important;margin-left: 10% !important;}&#8221;]<strong>DERECHO DE DESISTIMIENTO<\/strong><\/p>\n<p>El consumidor tiene derecho a ejercer el derecho de desistimiento. En particular, el consumidor puede desistir de cualquier contrato celebrado con Venezia Taxi, sin penalizaci\u00f3n alguna y sin necesidad de justificar el motivo, dentro del plazo de 14 (catorce) d\u00edas h\u00e1biles a partir de la fecha de la reserva.<\/p>\n<p>El derecho de desistimiento se reconoce al consumidor respecto a cualquier servicio adquirido en el sitio web <a href=\"http:\/\/www.veneziataxi.it\" target=\"_new\" rel=\"noopener\">www.veneziataxi.it<\/a>.<\/p>\n<p><strong>MODALIDADES PARA EJERCER EL DERECHO DE DESISTIMIENTO<\/strong><\/p>\n<p>El derecho de desistimiento se ejerce enviando, dentro del plazo indicado, una comunicaci\u00f3n escrita a la direcci\u00f3n de correo electr\u00f3nico de Venezia Taxi.<\/p>\n<p>En caso de ejercicio del derecho de desistimiento, la comunicaci\u00f3n debe enviarse a la siguiente direcci\u00f3n:<\/p>\n<p><strong><a rel=\"noopener\">info@veneziataxi.it<\/a><\/strong><\/p>\n<p>Si el cliente ejerce el derecho de desistimiento de acuerdo con las disposiciones de esta cl\u00e1usula, Venezia Taxi estar\u00e1 obligada a reembolsar las sumas pagadas por el cliente, excluyendo los gastos de env\u00edo.<\/p>\n<p>En particular, Venezia Taxi realizar\u00e1 la transferencia del reembolso correspondiente al coste del servicio adquirido dentro de un plazo de 30 (treinta) d\u00edas desde la recepci\u00f3n del correo electr\u00f3nico del cliente. Esta operaci\u00f3n se llevar\u00e1 a cabo a trav\u00e9s de PayPal.<\/p>\n<p>Venezia Taxi se reserva el derecho de rechazar cualquier servicio reservado que no cumpla con los procedimientos y tiempos especificados para comunicar el ejercicio del derecho de desistimiento.<\/p>\n<p><strong>CL\u00c1USULA RESOLUTORIA EXPRESA<\/strong><\/p>\n<p>En caso de impago total o parcial del precio de compra del servicio, Venezia Taxi se reserva el derecho de declarar resuelto el presente contrato de acuerdo con el art\u00edculo 1456 del C\u00f3digo Civil italiano, mediante el env\u00edo de una comunicaci\u00f3n escrita a la direcci\u00f3n de correo electr\u00f3nico del cliente.<\/p>\n<p><strong>RECLAMACIONES<\/strong><\/p>\n<p>Para cualquier reclamaci\u00f3n o aclaraci\u00f3n, el cliente debe ponerse en contacto con el n\u00famero <strong>+39 041 723112<\/strong> o enviar un correo electr\u00f3nico a <strong><a rel=\"noopener\">info@veneziataxi.it<\/a><\/strong>. El cliente ser\u00e1 contactado para aclaraciones dentro de un plazo de 3 (tres) d\u00edas h\u00e1biles desde la solicitud.<\/p>\n<p><strong>LEY APLICABLE Y JURISDICCI\u00d3N<\/strong><\/p>\n<p>El presente contrato se rige por la legislaci\u00f3n italiana. La competencia y jurisdicci\u00f3n exclusiva para cualquier acci\u00f3n legal emprendida por el Comprador en virtud de esta garant\u00eda o de cualquier otra garant\u00eda legal ser\u00e1 el Tribunal de Venecia. En caso de que Venezia Taxi gane una acci\u00f3n legal, la parte demandante deber\u00e1 reembolsar a Venezia Taxi los costes, incluidos los honorarios de abogados y los gastos del juicio.<\/p>\n<p><strong>REMISI\u00d3N<\/strong><\/p>\n<p>Para todo lo que no est\u00e9 expresamente previsto en este contrato, se aplicar\u00e1n las normas vigentes del derecho italiano.[\/vc_column_text][vc_empty_space height=&#8221;20px&#8221; alter_height=&#8221;huge&#8221; hide_on_mobile=&#8221;&#8221;][\/vc_column][\/vc_row]<\/p>\n","protected":false},"excerpt":{"rendered":"<p>[vc_row][vc_column][vc_column_text css_animation=&#8221;fadeInUp&#8221; css=&#8221;.vc_custom_1736083543845{margin-right: 10% !important;margin-left: 10% !important;}&#8221;]INFORMACI\u00d3N GENERAL Las presentes Condiciones Generales de Venta regulan la compra de billetes para taxis acu\u00e1ticos realizada a distancia a trav\u00e9s de la red telem\u00e1tica en el sitio web www.veneziataxi.it, con sede en Venecia, Sestiere Santa Croce, 328. Cada operaci\u00f3n de compra estar\u00e1 sujeta a las disposiciones del Decreto Legislativo 185\/99, Decreto Legislativo 206\/05;&hellip;<\/p>\n","protected":false},"author":1,"featured_media":0,"parent":0,"menu_order":0,"comment_status":"closed","ping_status":"closed","template":"","meta":{"footnotes":""},"class_list":["post-2499","page","type-page","status-publish","hentry"],"yoast_head":"<!-- This site is optimized with the Yoast SEO plugin v27.4 - https:\/\/yoast.com\/product\/yoast-seo-wordpress\/ -->\n<title>Condiciones generales - Venezia Taxi<\/title>\n<meta name=\"robots\" content=\"index, follow, max-snippet:-1, max-image-preview:large, max-video-preview:-1\" \/>\n<link rel=\"canonical\" href=\"https:\/\/veneziataxi.it\/es\/condiciones-generales\/\" \/>\n<meta property=\"og:locale\" content=\"es_ES\" \/>\n<meta property=\"og:type\" content=\"article\" \/>\n<meta property=\"og:title\" content=\"Condiciones generales - Venezia Taxi\" \/>\n<meta property=\"og:description\" content=\"[vc_row][vc_column][vc_column_text css_animation=&#8221;fadeInUp&#8221; css=&#8221;.vc_custom_1736083543845{margin-right: 10% !important;margin-left: 10% !important;}&#8221;]INFORMACI\u00d3N GENERAL Las presentes Condiciones Generales de Venta regulan la compra de billetes para taxis acu\u00e1ticos realizada a distancia a trav\u00e9s de la red telem\u00e1tica en el sitio web www.veneziataxi.it, con sede en Venecia, Sestiere Santa Croce, 328. Cada operaci\u00f3n de compra estar\u00e1 sujeta a las disposiciones del Decreto Legislativo 185\/99, Decreto Legislativo 206\/05;&hellip;\" \/>\n<meta property=\"og:url\" content=\"https:\/\/veneziataxi.it\/es\/condiciones-generales\/\" \/>\n<meta property=\"og:site_name\" content=\"Venezia Taxi\" \/>\n<meta property=\"article:publisher\" content=\"https:\/\/www.facebook.com\/profile.php?id=100063518532145\" \/>\n<meta property=\"article:modified_time\" content=\"2025-01-05T13:31:15+00:00\" \/>\n<meta name=\"twitter:card\" content=\"summary_large_image\" \/>\n<meta name=\"twitter:label1\" content=\"Tiempo de lectura\" \/>\n\t<meta name=\"twitter:data1\" content=\"7 minutos\" \/>\n<script type=\"application\/ld+json\" class=\"yoast-schema-graph\">{\"@context\":\"https:\\\/\\\/schema.org\",\"@graph\":[{\"@type\":\"WebPage\",\"@id\":\"https:\\\/\\\/veneziataxi.it\\\/es\\\/condiciones-generales\\\/\",\"url\":\"https:\\\/\\\/veneziataxi.it\\\/es\\\/condiciones-generales\\\/\",\"name\":\"Condiciones generales - Venezia Taxi\",\"isPartOf\":{\"@id\":\"https:\\\/\\\/veneziataxi.it\\\/es\\\/#website\"},\"datePublished\":\"2022-03-14T11:20:50+00:00\",\"dateModified\":\"2025-01-05T13:31:15+00:00\",\"breadcrumb\":{\"@id\":\"https:\\\/\\\/veneziataxi.it\\\/es\\\/condiciones-generales\\\/#breadcrumb\"},\"inLanguage\":\"es\",\"potentialAction\":[{\"@type\":\"ReadAction\",\"target\":[\"https:\\\/\\\/veneziataxi.it\\\/es\\\/condiciones-generales\\\/\"]}]},{\"@type\":\"BreadcrumbList\",\"@id\":\"https:\\\/\\\/veneziataxi.it\\\/es\\\/condiciones-generales\\\/#breadcrumb\",\"itemListElement\":[{\"@type\":\"ListItem\",\"position\":1,\"name\":\"Home\",\"item\":\"https:\\\/\\\/veneziataxi.it\\\/es\\\/\"},{\"@type\":\"ListItem\",\"position\":2,\"name\":\"Condiciones generales\"}]},{\"@type\":\"WebSite\",\"@id\":\"https:\\\/\\\/veneziataxi.it\\\/es\\\/#website\",\"url\":\"https:\\\/\\\/veneziataxi.it\\\/es\\\/\",\"name\":\"Venezia Taxi\",\"description\":\"Il tuo taxi acqueo a Venezia\",\"publisher\":{\"@id\":\"https:\\\/\\\/veneziataxi.it\\\/es\\\/#organization\"},\"potentialAction\":[{\"@type\":\"SearchAction\",\"target\":{\"@type\":\"EntryPoint\",\"urlTemplate\":\"https:\\\/\\\/veneziataxi.it\\\/es\\\/?s={search_term_string}\"},\"query-input\":{\"@type\":\"PropertyValueSpecification\",\"valueRequired\":true,\"valueName\":\"search_term_string\"}}],\"inLanguage\":\"es\"},{\"@type\":\"Organization\",\"@id\":\"https:\\\/\\\/veneziataxi.it\\\/es\\\/#organization\",\"name\":\"Venezia Taxi\",\"url\":\"https:\\\/\\\/veneziataxi.it\\\/es\\\/\",\"logo\":{\"@type\":\"ImageObject\",\"inLanguage\":\"es\",\"@id\":\"https:\\\/\\\/veneziataxi.it\\\/es\\\/#\\\/schema\\\/logo\\\/image\\\/\",\"url\":\"https:\\\/\\\/veneziataxi.it\\\/wp-content\\\/uploads\\\/2022\\\/01\\\/cropped-ico.jpg\",\"contentUrl\":\"https:\\\/\\\/veneziataxi.it\\\/wp-content\\\/uploads\\\/2022\\\/01\\\/cropped-ico.jpg\",\"width\":512,\"height\":512,\"caption\":\"Venezia Taxi\"},\"image\":{\"@id\":\"https:\\\/\\\/veneziataxi.it\\\/es\\\/#\\\/schema\\\/logo\\\/image\\\/\"},\"sameAs\":[\"https:\\\/\\\/www.facebook.com\\\/profile.php?id=100063518532145\"]}]}<\/script>\n<!-- \/ Yoast SEO plugin. -->","yoast_head_json":{"title":"Condiciones generales - Venezia Taxi","robots":{"index":"index","follow":"follow","max-snippet":"max-snippet:-1","max-image-preview":"max-image-preview:large","max-video-preview":"max-video-preview:-1"},"canonical":"https:\/\/veneziataxi.it\/es\/condiciones-generales\/","og_locale":"es_ES","og_type":"article","og_title":"Condiciones generales - Venezia Taxi","og_description":"[vc_row][vc_column][vc_column_text css_animation=&#8221;fadeInUp&#8221; css=&#8221;.vc_custom_1736083543845{margin-right: 10% !important;margin-left: 10% !important;}&#8221;]INFORMACI\u00d3N GENERAL Las presentes Condiciones Generales de Venta regulan la compra de billetes para taxis acu\u00e1ticos realizada a distancia a trav\u00e9s de la red telem\u00e1tica en el sitio web www.veneziataxi.it, con sede en Venecia, Sestiere Santa Croce, 328. Cada operaci\u00f3n de compra estar\u00e1 sujeta a las disposiciones del Decreto Legislativo 185\/99, Decreto Legislativo 206\/05;&hellip;","og_url":"https:\/\/veneziataxi.it\/es\/condiciones-generales\/","og_site_name":"Venezia Taxi","article_publisher":"https:\/\/www.facebook.com\/profile.php?id=100063518532145","article_modified_time":"2025-01-05T13:31:15+00:00","twitter_card":"summary_large_image","twitter_misc":{"Tiempo de lectura":"7 minutos"},"schema":{"@context":"https:\/\/schema.org","@graph":[{"@type":"WebPage","@id":"https:\/\/veneziataxi.it\/es\/condiciones-generales\/","url":"https:\/\/veneziataxi.it\/es\/condiciones-generales\/","name":"Condiciones generales - Venezia Taxi","isPartOf":{"@id":"https:\/\/veneziataxi.it\/es\/#website"},"datePublished":"2022-03-14T11:20:50+00:00","dateModified":"2025-01-05T13:31:15+00:00","breadcrumb":{"@id":"https:\/\/veneziataxi.it\/es\/condiciones-generales\/#breadcrumb"},"inLanguage":"es","potentialAction":[{"@type":"ReadAction","target":["https:\/\/veneziataxi.it\/es\/condiciones-generales\/"]}]},{"@type":"BreadcrumbList","@id":"https:\/\/veneziataxi.it\/es\/condiciones-generales\/#breadcrumb","itemListElement":[{"@type":"ListItem","position":1,"name":"Home","item":"https:\/\/veneziataxi.it\/es\/"},{"@type":"ListItem","position":2,"name":"Condiciones generales"}]},{"@type":"WebSite","@id":"https:\/\/veneziataxi.it\/es\/#website","url":"https:\/\/veneziataxi.it\/es\/","name":"Venezia Taxi","description":"Il tuo taxi acqueo a Venezia","publisher":{"@id":"https:\/\/veneziataxi.it\/es\/#organization"},"potentialAction":[{"@type":"SearchAction","target":{"@type":"EntryPoint","urlTemplate":"https:\/\/veneziataxi.it\/es\/?s={search_term_string}"},"query-input":{"@type":"PropertyValueSpecification","valueRequired":true,"valueName":"search_term_string"}}],"inLanguage":"es"},{"@type":"Organization","@id":"https:\/\/veneziataxi.it\/es\/#organization","name":"Venezia Taxi","url":"https:\/\/veneziataxi.it\/es\/","logo":{"@type":"ImageObject","inLanguage":"es","@id":"https:\/\/veneziataxi.it\/es\/#\/schema\/logo\/image\/","url":"https:\/\/veneziataxi.it\/wp-content\/uploads\/2022\/01\/cropped-ico.jpg","contentUrl":"https:\/\/veneziataxi.it\/wp-content\/uploads\/2022\/01\/cropped-ico.jpg","width":512,"height":512,"caption":"Venezia Taxi"},"image":{"@id":"https:\/\/veneziataxi.it\/es\/#\/schema\/logo\/image\/"},"sameAs":["https:\/\/www.facebook.com\/profile.php?id=100063518532145"]}]}},"_links":{"self":[{"href":"https:\/\/veneziataxi.it\/es\/wp-json\/wp\/v2\/pages\/2499","targetHints":{"allow":["GET"]}}],"collection":[{"href":"https:\/\/veneziataxi.it\/es\/wp-json\/wp\/v2\/pages"}],"about":[{"href":"https:\/\/veneziataxi.it\/es\/wp-json\/wp\/v2\/types\/page"}],"author":[{"embeddable":true,"href":"https:\/\/veneziataxi.it\/es\/wp-json\/wp\/v2\/users\/1"}],"replies":[{"embeddable":true,"href":"https:\/\/veneziataxi.it\/es\/wp-json\/wp\/v2\/comments?post=2499"}],"version-history":[{"count":4,"href":"https:\/\/veneziataxi.it\/es\/wp-json\/wp\/v2\/pages\/2499\/revisions"}],"predecessor-version":[{"id":2503,"href":"https:\/\/veneziataxi.it\/es\/wp-json\/wp\/v2\/pages\/2499\/revisions\/2503"}],"wp:attachment":[{"href":"https:\/\/veneziataxi.it\/es\/wp-json\/wp\/v2\/media?parent=2499"}],"curies":[{"name":"wp","href":"https:\/\/api.w.org\/{rel}","templated":true}]}}