{"id":2504,"date":"2022-03-14T12:08:11","date_gmt":"2022-03-14T11:08:11","guid":{"rendered":"https:\/\/veneziataxi.it\/?page_id=2504"},"modified":"2025-01-05T14:39:54","modified_gmt":"2025-01-05T13:39:54","slug":"politica-de-privacidad","status":"publish","type":"page","link":"https:\/\/veneziataxi.it\/es\/politica-de-privacidad\/","title":{"rendered":"Pol\u00edtica de privacidad"},"content":{"rendered":"<p>[vc_row][vc_column][vc_empty_space height=&#8221;30px&#8221; alter_height=&#8221;large&#8221; hide_on_mobile=&#8221;&#8221;][vc_column_text css_animation=&#8221;fadeInUp&#8221; css=&#8221;.vc_custom_1736084374387{margin-right: 10% !important;margin-left: 10% !important;}&#8221;]<strong>Pol\u00edtica de Privacidad<\/strong><\/p>\n<p><strong>Consorzio Venezia Taxi<\/strong> utilizar\u00e1 \u00fanicamente la informaci\u00f3n que recopile sobre ti de manera legal. Recopilamos informaci\u00f3n sobre ti por dos motivos: en primer lugar, para procesar tu pedido, y en segundo lugar, para ofrecerte el mejor servicio posible. En el futuro, solo te enviaremos correos electr\u00f3nicos si previamente nos has dado tu consentimiento.<\/p>\n<p>El tipo de informaci\u00f3n que recopilaremos sobre ti cuando realices un pedido o te registres en nuestro sitio web incluye:<\/p>\n<ul>\n<li>Nombre y direcci\u00f3n<\/li>\n<li>N\u00famero de tel\u00e9fono<\/li>\n<li>Direcci\u00f3n de correo electr\u00f3nico<\/li>\n<li>WooCommerce o PayPal procesan los datos de la tarjeta en su sitio seguro para aceptar el pago de todos los pedidos realizados en <strong><a href=\"http:\/\/www.veneziataxi.it\" target=\"_new\" rel=\"noopener\">www.veneziataxi.it<\/a><\/strong><\/li>\n<\/ul>\n<p>La informaci\u00f3n mencionada se almacena en nuestros sistemas internos y nuestro sitio web simplemente te verifica como cliente de Venezia Taxi. Nunca recopilaremos informaci\u00f3n sensible sobre ti sin tu consentimiento expl\u00edcito. Nos esforzamos por garantizar que la informaci\u00f3n que poseemos sea precisa y est\u00e9 actualizada. Puedes verificar los datos que tenemos escribi\u00e9ndonos a <strong><a rel=\"noopener\">info@veneziataxi.it<\/a><\/strong>. Si encuentras inexactitudes, las eliminaremos o corregiremos de inmediato.<\/p>\n<p>La informaci\u00f3n personal que conservamos se almacenar\u00e1 de forma segura durante un m\u00e1ximo de <strong>36 meses<\/strong> para permitir que Venezia Taxi mantenga al usuario informado sobre sus nuevas iniciativas. Nunca compartiremos ni venderemos tu informaci\u00f3n a terceros. Podemos utilizar tecnolog\u00eda para rastrear patrones de comportamiento de los visitantes de nuestro sitio (consulta las secciones &#8220;Cookies&#8221; y &#8220;Herramientas de an\u00e1lisis&#8221;).<\/p>\n<hr \/>\n<p><strong>Uso de informaci\u00f3n personal<\/strong><\/p>\n<p>Utilizamos la informaci\u00f3n proporcionada para los siguientes prop\u00f3sitos:<\/p>\n<ul>\n<li>Enviar actualizaciones relacionadas con el estado de la solicitud o pedido<\/li>\n<\/ul>\n<p>Cuando realizas un pedido, necesitamos conocer tu nombre, direcci\u00f3n de correo electr\u00f3nico, y detalles de tu tarjeta de cr\u00e9dito o PayPal. Esto nos permite procesar tu pedido, cumplirlo e informarte sobre el estado de tu solicitud. Tambi\u00e9n solicitamos tu n\u00famero de tel\u00e9fono para contactarte de manera urgente en caso de problemas con tu reserva.<\/p>\n<hr \/>\n<p><strong>Tu consentimiento<\/strong><\/p>\n<p>Al enviar tu informaci\u00f3n a Venezia Taxi, consientes la recopilaci\u00f3n y el uso de estos datos por parte de Venezia Taxi. Si decidimos modificar nuestra pol\u00edtica de privacidad, publicaremos los cambios en esta p\u00e1gina para que est\u00e9s al tanto de qu\u00e9 informaci\u00f3n recopilamos, c\u00f3mo la utilizamos y en qu\u00e9 circunstancias la hacemos p\u00fablica.<\/p>\n<hr \/>\n<p><strong>Tu direcci\u00f3n de correo electr\u00f3nico<\/strong><\/p>\n<p>Tu direcci\u00f3n de correo electr\u00f3nico ser\u00e1 utilizada para comunicarte informaci\u00f3n relacionada con tu reserva.<\/p>\n<hr \/>\n<p><strong>Seguridad de los datos<\/strong><\/p>\n<p>Hemos dise\u00f1ado nuestro sitio para proteger la informaci\u00f3n que recopilamos en l\u00ednea contra accesos no autorizados. Protegemos tus datos privados implementando procedimientos f\u00edsicos, electr\u00f3nicos y administrativos necesarios para garantizar tu privacidad. Estamos comprometidos a proteger tu privacidad y tomamos medidas de seguridad para evitar el acceso no autorizado y la divulgaci\u00f3n de tus datos personales.<\/p>\n<hr \/>\n<p><strong>Mejorar nuestro servicio<\/strong><\/p>\n<p>Venezia Taxi no vende, intercambia ni divulga tus datos personales a terceros. Tampoco usamos ni compartimos informaci\u00f3n de identificaci\u00f3n personal proporcionada sin ofrecer a nuestros clientes la opci\u00f3n de rechazar o evitar dichos usos no relacionados.<\/p>\n<hr \/>\n<p><strong>Cookies<\/strong><\/p>\n<p>Las cookies son identificadores alfanum\u00e9ricos que se transfieren al disco duro de tu computadora (o dispositivo alternativo de navegaci\u00f3n web) a trav\u00e9s del navegador, lo que permite a nuestros sistemas reconocer el navegador y proporcionar funcionalidades como productos sugeridos o almacenamiento de elementos en el carrito de compras entre visitas.<\/p>\n<p>El men\u00fa de Ayuda en la mayor\u00eda de los navegadores explica c\u00f3mo evitar que el navegador acepte nuevas cookies, c\u00f3mo recibir alertas al recibir una nueva cookie y c\u00f3mo desactivarlas por completo. Sin embargo, dado que las cookies permiten aprovechar algunas funcionalidades esenciales de Venezia Taxi, recomendamos mantenerlas activadas. Puedes encontrar m\u00e1s informaci\u00f3n sobre nuestra pol\u00edtica de cookies aqu\u00ed.<\/p>\n<hr \/>\n<p><strong>Herramientas de an\u00e1lisis<\/strong><\/p>\n<p>Google Analytics es un sistema utilizado por muchos sitios web para registrar informaci\u00f3n sobre las visitas a sus p\u00e1ginas. Google establece seis cookies diferentes con fechas de caducidad que van desde 30 minutos hasta 2 a\u00f1os. Estas cookies se utilizan principalmente para diferenciar entre visitantes nuevos y recurrentes.<\/p>\n<p>Adem\u00e1s, nos permiten garantizar que nuestro sitio sea lo mejor posible para nuestros usuarios. Las cookies pueden recopilar un n\u00famero de cliente an\u00f3nimo cuando un usuario accede al sitio, lo que permite que nuestros sistemas internos mantengan la precisi\u00f3n de los datos de Google Analytics y ayuden a garantizar que tu experiencia sea relevante en todos los dispositivos. No contienen informaci\u00f3n personal identificable.<\/p>\n<hr \/>\n<p><strong>Complementos de redes sociales<\/strong><\/p>\n<p>Los complementos de redes sociales, como los de Facebook, recopilan datos con fines de seguimiento.<\/p>\n<hr \/>\n<p><strong>Privacidad internacional<\/strong><\/p>\n<p>La pol\u00edtica de privacidad mencionada anteriormente puede no ser aplicable en todos los pa\u00edses desde los cuales los visitantes de Venezia Taxi o usuarios registrados acceden, ya que las pol\u00edticas de seguridad pueden variar seg\u00fan las leyes de Internet en cada pa\u00eds.<\/p>\n<hr \/>\n<p><strong>Notificaci\u00f3n<\/strong><\/p>\n<p>No compartiremos tus datos con terceros. Tambi\u00e9n puedes enviarnos un correo electr\u00f3nico para dejar de recibir informaci\u00f3n sobre nosotros y nuestros servicios. Si tienes preguntas sobre nuestra pol\u00edtica de privacidad, puedes contactarnos en <strong><a rel=\"noopener\">info@veneziataxi.it<\/a><\/strong>.[\/vc_column_text][vc_empty_space height=&#8221;20px&#8221; alter_height=&#8221;huge&#8221; hide_on_mobile=&#8221;&#8221;][\/vc_column][\/vc_row]<\/p>\n","protected":false},"excerpt":{"rendered":"<p>[vc_row][vc_column][vc_empty_space height=&#8221;30px&#8221; alter_height=&#8221;large&#8221; hide_on_mobile=&#8221;&#8221;][vc_column_text css_animation=&#8221;fadeInUp&#8221; css=&#8221;.vc_custom_1736084374387{margin-right: 10% !important;margin-left: 10% !important;}&#8221;]Pol\u00edtica de Privacidad Consorzio Venezia Taxi utilizar\u00e1 \u00fanicamente la informaci\u00f3n que recopile sobre ti de manera legal. Recopilamos informaci\u00f3n sobre ti por dos motivos: en primer lugar, para procesar tu pedido, y en segundo lugar, para ofrecerte el mejor servicio posible. En el futuro, solo te enviaremos correos electr\u00f3nicos si previamente&hellip;<\/p>\n","protected":false},"author":1,"featured_media":0,"parent":0,"menu_order":0,"comment_status":"closed","ping_status":"closed","template":"","meta":{"footnotes":""},"class_list":["post-2504","page","type-page","status-publish","hentry"],"yoast_head":"<!-- This site is optimized with the Yoast SEO plugin v27.4 - https:\/\/yoast.com\/product\/yoast-seo-wordpress\/ -->\n<title>Pol\u00edtica de privacidad - Venezia Taxi<\/title>\n<meta name=\"robots\" content=\"index, follow, max-snippet:-1, max-image-preview:large, max-video-preview:-1\" \/>\n<link rel=\"canonical\" href=\"https:\/\/veneziataxi.it\/es\/politica-de-privacidad\/\" \/>\n<meta property=\"og:locale\" content=\"es_ES\" \/>\n<meta property=\"og:type\" content=\"article\" \/>\n<meta property=\"og:title\" content=\"Pol\u00edtica de privacidad - Venezia Taxi\" \/>\n<meta property=\"og:description\" content=\"[vc_row][vc_column][vc_empty_space height=&#8221;30px&#8221; alter_height=&#8221;large&#8221; hide_on_mobile=&#8221;&#8221;][vc_column_text css_animation=&#8221;fadeInUp&#8221; css=&#8221;.vc_custom_1736084374387{margin-right: 10% !important;margin-left: 10% !important;}&#8221;]Pol\u00edtica de Privacidad Consorzio Venezia Taxi utilizar\u00e1 \u00fanicamente la informaci\u00f3n que recopile sobre ti de manera legal. Recopilamos informaci\u00f3n sobre ti por dos motivos: en primer lugar, para procesar tu pedido, y en segundo lugar, para ofrecerte el mejor servicio posible. En el futuro, solo te enviaremos correos electr\u00f3nicos si previamente&hellip;\" \/>\n<meta property=\"og:url\" content=\"https:\/\/veneziataxi.it\/es\/politica-de-privacidad\/\" \/>\n<meta property=\"og:site_name\" content=\"Venezia Taxi\" \/>\n<meta property=\"article:publisher\" content=\"https:\/\/www.facebook.com\/profile.php?id=100063518532145\" \/>\n<meta property=\"article:modified_time\" content=\"2025-01-05T13:39:54+00:00\" \/>\n<meta name=\"twitter:card\" content=\"summary_large_image\" \/>\n<meta name=\"twitter:label1\" content=\"Tiempo de lectura\" \/>\n\t<meta name=\"twitter:data1\" content=\"5 minutos\" \/>\n<script type=\"application\/ld+json\" class=\"yoast-schema-graph\">{\"@context\":\"https:\\\/\\\/schema.org\",\"@graph\":[{\"@type\":\"WebPage\",\"@id\":\"https:\\\/\\\/veneziataxi.it\\\/es\\\/politica-de-privacidad\\\/\",\"url\":\"https:\\\/\\\/veneziataxi.it\\\/es\\\/politica-de-privacidad\\\/\",\"name\":\"Pol\u00edtica de privacidad - Venezia Taxi\",\"isPartOf\":{\"@id\":\"https:\\\/\\\/veneziataxi.it\\\/es\\\/#website\"},\"datePublished\":\"2022-03-14T11:08:11+00:00\",\"dateModified\":\"2025-01-05T13:39:54+00:00\",\"breadcrumb\":{\"@id\":\"https:\\\/\\\/veneziataxi.it\\\/es\\\/politica-de-privacidad\\\/#breadcrumb\"},\"inLanguage\":\"es\",\"potentialAction\":[{\"@type\":\"ReadAction\",\"target\":[\"https:\\\/\\\/veneziataxi.it\\\/es\\\/politica-de-privacidad\\\/\"]}]},{\"@type\":\"BreadcrumbList\",\"@id\":\"https:\\\/\\\/veneziataxi.it\\\/es\\\/politica-de-privacidad\\\/#breadcrumb\",\"itemListElement\":[{\"@type\":\"ListItem\",\"position\":1,\"name\":\"Home\",\"item\":\"https:\\\/\\\/veneziataxi.it\\\/es\\\/\"},{\"@type\":\"ListItem\",\"position\":2,\"name\":\"Pol\u00edtica de privacidad\"}]},{\"@type\":\"WebSite\",\"@id\":\"https:\\\/\\\/veneziataxi.it\\\/es\\\/#website\",\"url\":\"https:\\\/\\\/veneziataxi.it\\\/es\\\/\",\"name\":\"Venezia Taxi\",\"description\":\"Il tuo taxi acqueo a Venezia\",\"publisher\":{\"@id\":\"https:\\\/\\\/veneziataxi.it\\\/es\\\/#organization\"},\"potentialAction\":[{\"@type\":\"SearchAction\",\"target\":{\"@type\":\"EntryPoint\",\"urlTemplate\":\"https:\\\/\\\/veneziataxi.it\\\/es\\\/?s={search_term_string}\"},\"query-input\":{\"@type\":\"PropertyValueSpecification\",\"valueRequired\":true,\"valueName\":\"search_term_string\"}}],\"inLanguage\":\"es\"},{\"@type\":\"Organization\",\"@id\":\"https:\\\/\\\/veneziataxi.it\\\/es\\\/#organization\",\"name\":\"Venezia Taxi\",\"url\":\"https:\\\/\\\/veneziataxi.it\\\/es\\\/\",\"logo\":{\"@type\":\"ImageObject\",\"inLanguage\":\"es\",\"@id\":\"https:\\\/\\\/veneziataxi.it\\\/es\\\/#\\\/schema\\\/logo\\\/image\\\/\",\"url\":\"https:\\\/\\\/veneziataxi.it\\\/wp-content\\\/uploads\\\/2022\\\/01\\\/cropped-ico.jpg\",\"contentUrl\":\"https:\\\/\\\/veneziataxi.it\\\/wp-content\\\/uploads\\\/2022\\\/01\\\/cropped-ico.jpg\",\"width\":512,\"height\":512,\"caption\":\"Venezia Taxi\"},\"image\":{\"@id\":\"https:\\\/\\\/veneziataxi.it\\\/es\\\/#\\\/schema\\\/logo\\\/image\\\/\"},\"sameAs\":[\"https:\\\/\\\/www.facebook.com\\\/profile.php?id=100063518532145\"]}]}<\/script>\n<!-- \/ Yoast SEO plugin. -->","yoast_head_json":{"title":"Pol\u00edtica de privacidad - Venezia Taxi","robots":{"index":"index","follow":"follow","max-snippet":"max-snippet:-1","max-image-preview":"max-image-preview:large","max-video-preview":"max-video-preview:-1"},"canonical":"https:\/\/veneziataxi.it\/es\/politica-de-privacidad\/","og_locale":"es_ES","og_type":"article","og_title":"Pol\u00edtica de privacidad - Venezia Taxi","og_description":"[vc_row][vc_column][vc_empty_space height=&#8221;30px&#8221; alter_height=&#8221;large&#8221; hide_on_mobile=&#8221;&#8221;][vc_column_text css_animation=&#8221;fadeInUp&#8221; css=&#8221;.vc_custom_1736084374387{margin-right: 10% !important;margin-left: 10% !important;}&#8221;]Pol\u00edtica de Privacidad Consorzio Venezia Taxi utilizar\u00e1 \u00fanicamente la informaci\u00f3n que recopile sobre ti de manera legal. Recopilamos informaci\u00f3n sobre ti por dos motivos: en primer lugar, para procesar tu pedido, y en segundo lugar, para ofrecerte el mejor servicio posible. En el futuro, solo te enviaremos correos electr\u00f3nicos si previamente&hellip;","og_url":"https:\/\/veneziataxi.it\/es\/politica-de-privacidad\/","og_site_name":"Venezia Taxi","article_publisher":"https:\/\/www.facebook.com\/profile.php?id=100063518532145","article_modified_time":"2025-01-05T13:39:54+00:00","twitter_card":"summary_large_image","twitter_misc":{"Tiempo de lectura":"5 minutos"},"schema":{"@context":"https:\/\/schema.org","@graph":[{"@type":"WebPage","@id":"https:\/\/veneziataxi.it\/es\/politica-de-privacidad\/","url":"https:\/\/veneziataxi.it\/es\/politica-de-privacidad\/","name":"Pol\u00edtica de privacidad - Venezia Taxi","isPartOf":{"@id":"https:\/\/veneziataxi.it\/es\/#website"},"datePublished":"2022-03-14T11:08:11+00:00","dateModified":"2025-01-05T13:39:54+00:00","breadcrumb":{"@id":"https:\/\/veneziataxi.it\/es\/politica-de-privacidad\/#breadcrumb"},"inLanguage":"es","potentialAction":[{"@type":"ReadAction","target":["https:\/\/veneziataxi.it\/es\/politica-de-privacidad\/"]}]},{"@type":"BreadcrumbList","@id":"https:\/\/veneziataxi.it\/es\/politica-de-privacidad\/#breadcrumb","itemListElement":[{"@type":"ListItem","position":1,"name":"Home","item":"https:\/\/veneziataxi.it\/es\/"},{"@type":"ListItem","position":2,"name":"Pol\u00edtica de privacidad"}]},{"@type":"WebSite","@id":"https:\/\/veneziataxi.it\/es\/#website","url":"https:\/\/veneziataxi.it\/es\/","name":"Venezia Taxi","description":"Il tuo taxi acqueo a Venezia","publisher":{"@id":"https:\/\/veneziataxi.it\/es\/#organization"},"potentialAction":[{"@type":"SearchAction","target":{"@type":"EntryPoint","urlTemplate":"https:\/\/veneziataxi.it\/es\/?s={search_term_string}"},"query-input":{"@type":"PropertyValueSpecification","valueRequired":true,"valueName":"search_term_string"}}],"inLanguage":"es"},{"@type":"Organization","@id":"https:\/\/veneziataxi.it\/es\/#organization","name":"Venezia Taxi","url":"https:\/\/veneziataxi.it\/es\/","logo":{"@type":"ImageObject","inLanguage":"es","@id":"https:\/\/veneziataxi.it\/es\/#\/schema\/logo\/image\/","url":"https:\/\/veneziataxi.it\/wp-content\/uploads\/2022\/01\/cropped-ico.jpg","contentUrl":"https:\/\/veneziataxi.it\/wp-content\/uploads\/2022\/01\/cropped-ico.jpg","width":512,"height":512,"caption":"Venezia Taxi"},"image":{"@id":"https:\/\/veneziataxi.it\/es\/#\/schema\/logo\/image\/"},"sameAs":["https:\/\/www.facebook.com\/profile.php?id=100063518532145"]}]}},"_links":{"self":[{"href":"https:\/\/veneziataxi.it\/es\/wp-json\/wp\/v2\/pages\/2504","targetHints":{"allow":["GET"]}}],"collection":[{"href":"https:\/\/veneziataxi.it\/es\/wp-json\/wp\/v2\/pages"}],"about":[{"href":"https:\/\/veneziataxi.it\/es\/wp-json\/wp\/v2\/types\/page"}],"author":[{"embeddable":true,"href":"https:\/\/veneziataxi.it\/es\/wp-json\/wp\/v2\/users\/1"}],"replies":[{"embeddable":true,"href":"https:\/\/veneziataxi.it\/es\/wp-json\/wp\/v2\/comments?post=2504"}],"version-history":[{"count":2,"href":"https:\/\/veneziataxi.it\/es\/wp-json\/wp\/v2\/pages\/2504\/revisions"}],"predecessor-version":[{"id":2506,"href":"https:\/\/veneziataxi.it\/es\/wp-json\/wp\/v2\/pages\/2504\/revisions\/2506"}],"wp:attachment":[{"href":"https:\/\/veneziataxi.it\/es\/wp-json\/wp\/v2\/media?parent=2504"}],"curies":[{"name":"wp","href":"https:\/\/api.w.org\/{rel}","templated":true}]}}