{"id":1869,"date":"2022-03-10T17:44:16","date_gmt":"2022-03-10T16:44:16","guid":{"rendered":"https:\/\/veneziataxi.it\/faq\/"},"modified":"2022-11-20T14:52:39","modified_gmt":"2022-11-20T13:52:39","slug":"information-taxi-venise","status":"publish","type":"page","link":"https:\/\/veneziataxi.it\/fr\/information-taxi-venise\/","title":{"rendered":"FAQ"},"content":{"rendered":"<p>[vc_row css=&#8221;.vc_custom_1646932312226{margin-bottom: 50px !important;}&#8221;][vc_column][vc_empty_space height=&#8221;65px&#8221; alter_height=&#8221;large&#8221; hide_on_mobile=&#8221;&#8221;][vc_column_text css_animation=&#8221;fadeInDown&#8221;]<\/p>\n<h1 style=\"text-align: center;\">Informations sur Bateaux-taxis<\/h1>\n<p>[\/vc_column_text][\/vc_column][\/vc_row][vc_row css=&#8221;.vc_custom_1646931043317{margin-right: 10% !important;margin-left: 10% !important;}&#8221;][vc_column][vc_toggle title=&#8221;POURQUOI CHOISIR VENEZIA TAXI?&#8221; style=&#8221;round_outline&#8221; css_animation=&#8221;fadeInUp&#8221;]Venezia Taxi met \u00e0 la disposition de ses clients un service de bateau-taxi <strong>24h\/24 et 7j\/7<\/strong>. Pour se d\u00e9placer dans Venise, le bateau-taxi est une alternative valable aux transports en commun, compte tenu du prix \u00e9lev\u00e9 des billets de vaporetto et <strong>des longs d\u00e9lais d&#8217;attente pour les transports en commun<\/strong>.<br \/>\nDans le cas du <strong>service de bateau-taxi depuis et vers l&#8217;a\u00e9roport de Venise Marco Polo<\/strong>, si vous achetez directement le service aller-retour <strong>en une seule transaction<\/strong>, vous pouvez b\u00e9n\u00e9ficier d&#8217;un <strong>pourcentage de r\u00e9duction (5%)<\/strong>.[\/vc_toggle][vc_separator css_animation=&#8221;fadeInLeft&#8221; css=&#8221;.vc_custom_1646931267117{margin-top: 0px !important;margin-bottom: 25px !important;}&#8221;][vc_toggle title=&#8221;COMMENT ACHETEZ-VOUS UN SERVICE?&#8221; style=&#8221;round_outline&#8221; css_animation=&#8221;fadeInUp&#8221;]Acheter en ligne le billet pour votre transfert avec nos bateaux-taxis \u00e0 Venise est simple, rapide et s\u00fbr.<br \/>\nEn quatre \u00e9tapes simples, vous pouvez compl\u00e9ter la transaction d&#8217;achat:<br \/>\n\u2013 choisir par o\u00f9 commencer<br \/>\n\u2013 choisir la destination<br \/>\n\u2013 conna\u00eetre le tarif de votre bateau-taxi de Venise (qui peut varier en fonction du nombre de passagers et de bagages)<br \/>\n&#8211; acheter le billet<br \/>\n\u00c0 la fin de l&#8217;achat, vous recevrez par e-mail un bon \u00e0 imprimer et \u00e0 remettre au chauffeur de taxi le jour du transfert.[\/vc_toggle][vc_separator css_animation=&#8221;fadeInLeft&#8221; css=&#8221;.vc_custom_1646931267117{margin-top: 0px !important;margin-bottom: 25px !important;}&#8221;][vc_toggle title=&#8221;JE N&#8217;AI PAS RE\u00c7U DE BONS. QUE DOIS-JE FAIRE?&#8221; style=&#8221;round_outline&#8221; css_animation=&#8221;fadeInUp&#8221;]\u00c0 la fin du processus d&#8217;achat, vous verrez imm\u00e9diatement votre bon imprimable. Si toutefois vous ne voyez pas le bon ou ne recevez pas l&#8217;e-mail, vous pouvez nous contacter aux num\u00e9ros de t\u00e9l\u00e9phone suivants:<br \/>\nDu lundi au vendredi de 9h00 \u00e0 18h00 <strong>+39 041 723009<\/strong> ou <strong>+39 041 723112<\/strong><br \/>\nou envoyez un e-mail \u00e0 <strong><a href=\"mailto:prenotazioni@veneziataxi.it\">prenotazioni@veneziataxi.it<\/a><\/strong>[\/vc_toggle][vc_separator css_animation=&#8221;fadeInLeft&#8221; css=&#8221;.vc_custom_1646931267117{margin-top: 0px !important;margin-bottom: 25px !important;}&#8221;][vc_toggle title=&#8221;COMBIEN DE PERSONNES PEUVENT MONTER DANS UN BATEAU-TAXI EN M\u00caME TEMPS?&#8221; style=&#8221;round_outline&#8221; css_animation=&#8221;fadeInUp&#8221;]La capacit\u00e9 maximale de nos taxis est de <strong>10 personnes avec bagages<\/strong>.<br \/>\nPour les passagers de plus de 10 personnes, il sera n\u00e9cessaire de r\u00e9server un ou plusieurs bateaux-taxis suppl\u00e9mentaires.<br \/>\nJusqu&#8217;\u00e0 4 personnes le prix reste inchang\u00e9, \u00e0 partir de 5 personnes un suppl\u00e9ment de 10 \u20ac par personne est appliqu\u00e9.<br \/>\nTous nos bateaux-taxis r\u00e9pondent aux normes ECC requises pour le transport en commun et tous sont r\u00e9guli\u00e8rement inspect\u00e9s.[\/vc_toggle][vc_separator css_animation=&#8221;fadeInLeft&#8221; css=&#8221;.vc_custom_1646931267117{margin-top: 0px !important;margin-bottom: 25px !important;}&#8221;][vc_toggle title=&#8221;COMBIEN DE BAGAGES PUIS-JE EMPORTER DANS UN BATEAU-TAXI?&#8221; style=&#8221;round_outline&#8221; css_animation=&#8221;fadeInUp&#8221;]Vous pouvez emporter <strong>jusqu&#8217;\u00e0 12 bagages<\/strong>.<br \/>\nJusqu&#8217;\u00e0 4 bagages le prix reste inchang\u00e9, \u00e0 partir de 5 un suppl\u00e9ment de 5 \u20ac par bagage est appliqu\u00e9.[\/vc_toggle][vc_separator css_animation=&#8221;fadeInLeft&#8221; css=&#8221;.vc_custom_1646931267117{margin-top: 0px !important;margin-bottom: 25px !important;}&#8221;][vc_toggle title=&#8221;Y A-T-IL UN SUPPL\u00c9MENT POUR LA NUIT?&#8221; style=&#8221;round_outline&#8221; css_animation=&#8221;fadeInUp&#8221;]Oui, pour les prestations commen\u00e7ant <strong>de 22h00 \u00e0 7h00<\/strong> un <strong>suppl\u00e9ment de 10 \u20ac<\/strong> sera appliqu\u00e9.[\/vc_toggle][vc_separator css_animation=&#8221;fadeInLeft&#8221; css=&#8221;.vc_custom_1646931267117{margin-top: 0px !important;margin-bottom: 25px !important;}&#8221;][vc_toggle title=&#8221;PUIS-JE CHOISIR L&#8217;ITIN\u00c9RAIRE?&#8221; style=&#8221;round_outline&#8221; css_animation=&#8221;fadeInUp&#8221;]Nos bateaux-taxis empruntent toujours l&#8217;itin\u00e9raire le plus court vers votre destination, mais il est \u00e9galement possible de prolonger le voyage en passant par la voie navigable la plus fascinante et la plus c\u00e9l\u00e8bre du monde: le <strong>Grand Canal<\/strong>.[\/vc_toggle][vc_separator css_animation=&#8221;fadeInLeft&#8221; css=&#8221;.vc_custom_1646931267117{margin-top: 0px !important;margin-bottom: 25px !important;}&#8221;][vc_toggle title=&#8221;EST-CE QUE LE BATEAU TAXI ATTEIND N&#8217;IMPORTE QUEL H\u00d4TEL DE VENISE OU DES \u00ceLES?&#8221; style=&#8221;round_outline&#8221; css_animation=&#8221;fadeInUp&#8221;]Lorsque l&#8217;h\u00f4tel dispose de son propre quai priv\u00e9, cela est presque toujours possible. Cependant, les exceptions sont les jours de mar\u00e9e d\u00e9favorables (eaux hautes ou trop basses). Dans ce cas, le bateau-taxi ne peut pas rejoindre directement l&#8217;embarcad\u00e8re priv\u00e9 de l&#8217;h\u00f4tel. Vous serez toujours d\u00e9barqu\u00e9 au point disponible le plus proche (5 minutes \u00e0 pied).[\/vc_toggle][vc_empty_space height=&#8221;55px&#8221; alter_height=&#8221;large&#8221; hide_on_mobile=&#8221;&#8221;][\/vc_column][\/vc_row][vc_row full_width=&#8221;stretch_row&#8221; css=&#8221;.vc_custom_1647009001888{margin-right: 10% !important;margin-left: 10% !important;background-color: #f7f7f7 !important;}&#8221;][vc_column][vc_column_text css=&#8221;.vc_custom_1647009216641{margin-top: 50px !important;margin-bottom: 35px !important;}&#8221;]<\/p>\n<h2 style=\"text-align: center;\">Avez-vous d&#8217;autres questions ? Contactez nous!<\/h2>\n<p>[\/vc_column_text][vc_column_text]<\/p>\n<p style=\"text-align: center;\">\n<div class=\"wpcf7 no-js\" id=\"wpcf7-f1800-o1\" lang=\"it-IT\" dir=\"ltr\" data-wpcf7-id=\"1800\">\n<div class=\"screen-reader-response\"><p role=\"status\" aria-live=\"polite\" aria-atomic=\"true\"><\/p> <ul><\/ul><\/div>\n<form action=\"\/fr\/wp-json\/wp\/v2\/pages\/1869#wpcf7-f1800-o1\" method=\"post\" class=\"wpcf7-form init\" aria-label=\"Modulo di contatto\" novalidate=\"novalidate\" data-status=\"init\">\n<fieldset class=\"hidden-fields-container\"><input type=\"hidden\" name=\"_wpcf7\" value=\"1800\" \/><input type=\"hidden\" name=\"_wpcf7_version\" value=\"6.1.5\" \/><input type=\"hidden\" name=\"_wpcf7_locale\" value=\"it_IT\" \/><input type=\"hidden\" name=\"_wpcf7_unit_tag\" value=\"wpcf7-f1800-o1\" \/><input type=\"hidden\" name=\"_wpcf7_container_post\" value=\"0\" \/><input type=\"hidden\" name=\"_wpcf7_posted_data_hash\" value=\"\" \/>\n<\/fieldset>\n<div class=\"columns_wrap\" bis_skin_checked=\"1\">\n\t<div class=\"column-1_3\" bis_skin_checked=\"1\">\n\t\t<p><span class=\"wpcf7-form-control-wrap your-name\"><input type=\"text\" name=\"your-name\" value=\"\" size=\"40\" class=\"wpcf7-form-control wpcf7-text wpcf7-validates-as-required\" aria-required=\"true\" aria-invalid=\"false\" placeholder=\"Nom\" \/><\/span><span class=\"wpcf7-form-control-wrap your-phone\"><input type=\"tel\" name=\"your-phone\" value=\"\" size=\"40\" class=\"wpcf7-form-control wpcf7-text wpcf7-tel wpcf7-validates-as-required wpcf7-validates-as-tel\" aria-required=\"true\" aria-invalid=\"false\" placeholder=\"T\u00e9l\u00e9phone\" \/><\/span>\n\t\t<\/p>\n\t<\/div>\n\t<div class=\"column-1_3\" bis_skin_checked=\"1\">\n\t\t<p><span class=\"wpcf7-form-control-wrap your-email\"><input type=\"email\" name=\"your-email\" value=\"\" size=\"40\" class=\"wpcf7-form-control wpcf7-text wpcf7-email wpcf7-validates-as-required wpcf7-validates-as-email\" aria-required=\"true\" aria-invalid=\"false\" placeholder=\"Courriel\" \/><\/span><span class=\"wpcf7-form-control-wrap your-city\"><input type=\"text\" name=\"your-city\" value=\"\" size=\"40\" class=\"wpcf7-form-control wpcf7-text wpcf7-validates-as-required\" aria-required=\"true\" aria-invalid=\"false\" placeholder=\"Ville\" \/><\/span>\n\t\t<\/p>\n\t<\/div>\n\t<div class=\"column-1_3\" bis_skin_checked=\"1\">\n\t\t<p><span class=\"wpcf7-form-control-wrap your-message\"><textarea name=\"your-message\" cols=\"40\" rows=\"10\" class=\"wpcf7-form-control wpcf7-textarea wpcf7-validates-as-required\" aria-required=\"true\" aria-invalid=\"false\" placeholder=\"Message\"><\/textarea><\/span>\n\t\t<\/p>\n\t<\/div>\n<\/div>\n<div class=\"contact-form-acceptance aligncenter\" bis_skin_checked=\"1\">\n\t<p><span class=\"wpcf7-form-control-wrap acceptance-80\"><span class=\"wpcf7-form-control wpcf7-acceptance\"><span class=\"wpcf7-list-item\"><label><input type=\"checkbox\" name=\"acceptance-80\" value=\"1\" aria-invalid=\"false\" \/><span class=\"wpcf7-list-item-label\">Je consens \u00e0 ce que mes donn\u00e9es soient collect\u00e9es et stock\u00e9es.<\/span><\/label><\/span><\/span><\/span>\n\t<\/p>\n<\/div>\n<div class=\"form-button\" bis_skin_checked=\"1\">\n\t<p><input type=\"submit\" value=\"Envoyer le message\" class=\"wpcf7-form-control has-spinner wpcf7-submit sc_button_hover_slide_left\" disabled=\"\" \/><span class=\"wpcf7-spinner\"><\/span>\n\t<\/p>\n<\/div><input type=\"hidden\" id=\"ct_checkjs_cf7_aeb3135b436aa55373822c010763dd54\" name=\"ct_checkjs_cf7\" value=\"0\" \/><div class=\"wpcf7-response-output\" aria-hidden=\"true\"><\/div>\n<\/form>\n<\/div>\n<p>[\/vc_column_text][vc_empty_space alter_height=&#8221;large&#8221; hide_on_mobile=&#8221;&#8221;][\/vc_column][\/vc_row]<\/p>\n","protected":false},"excerpt":{"rendered":"<p>[vc_row css=&#8221;.vc_custom_1646932312226{margin-bottom: 50px !important;}&#8221;][vc_column][vc_empty_space height=&#8221;65px&#8221; alter_height=&#8221;large&#8221; hide_on_mobile=&#8221;&#8221;][vc_column_text css_animation=&#8221;fadeInDown&#8221;] Informations sur Bateaux-taxis [\/vc_column_text][\/vc_column][\/vc_row][vc_row css=&#8221;.vc_custom_1646931043317{margin-right: 10% !important;margin-left: 10% !important;}&#8221;][vc_column][vc_toggle title=&#8221;POURQUOI CHOISIR VENEZIA TAXI?&#8221; style=&#8221;round_outline&#8221; css_animation=&#8221;fadeInUp&#8221;]Venezia Taxi met \u00e0 la disposition de ses clients un service de bateau-taxi 24h\/24 et 7j\/7. Pour se d\u00e9placer dans Venise, le bateau-taxi est une alternative valable aux transports en commun, compte tenu du prix \u00e9lev\u00e9 des billets&hellip;<\/p>\n","protected":false},"author":1,"featured_media":1730,"parent":0,"menu_order":0,"comment_status":"closed","ping_status":"closed","template":"","meta":{"footnotes":""},"class_list":["post-1869","page","type-page","status-publish","has-post-thumbnail","hentry"],"yoast_head":"<!-- This site is optimized with the Yoast SEO plugin v27.4 - https:\/\/yoast.com\/product\/yoast-seo-wordpress\/ -->\n<title>Information Taxi \u00e0 Venise | Venezia Taxi<\/title>\n<meta name=\"description\" content=\"Venezia Taxi: plus de 30 ans d&#039;exp\u00e9rience dans les meilleurs bateaux-taxi priv\u00e9s de Venise. Ponctualit\u00e9 et souci du d\u00e9tail. R\u00e9servez avec nous!\" \/>\n<meta name=\"robots\" content=\"index, follow, max-snippet:-1, max-image-preview:large, max-video-preview:-1\" \/>\n<link rel=\"canonical\" href=\"https:\/\/veneziataxi.it\/fr\/information-taxi-venise\/\" \/>\n<meta property=\"og:locale\" content=\"fr_FR\" \/>\n<meta property=\"og:type\" content=\"article\" \/>\n<meta property=\"og:title\" content=\"Information Taxi \u00e0 Venise | Venezia Taxi\" \/>\n<meta property=\"og:description\" content=\"Venezia Taxi: plus de 30 ans d&#039;exp\u00e9rience dans les meilleurs bateaux-taxi priv\u00e9s de Venise. Ponctualit\u00e9 et souci du d\u00e9tail. R\u00e9servez avec nous!\" \/>\n<meta property=\"og:url\" content=\"https:\/\/veneziataxi.it\/fr\/information-taxi-venise\/\" \/>\n<meta property=\"og:site_name\" content=\"Venezia Taxi\" \/>\n<meta property=\"article:publisher\" content=\"https:\/\/www.facebook.com\/profile.php?id=100063518532145\" \/>\n<meta property=\"article:modified_time\" content=\"2022-11-20T13:52:39+00:00\" \/>\n<meta property=\"og:image\" content=\"https:\/\/veneziataxi.it\/wp-content\/uploads\/2022\/03\/faq.jpg\" \/>\n\t<meta property=\"og:image:width\" content=\"1920\" \/>\n\t<meta property=\"og:image:height\" content=\"319\" \/>\n\t<meta property=\"og:image:type\" content=\"image\/jpeg\" \/>\n<meta name=\"twitter:card\" content=\"summary_large_image\" \/>\n<meta name=\"twitter:label1\" content=\"Dur\u00e9e de lecture estim\u00e9e\" \/>\n\t<meta name=\"twitter:data1\" content=\"4 minutes\" \/>\n<script type=\"application\/ld+json\" class=\"yoast-schema-graph\">{\"@context\":\"https:\\\/\\\/schema.org\",\"@graph\":[{\"@type\":\"WebPage\",\"@id\":\"https:\\\/\\\/veneziataxi.it\\\/fr\\\/information-taxi-venise\\\/\",\"url\":\"https:\\\/\\\/veneziataxi.it\\\/fr\\\/information-taxi-venise\\\/\",\"name\":\"Information Taxi \u00e0 Venise | Venezia Taxi\",\"isPartOf\":{\"@id\":\"https:\\\/\\\/veneziataxi.it\\\/fr\\\/#website\"},\"primaryImageOfPage\":{\"@id\":\"https:\\\/\\\/veneziataxi.it\\\/fr\\\/information-taxi-venise\\\/#primaryimage\"},\"image\":{\"@id\":\"https:\\\/\\\/veneziataxi.it\\\/fr\\\/information-taxi-venise\\\/#primaryimage\"},\"thumbnailUrl\":\"https:\\\/\\\/veneziataxi.it\\\/wp-content\\\/uploads\\\/2022\\\/03\\\/faq.jpg\",\"datePublished\":\"2022-03-10T16:44:16+00:00\",\"dateModified\":\"2022-11-20T13:52:39+00:00\",\"description\":\"Venezia Taxi: plus de 30 ans d'exp\u00e9rience dans les meilleurs bateaux-taxi priv\u00e9s de Venise. Ponctualit\u00e9 et souci du d\u00e9tail. R\u00e9servez avec nous!\",\"breadcrumb\":{\"@id\":\"https:\\\/\\\/veneziataxi.it\\\/fr\\\/information-taxi-venise\\\/#breadcrumb\"},\"inLanguage\":\"fr-FR\",\"potentialAction\":[{\"@type\":\"ReadAction\",\"target\":[\"https:\\\/\\\/veneziataxi.it\\\/fr\\\/information-taxi-venise\\\/\"]}]},{\"@type\":\"ImageObject\",\"inLanguage\":\"fr-FR\",\"@id\":\"https:\\\/\\\/veneziataxi.it\\\/fr\\\/information-taxi-venise\\\/#primaryimage\",\"url\":\"https:\\\/\\\/veneziataxi.it\\\/wp-content\\\/uploads\\\/2022\\\/03\\\/faq.jpg\",\"contentUrl\":\"https:\\\/\\\/veneziataxi.it\\\/wp-content\\\/uploads\\\/2022\\\/03\\\/faq.jpg\",\"width\":1920,\"height\":319},{\"@type\":\"BreadcrumbList\",\"@id\":\"https:\\\/\\\/veneziataxi.it\\\/fr\\\/information-taxi-venise\\\/#breadcrumb\",\"itemListElement\":[{\"@type\":\"ListItem\",\"position\":1,\"name\":\"Home\",\"item\":\"https:\\\/\\\/veneziataxi.it\\\/fr\\\/\"},{\"@type\":\"ListItem\",\"position\":2,\"name\":\"FAQ\"}]},{\"@type\":\"WebSite\",\"@id\":\"https:\\\/\\\/veneziataxi.it\\\/fr\\\/#website\",\"url\":\"https:\\\/\\\/veneziataxi.it\\\/fr\\\/\",\"name\":\"Venezia Taxi\",\"description\":\"Il tuo taxi acqueo a Venezia\",\"publisher\":{\"@id\":\"https:\\\/\\\/veneziataxi.it\\\/fr\\\/#organization\"},\"potentialAction\":[{\"@type\":\"SearchAction\",\"target\":{\"@type\":\"EntryPoint\",\"urlTemplate\":\"https:\\\/\\\/veneziataxi.it\\\/fr\\\/?s={search_term_string}\"},\"query-input\":{\"@type\":\"PropertyValueSpecification\",\"valueRequired\":true,\"valueName\":\"search_term_string\"}}],\"inLanguage\":\"fr-FR\"},{\"@type\":\"Organization\",\"@id\":\"https:\\\/\\\/veneziataxi.it\\\/fr\\\/#organization\",\"name\":\"Venezia Taxi\",\"url\":\"https:\\\/\\\/veneziataxi.it\\\/fr\\\/\",\"logo\":{\"@type\":\"ImageObject\",\"inLanguage\":\"fr-FR\",\"@id\":\"https:\\\/\\\/veneziataxi.it\\\/fr\\\/#\\\/schema\\\/logo\\\/image\\\/\",\"url\":\"https:\\\/\\\/veneziataxi.it\\\/wp-content\\\/uploads\\\/2022\\\/01\\\/cropped-ico.jpg\",\"contentUrl\":\"https:\\\/\\\/veneziataxi.it\\\/wp-content\\\/uploads\\\/2022\\\/01\\\/cropped-ico.jpg\",\"width\":512,\"height\":512,\"caption\":\"Venezia Taxi\"},\"image\":{\"@id\":\"https:\\\/\\\/veneziataxi.it\\\/fr\\\/#\\\/schema\\\/logo\\\/image\\\/\"},\"sameAs\":[\"https:\\\/\\\/www.facebook.com\\\/profile.php?id=100063518532145\"]}]}<\/script>\n<!-- \/ Yoast SEO plugin. -->","yoast_head_json":{"title":"Information Taxi \u00e0 Venise | Venezia Taxi","description":"Venezia Taxi: plus de 30 ans d'exp\u00e9rience dans les meilleurs bateaux-taxi priv\u00e9s de Venise. Ponctualit\u00e9 et souci du d\u00e9tail. R\u00e9servez avec nous!","robots":{"index":"index","follow":"follow","max-snippet":"max-snippet:-1","max-image-preview":"max-image-preview:large","max-video-preview":"max-video-preview:-1"},"canonical":"https:\/\/veneziataxi.it\/fr\/information-taxi-venise\/","og_locale":"fr_FR","og_type":"article","og_title":"Information Taxi \u00e0 Venise | Venezia Taxi","og_description":"Venezia Taxi: plus de 30 ans d'exp\u00e9rience dans les meilleurs bateaux-taxi priv\u00e9s de Venise. Ponctualit\u00e9 et souci du d\u00e9tail. R\u00e9servez avec nous!","og_url":"https:\/\/veneziataxi.it\/fr\/information-taxi-venise\/","og_site_name":"Venezia Taxi","article_publisher":"https:\/\/www.facebook.com\/profile.php?id=100063518532145","article_modified_time":"2022-11-20T13:52:39+00:00","og_image":[{"width":1920,"height":319,"url":"https:\/\/veneziataxi.it\/wp-content\/uploads\/2022\/03\/faq.jpg","type":"image\/jpeg"}],"twitter_card":"summary_large_image","twitter_misc":{"Dur\u00e9e de lecture estim\u00e9e":"4 minutes"},"schema":{"@context":"https:\/\/schema.org","@graph":[{"@type":"WebPage","@id":"https:\/\/veneziataxi.it\/fr\/information-taxi-venise\/","url":"https:\/\/veneziataxi.it\/fr\/information-taxi-venise\/","name":"Information Taxi \u00e0 Venise | Venezia Taxi","isPartOf":{"@id":"https:\/\/veneziataxi.it\/fr\/#website"},"primaryImageOfPage":{"@id":"https:\/\/veneziataxi.it\/fr\/information-taxi-venise\/#primaryimage"},"image":{"@id":"https:\/\/veneziataxi.it\/fr\/information-taxi-venise\/#primaryimage"},"thumbnailUrl":"https:\/\/veneziataxi.it\/wp-content\/uploads\/2022\/03\/faq.jpg","datePublished":"2022-03-10T16:44:16+00:00","dateModified":"2022-11-20T13:52:39+00:00","description":"Venezia Taxi: plus de 30 ans d'exp\u00e9rience dans les meilleurs bateaux-taxi priv\u00e9s de Venise. Ponctualit\u00e9 et souci du d\u00e9tail. R\u00e9servez avec nous!","breadcrumb":{"@id":"https:\/\/veneziataxi.it\/fr\/information-taxi-venise\/#breadcrumb"},"inLanguage":"fr-FR","potentialAction":[{"@type":"ReadAction","target":["https:\/\/veneziataxi.it\/fr\/information-taxi-venise\/"]}]},{"@type":"ImageObject","inLanguage":"fr-FR","@id":"https:\/\/veneziataxi.it\/fr\/information-taxi-venise\/#primaryimage","url":"https:\/\/veneziataxi.it\/wp-content\/uploads\/2022\/03\/faq.jpg","contentUrl":"https:\/\/veneziataxi.it\/wp-content\/uploads\/2022\/03\/faq.jpg","width":1920,"height":319},{"@type":"BreadcrumbList","@id":"https:\/\/veneziataxi.it\/fr\/information-taxi-venise\/#breadcrumb","itemListElement":[{"@type":"ListItem","position":1,"name":"Home","item":"https:\/\/veneziataxi.it\/fr\/"},{"@type":"ListItem","position":2,"name":"FAQ"}]},{"@type":"WebSite","@id":"https:\/\/veneziataxi.it\/fr\/#website","url":"https:\/\/veneziataxi.it\/fr\/","name":"Venezia Taxi","description":"Il tuo taxi acqueo a Venezia","publisher":{"@id":"https:\/\/veneziataxi.it\/fr\/#organization"},"potentialAction":[{"@type":"SearchAction","target":{"@type":"EntryPoint","urlTemplate":"https:\/\/veneziataxi.it\/fr\/?s={search_term_string}"},"query-input":{"@type":"PropertyValueSpecification","valueRequired":true,"valueName":"search_term_string"}}],"inLanguage":"fr-FR"},{"@type":"Organization","@id":"https:\/\/veneziataxi.it\/fr\/#organization","name":"Venezia Taxi","url":"https:\/\/veneziataxi.it\/fr\/","logo":{"@type":"ImageObject","inLanguage":"fr-FR","@id":"https:\/\/veneziataxi.it\/fr\/#\/schema\/logo\/image\/","url":"https:\/\/veneziataxi.it\/wp-content\/uploads\/2022\/01\/cropped-ico.jpg","contentUrl":"https:\/\/veneziataxi.it\/wp-content\/uploads\/2022\/01\/cropped-ico.jpg","width":512,"height":512,"caption":"Venezia Taxi"},"image":{"@id":"https:\/\/veneziataxi.it\/fr\/#\/schema\/logo\/image\/"},"sameAs":["https:\/\/www.facebook.com\/profile.php?id=100063518532145"]}]}},"_links":{"self":[{"href":"https:\/\/veneziataxi.it\/fr\/wp-json\/wp\/v2\/pages\/1869","targetHints":{"allow":["GET"]}}],"collection":[{"href":"https:\/\/veneziataxi.it\/fr\/wp-json\/wp\/v2\/pages"}],"about":[{"href":"https:\/\/veneziataxi.it\/fr\/wp-json\/wp\/v2\/types\/page"}],"author":[{"embeddable":true,"href":"https:\/\/veneziataxi.it\/fr\/wp-json\/wp\/v2\/users\/1"}],"replies":[{"embeddable":true,"href":"https:\/\/veneziataxi.it\/fr\/wp-json\/wp\/v2\/comments?post=1869"}],"version-history":[{"count":3,"href":"https:\/\/veneziataxi.it\/fr\/wp-json\/wp\/v2\/pages\/1869\/revisions"}],"predecessor-version":[{"id":1872,"href":"https:\/\/veneziataxi.it\/fr\/wp-json\/wp\/v2\/pages\/1869\/revisions\/1872"}],"wp:featuredmedia":[{"embeddable":true,"href":"https:\/\/veneziataxi.it\/fr\/wp-json\/wp\/v2\/media\/1730"}],"wp:attachment":[{"href":"https:\/\/veneziataxi.it\/fr\/wp-json\/wp\/v2\/media?parent=1869"}],"curies":[{"name":"wp","href":"https:\/\/api.w.org\/{rel}","templated":true}]}}