{"id":2020,"date":"2022-03-14T12:08:11","date_gmt":"2022-03-14T11:08:11","guid":{"rendered":"https:\/\/veneziataxi.it\/?page_id=2020"},"modified":"2022-12-13T11:11:14","modified_gmt":"2022-12-13T10:11:14","slug":"politique-de-confidentialite","status":"publish","type":"page","link":"https:\/\/veneziataxi.it\/fr\/politique-de-confidentialite\/","title":{"rendered":"Politique de confidentialit\u00e9"},"content":{"rendered":"\n<div style=\"height:50px\" aria-hidden=\"true\" class=\"wp-block-spacer\"><\/div>\n\n\n\n<p><strong>Politique de confidentialit\u00e9<\/strong><\/p>\n\n\n\n<p>Le Consorzio Venezia Taxi n&#8217;utilisera que les informations qu&#8217;il recueille l\u00e9galement \u00e0 votre sujet. Nous recueillons des informations sur vous pour 2 raisons : premi\u00e8rement, pour traiter votre commande et deuxi\u00e8mement, pour vous fournir le meilleur service possible. Nous ne vous enverrons des courriels \u00e0 l&#8217;avenir que si vous nous avez donn\u00e9 votre accord au pr\u00e9alable.<\/p>\n\n\n\n<p>Le type d&#8217;informations que nous recueillons \u00e0 votre sujet lorsque vous passez une commande ou que vous vous inscrivez sur notre site Web comprend :<\/p>\n\n\n\n<ul class=\"wp-block-list\">\n<li>Nom et adresse<\/li>\n\n\n\n<li>Num\u00e9ro de t\u00e9l\u00e9phone<\/li>\n\n\n\n<li>Adresse \u00e9lectronique<\/li>\n\n\n\n<li>WooCommerce ou Paypal traitent les d\u00e9tails de la carte sur leur site s\u00e9curis\u00e9 pour accepter le paiement de toutes les commandes pass\u00e9es sur www.veneziataxi.it.<\/li>\n<\/ul>\n\n\n\n<p>Les informations ci-dessus sont stock\u00e9es dans nos syst\u00e8mes internes et notre site web v\u00e9rifie simplement que vous \u00eates un client de Venice Taxi. Nous ne collecterons jamais d&#8217;informations sensibles vous concernant sans votre consentement explicite. Nous nous effor\u00e7ons de garantir que les informations que nous d\u00e9tenons \u00e0 votre sujet sont exactes et \u00e0 jour. Vous pouvez v\u00e9rifier les informations que nous d\u00e9tenons sur vous en nous \u00e9crivant \u00e0 l&#8217;adresse info@veneziataxi.it. Si vous trouvez des inexactitudes, nous les supprimerons ou les corrigerons rapidement. Les informations personnelles que nous d\u00e9tenons seront conserv\u00e9es en toute s\u00e9curit\u00e9 pendant une p\u00e9riode maximale de 36 mois afin de permettre \u00e0 Venezia Taxi de vous tenir au courant de ses nouvelles initiatives. Nous ne partagerons ni ne vendrons jamais vos informations \u00e0 des tiers. Nous pouvons utiliser des technologies pour suivre les sch\u00e9mas comportementaux des visiteurs de notre site (voir la section sur les &#8220;cookies&#8221; et les &#8220;outils d&#8217;analyse&#8221;).<\/p>\n\n\n\n<p><strong>Utilisation des informations personnelles<br><\/strong>Nous utilisons les informations que vous nous fournissez aux fins suivantes :<\/p>\n\n\n\n<ul class=\"wp-block-list\">\n<li>Pour envoyer des mises \u00e0 jour concernant l&#8217;\u00e9tat de votre demande ou de votre commande<\/li>\n<\/ul>\n\n\n\n<p>Lorsque vous passez une commande, nous avons besoin de conna\u00eetre votre nom, votre adresse \u00e9lectronique et les d\u00e9tails de votre carte de cr\u00e9dit ou de PayPal. Cela nous permet de traiter et d&#8217;ex\u00e9cuter votre commande et de vous informer de l&#8217;\u00e9tat de votre demande. Nous vous demandons \u00e9galement votre num\u00e9ro de t\u00e9l\u00e9phone, qui nous permet de vous contacter d&#8217;urgence en cas de probl\u00e8me avec votre r\u00e9servation.<\/p>\n\n\n\n<p><strong>Votre consentement<\/strong><br>En soumettant des informations \u00e0 Venezia Taxi, vous consentez \u00e0 la collecte et \u00e0 l&#8217;utilisation de ces informations par Venezia Taxi. Si nous d\u00e9cidons de modifier notre politique de confidentialit\u00e9, nous publierons ces modifications sur cette page afin que vous sachiez quelles informations nous recueillons, comment nous les utilisons et dans quelles circonstances nous les divulguons.<\/p>\n\n\n\n<p><strong>Votre adresse \u00e9lectronique<\/strong><br>Votre adresse \u00e9lectronique sera utilis\u00e9e pour communiquer avec vous au sujet de votre r\u00e9servation.<\/p>\n\n\n\n<p><strong>S\u00e9curit\u00e9 des donn\u00e9es<\/strong><br>Nous avons con\u00e7u notre site pour prot\u00e9ger les informations que nous recueillons en ligne contre tout acc\u00e8s non autoris\u00e9. Nous prot\u00e9geons vos informations priv\u00e9es en mettant en \u0153uvre des proc\u00e9dures physiques, \u00e9lectroniques et de gestion appropri\u00e9es pour prot\u00e9ger votre vie priv\u00e9e. Nous nous engageons \u00e0 prot\u00e9ger votre vie priv\u00e9e et \u00e0 prendre des mesures de s\u00e9curit\u00e9 pour emp\u00eacher l&#8217;acc\u00e8s non autoris\u00e9 \u00e0 vos informations personnelles et leur divulgation.<\/p>\n\n\n\n<p><strong>Am\u00e9liorer notre service<\/strong><br>Venezia Taxi ne vend pas, n&#8217;\u00e9change pas et ne divulgue pas \u00e0 des tiers vos informations personnelles identifiables. En outre, nous n&#8217;utilisons ni ne partageons les informations personnelles identifiables qui nous sont fournies par d&#8217;autres moyens sans donner \u00e0 nos clients la possibilit\u00e9 de refuser ou d&#8217;emp\u00eacher ces utilisations non li\u00e9es.<\/p>\n\n\n\n<p><strong>Cookies<\/strong><br>Les cookies sont des identifiants alphanum\u00e9riques qui sont transf\u00e9r\u00e9s sur le disque dur de votre ordinateur (ou autre dispositif de navigation sur Internet) via votre navigateur Internet pour permettre \u00e0 nos syst\u00e8mes de reconna\u00eetre votre navigateur et de fournir des fonctions d&#8217;achat telles que des produits sugg\u00e9r\u00e9s et le stockage d&#8217;articles dans votre panier entre les visites. Le menu d&#8217;aide des navigateurs les plus courants vous indique comment emp\u00eacher le navigateur d&#8217;accepter de nouveaux cookies, comment faire en sorte que le navigateur vous avertisse lorsque vous recevez un nouveau cookie, et comment d\u00e9sactiver compl\u00e8tement les cookies. Toutefois, comme les cookies vous permettent de profiter de certaines des fonctions essentielles de Venise Taxi, nous vous recommandons de les laisser activ\u00e9s. Vous pouvez en savoir plus sur notre politique en mati\u00e8re de cookies ici.<\/p>\n\n\n\n<p>Outils d&#8217;analyse<br>Google Analytics est un syst\u00e8me utilis\u00e9 par de nombreux sites Web pour enregistrer des informations sur les visites de leur site. Google a d\u00e9fini six cookies diff\u00e9rents dont la date d&#8217;expiration varie de 30 minutes \u00e0 2 ans. Ces cookies sont principalement utilis\u00e9s pour diff\u00e9rencier les premiers visiteurs des visiteurs r\u00e9guliers. Ils nous aident \u00e9galement \u00e0 faire en sorte que notre site web soit le meilleur possible pour nos utilisateurs. Les cookies peuvent collecter un num\u00e9ro de client anonyme lorsqu&#8217;un utilisateur acc\u00e8de au site web, ce qui permet \u00e0 nos syst\u00e8mes dorsaux de garantir l&#8217;exactitude des donn\u00e9es de Google Analytics et nous aide \u00e0 nous assurer que votre exp\u00e9rience sur le site reste pertinente sur tous les appareils. Ils ne contiennent pas d&#8217;informations permettant d&#8217;identifier les personnes.<\/p>\n\n\n\n<p><strong>Plug-ins pour les m\u00e9dias sociaux<\/strong><br>Les plug-ins de m\u00e9dias sociaux pour Facebook obtiennent des donn\u00e9es \u00e0 des fins de suivi.<\/p>\n\n\n\n<p><strong>Vie priv\u00e9e internationale<\/strong><br>La politique de confidentialit\u00e9 ci-dessus peut ne pas s&#8217;appliquer dans tous les pays des visiteurs de Venice Taxi ou des utilisateurs enregistr\u00e9s de la communaut\u00e9, car les politiques de s\u00e9curit\u00e9 peuvent varier en fonction des lois Internet de chaque pays h\u00f4te.<\/p>\n\n\n\n<p><strong>Politique<\/strong><br>Nous ne transmettrons pas vos informations \u00e0 des tiers. Vous pouvez \u00e9galement nous envoyer un courriel pour ne plus recevoir d&#8217;informations sur nous et nos services. Si vous avez des questions sur notre politique de confidentialit\u00e9, vous pouvez nous contacter par e-mail info@veneziataxi.it.<\/p>\n","protected":false},"excerpt":{"rendered":"<p>Politique de confidentialit\u00e9 Le Consorzio Venezia Taxi n&#8217;utilisera que les informations qu&#8217;il recueille l\u00e9galement \u00e0 votre sujet. Nous recueillons des informations sur vous pour 2 raisons : premi\u00e8rement, pour traiter votre commande et deuxi\u00e8mement, pour vous fournir le meilleur service possible. Nous ne vous enverrons des courriels \u00e0 l&#8217;avenir que si vous nous avez donn\u00e9 votre accord au pr\u00e9alable. Le&hellip;<\/p>\n","protected":false},"author":1,"featured_media":0,"parent":0,"menu_order":0,"comment_status":"closed","ping_status":"closed","template":"","meta":{"footnotes":""},"class_list":["post-2020","page","type-page","status-publish","hentry"],"yoast_head":"<!-- This site is optimized with the Yoast SEO plugin v27.3 - https:\/\/yoast.com\/product\/yoast-seo-wordpress\/ -->\n<title>Politique de confidentialit\u00e9 - Venezia Taxi<\/title>\n<meta name=\"description\" content=\"Politique de confidentialit\u00e9 de Venezia Taxi\" \/>\n<meta name=\"robots\" content=\"index, follow, max-snippet:-1, max-image-preview:large, max-video-preview:-1\" \/>\n<link rel=\"canonical\" href=\"https:\/\/veneziataxi.it\/fr\/politique-de-confidentialite\/\" \/>\n<meta property=\"og:locale\" content=\"fr_FR\" \/>\n<meta property=\"og:type\" content=\"article\" \/>\n<meta property=\"og:title\" content=\"Politique de confidentialit\u00e9 - Venezia Taxi\" \/>\n<meta property=\"og:description\" content=\"Politique de confidentialit\u00e9 de Venezia Taxi\" \/>\n<meta property=\"og:url\" content=\"https:\/\/veneziataxi.it\/fr\/politique-de-confidentialite\/\" \/>\n<meta property=\"og:site_name\" content=\"Venezia Taxi\" \/>\n<meta property=\"article:publisher\" content=\"https:\/\/www.facebook.com\/profile.php?id=100063518532145\" \/>\n<meta property=\"article:modified_time\" content=\"2022-12-13T10:11:14+00:00\" \/>\n<meta name=\"twitter:card\" content=\"summary_large_image\" \/>\n<meta name=\"twitter:label1\" content=\"Dur\u00e9e de lecture estim\u00e9e\" \/>\n\t<meta name=\"twitter:data1\" content=\"5 minutes\" \/>\n<script type=\"application\/ld+json\" class=\"yoast-schema-graph\">{\"@context\":\"https:\\\/\\\/schema.org\",\"@graph\":[{\"@type\":\"WebPage\",\"@id\":\"https:\\\/\\\/veneziataxi.it\\\/fr\\\/politique-de-confidentialite\\\/\",\"url\":\"https:\\\/\\\/veneziataxi.it\\\/fr\\\/politique-de-confidentialite\\\/\",\"name\":\"Politique de confidentialit\u00e9 - Venezia Taxi\",\"isPartOf\":{\"@id\":\"https:\\\/\\\/veneziataxi.it\\\/fr\\\/#website\"},\"datePublished\":\"2022-03-14T11:08:11+00:00\",\"dateModified\":\"2022-12-13T10:11:14+00:00\",\"description\":\"Politique de confidentialit\u00e9 de Venezia Taxi\",\"breadcrumb\":{\"@id\":\"https:\\\/\\\/veneziataxi.it\\\/fr\\\/politique-de-confidentialite\\\/#breadcrumb\"},\"inLanguage\":\"fr-FR\",\"potentialAction\":[{\"@type\":\"ReadAction\",\"target\":[\"https:\\\/\\\/veneziataxi.it\\\/fr\\\/politique-de-confidentialite\\\/\"]}]},{\"@type\":\"BreadcrumbList\",\"@id\":\"https:\\\/\\\/veneziataxi.it\\\/fr\\\/politique-de-confidentialite\\\/#breadcrumb\",\"itemListElement\":[{\"@type\":\"ListItem\",\"position\":1,\"name\":\"Home\",\"item\":\"https:\\\/\\\/veneziataxi.it\\\/fr\\\/\"},{\"@type\":\"ListItem\",\"position\":2,\"name\":\"Politique de confidentialit\u00e9\"}]},{\"@type\":\"WebSite\",\"@id\":\"https:\\\/\\\/veneziataxi.it\\\/fr\\\/#website\",\"url\":\"https:\\\/\\\/veneziataxi.it\\\/fr\\\/\",\"name\":\"Venezia Taxi\",\"description\":\"Il tuo taxi acqueo a Venezia\",\"publisher\":{\"@id\":\"https:\\\/\\\/veneziataxi.it\\\/fr\\\/#organization\"},\"potentialAction\":[{\"@type\":\"SearchAction\",\"target\":{\"@type\":\"EntryPoint\",\"urlTemplate\":\"https:\\\/\\\/veneziataxi.it\\\/fr\\\/?s={search_term_string}\"},\"query-input\":{\"@type\":\"PropertyValueSpecification\",\"valueRequired\":true,\"valueName\":\"search_term_string\"}}],\"inLanguage\":\"fr-FR\"},{\"@type\":\"Organization\",\"@id\":\"https:\\\/\\\/veneziataxi.it\\\/fr\\\/#organization\",\"name\":\"Venezia Taxi\",\"url\":\"https:\\\/\\\/veneziataxi.it\\\/fr\\\/\",\"logo\":{\"@type\":\"ImageObject\",\"inLanguage\":\"fr-FR\",\"@id\":\"https:\\\/\\\/veneziataxi.it\\\/fr\\\/#\\\/schema\\\/logo\\\/image\\\/\",\"url\":\"https:\\\/\\\/veneziataxi.it\\\/wp-content\\\/uploads\\\/2022\\\/01\\\/cropped-ico.jpg\",\"contentUrl\":\"https:\\\/\\\/veneziataxi.it\\\/wp-content\\\/uploads\\\/2022\\\/01\\\/cropped-ico.jpg\",\"width\":512,\"height\":512,\"caption\":\"Venezia Taxi\"},\"image\":{\"@id\":\"https:\\\/\\\/veneziataxi.it\\\/fr\\\/#\\\/schema\\\/logo\\\/image\\\/\"},\"sameAs\":[\"https:\\\/\\\/www.facebook.com\\\/profile.php?id=100063518532145\"]}]}<\/script>\n<!-- \/ Yoast SEO plugin. -->","yoast_head_json":{"title":"Politique de confidentialit\u00e9 - Venezia Taxi","description":"Politique de confidentialit\u00e9 de Venezia Taxi","robots":{"index":"index","follow":"follow","max-snippet":"max-snippet:-1","max-image-preview":"max-image-preview:large","max-video-preview":"max-video-preview:-1"},"canonical":"https:\/\/veneziataxi.it\/fr\/politique-de-confidentialite\/","og_locale":"fr_FR","og_type":"article","og_title":"Politique de confidentialit\u00e9 - Venezia Taxi","og_description":"Politique de confidentialit\u00e9 de Venezia Taxi","og_url":"https:\/\/veneziataxi.it\/fr\/politique-de-confidentialite\/","og_site_name":"Venezia Taxi","article_publisher":"https:\/\/www.facebook.com\/profile.php?id=100063518532145","article_modified_time":"2022-12-13T10:11:14+00:00","twitter_card":"summary_large_image","twitter_misc":{"Dur\u00e9e de lecture estim\u00e9e":"5 minutes"},"schema":{"@context":"https:\/\/schema.org","@graph":[{"@type":"WebPage","@id":"https:\/\/veneziataxi.it\/fr\/politique-de-confidentialite\/","url":"https:\/\/veneziataxi.it\/fr\/politique-de-confidentialite\/","name":"Politique de confidentialit\u00e9 - Venezia Taxi","isPartOf":{"@id":"https:\/\/veneziataxi.it\/fr\/#website"},"datePublished":"2022-03-14T11:08:11+00:00","dateModified":"2022-12-13T10:11:14+00:00","description":"Politique de confidentialit\u00e9 de Venezia Taxi","breadcrumb":{"@id":"https:\/\/veneziataxi.it\/fr\/politique-de-confidentialite\/#breadcrumb"},"inLanguage":"fr-FR","potentialAction":[{"@type":"ReadAction","target":["https:\/\/veneziataxi.it\/fr\/politique-de-confidentialite\/"]}]},{"@type":"BreadcrumbList","@id":"https:\/\/veneziataxi.it\/fr\/politique-de-confidentialite\/#breadcrumb","itemListElement":[{"@type":"ListItem","position":1,"name":"Home","item":"https:\/\/veneziataxi.it\/fr\/"},{"@type":"ListItem","position":2,"name":"Politique de confidentialit\u00e9"}]},{"@type":"WebSite","@id":"https:\/\/veneziataxi.it\/fr\/#website","url":"https:\/\/veneziataxi.it\/fr\/","name":"Venezia Taxi","description":"Il tuo taxi acqueo a Venezia","publisher":{"@id":"https:\/\/veneziataxi.it\/fr\/#organization"},"potentialAction":[{"@type":"SearchAction","target":{"@type":"EntryPoint","urlTemplate":"https:\/\/veneziataxi.it\/fr\/?s={search_term_string}"},"query-input":{"@type":"PropertyValueSpecification","valueRequired":true,"valueName":"search_term_string"}}],"inLanguage":"fr-FR"},{"@type":"Organization","@id":"https:\/\/veneziataxi.it\/fr\/#organization","name":"Venezia Taxi","url":"https:\/\/veneziataxi.it\/fr\/","logo":{"@type":"ImageObject","inLanguage":"fr-FR","@id":"https:\/\/veneziataxi.it\/fr\/#\/schema\/logo\/image\/","url":"https:\/\/veneziataxi.it\/wp-content\/uploads\/2022\/01\/cropped-ico.jpg","contentUrl":"https:\/\/veneziataxi.it\/wp-content\/uploads\/2022\/01\/cropped-ico.jpg","width":512,"height":512,"caption":"Venezia Taxi"},"image":{"@id":"https:\/\/veneziataxi.it\/fr\/#\/schema\/logo\/image\/"},"sameAs":["https:\/\/www.facebook.com\/profile.php?id=100063518532145"]}]}},"_links":{"self":[{"href":"https:\/\/veneziataxi.it\/fr\/wp-json\/wp\/v2\/pages\/2020","targetHints":{"allow":["GET"]}}],"collection":[{"href":"https:\/\/veneziataxi.it\/fr\/wp-json\/wp\/v2\/pages"}],"about":[{"href":"https:\/\/veneziataxi.it\/fr\/wp-json\/wp\/v2\/types\/page"}],"author":[{"embeddable":true,"href":"https:\/\/veneziataxi.it\/fr\/wp-json\/wp\/v2\/users\/1"}],"replies":[{"embeddable":true,"href":"https:\/\/veneziataxi.it\/fr\/wp-json\/wp\/v2\/comments?post=2020"}],"version-history":[{"count":3,"href":"https:\/\/veneziataxi.it\/fr\/wp-json\/wp\/v2\/pages\/2020\/revisions"}],"predecessor-version":[{"id":2024,"href":"https:\/\/veneziataxi.it\/fr\/wp-json\/wp\/v2\/pages\/2020\/revisions\/2024"}],"wp:attachment":[{"href":"https:\/\/veneziataxi.it\/fr\/wp-json\/wp\/v2\/media?parent=2020"}],"curies":[{"name":"wp","href":"https:\/\/api.w.org\/{rel}","templated":true}]}}