{"id":2028,"date":"2022-03-14T12:20:50","date_gmt":"2022-03-14T11:20:50","guid":{"rendered":"https:\/\/veneziataxi.it\/?page_id=2028"},"modified":"2022-12-13T11:30:31","modified_gmt":"2022-12-13T10:30:31","slug":"modalites-et-conditions","status":"publish","type":"page","link":"https:\/\/veneziataxi.it\/fr\/modalites-et-conditions\/","title":{"rendered":"Modalit\u00e9s et conditions"},"content":{"rendered":"\n<div style=\"height:50px\" aria-hidden=\"true\" class=\"wp-block-spacer\"><\/div>\n\n\n\n<p><strong>INFORMATIONS G\u00c9N\u00c9RALES<\/strong><\/p>\n\n\n\n<p>L&#8217;objet des pr\u00e9sentes conditions g\u00e9n\u00e9rales de vente est l&#8217;achat de billets de bateau-taxi effectu\u00e9 \u00e0 distance par r\u00e9seau t\u00e9l\u00e9matique sur le site www.veneziataxi.it, dont le si\u00e8ge est \u00e0 Venise, Sestiere Santa Croce, 328. Chaque op\u00e9ration d&#8217;achat est r\u00e9gie par les dispositions du d\u00e9cret l\u00e9gislatif n\u00b0 185\/99, du d\u00e9cret l\u00e9gislatif n\u00b0 206\/05 ; les informations destin\u00e9es \u00e0 la conclusion du contrat sont soumises \u00e0 l&#8217;art. 12 du d\u00e9cret l\u00e9gislatif n\u00b0 70\/03 et, en ce qui concerne la protection de la confidentialit\u00e9, sont soumises aux dispositions du d\u00e9cret l\u00e9gislatif n\u00b0 196\/03.<\/p>\n\n\n\n<p><strong>CONCLUSION DU CONTRAT ET ACCEPTATION DES CONDITIONS G\u00c9N\u00c9RALES DE VENTE<\/strong><\/p>\n\n\n\n<p>Les contrats de vente de services sur le site www.veneziataxi.it sont r\u00e9put\u00e9s conclus lorsque le bon de commande pass\u00e9 par le client est re\u00e7u par Venezia Taxi et accept\u00e9 par ce dernier. Venezia Taxi enverra rapidement au client un accus\u00e9 de r\u00e9ception de la commande pass\u00e9e par le client.<\/p>\n\n\n\n<p>Le client, en envoyant son bon de commande par voie \u00e9lectronique, d\u00e9clare avoir lu et accept\u00e9 les pr\u00e9sentes conditions g\u00e9n\u00e9rales et s&#8217;engage \u00e0 les respecter et \u00e0 s&#8217;y conformer dans ses relations avec Venezia Taxi.<\/p>\n\n\n\n<p><strong>LE TRAITEMENT DES DONN\u00c9ES PERSONNELLES<\/strong><\/p>\n\n\n\n<p>Venezia Taxi conform\u00e9ment \u00e0 l&#8217;art. 13 du R\u00e8glement UE 2016\/699 informe que les donn\u00e9es personnelles et fiscales acquises m\u00eame verbalement en relation avec les relations d&#8217;affaires \u00e9tablies, fournies directement par les parties concern\u00e9es, ou autrement acquises dans le cadre des activit\u00e9s de l&#8217;entreprise, seront trait\u00e9es conform\u00e9ment aux r\u00e8glements mentionn\u00e9s, y compris les obligations de confidentialit\u00e9 pr\u00e9vues par ceux-ci.<\/p>\n\n\n\n<p>En ce qui concerne ce qui pr\u00e9c\u00e8de, les droits \u00e9nonc\u00e9s \u00e0 l&#8217;article 13 du r\u00e8glement UE 2016\/699 peuvent \u00eatre exerc\u00e9s.<\/p>\n\n\n\n<p><strong>OBLIGATIONS DU CLIENT<\/strong><\/p>\n\n\n\n<p>Le Client est tenu, avant de passer sa commande, de lire attentivement les pr\u00e9sentes Conditions G\u00e9n\u00e9rales de Vente. La soumission du bon de commande implique la pleine connaissance et l&#8217;acceptation de celui-ci.<\/p>\n\n\n\n<p><strong>D\u00c9FINITION DE L&#8217;ORDRE<\/strong><\/p>\n\n\n\n<p>En envoyant la commande en ligne, le Client transmet \u00e0 Venezia Taxi une proposition d&#8217;achat des services choisis (r\u00e9servation de services de taxi). Lorsque le Client passe une commande en ligne pour les produits qu&#8217;il a choisis dans le formulaire de r\u00e9servation, il accepte de les acheter au prix et aux conditions indiqu\u00e9s dans les pr\u00e9sentes Conditions G\u00e9n\u00e9rales de Vente.<\/p>\n\n\n\n<p>Venezia Taxi notifiera au Client l&#8217;acceptation et la confirmation de la commande.<\/p>\n\n\n\n<p><strong>MODALIT\u00c9S D&#8217;ACHAT<\/strong><\/p>\n\n\n\n<p>Le client ach\u00e8te le service de r\u00e9servation au prix qui y est indiqu\u00e9, plus les frais suppl\u00e9mentaires toujours indiqu\u00e9s dans le formulaire de r\u00e9servation.<\/p>\n\n\n\n<p>Une fois le bon de commande transmis, le client recevra un message \u00e9lectronique de Venezia Taxi confirmant la r\u00e9ception du bon de commande et contenant des informations sur les caract\u00e9ristiques principales du service achet\u00e9, une indication d\u00e9taill\u00e9e du prix, des taxes applicables et des moyens de paiement et contenant une r\u00e9f\u00e9rence aux conditions g\u00e9n\u00e9rales et aux informations sur l&#8217;existence du droit de r\u00e9tractation, les conditions et les modalit\u00e9s de son exercice affich\u00e9es sur le site web.<\/p>\n\n\n\n<p><strong>PAIEMENT<\/strong><\/p>\n\n\n\n<p>Le client peut effectuer le paiement par PayPal ou par carte de cr\u00e9dit.<\/p>\n\n\n\n<p>Paiement par carte de cr\u00e9dit ou PayPal : Si le client souhaite effectuer un paiement par carte de cr\u00e9dit, il peut utiliser la proc\u00e9dure de paiement PayPal, qui permet de garantir la confidentialit\u00e9 des donn\u00e9es du client. Si, en revanche, le client dispose d&#8217;un compte PayPal, il peut payer directement via son compte PayPal, sans avoir \u00e0 utiliser sa carte de cr\u00e9dit. Pour toute information et tout autre accord juridique, le client est invit\u00e9 \u00e0 consulter le site www.paypal.com.<\/p>\n\n\n\n<p><strong>INFORMATIONS SUR LES PRIX<\/strong><\/p>\n\n\n\n<p>La capacit\u00e9 maximale de nos bateaux-taxis est de <strong>10 personnes avec bagages<\/strong>. Pour les passagers de plus de 10 personnes, il sera n\u00e9cessaire de r\u00e9server un ou plusieurs taxis suppl\u00e9mentaires. J<strong>usqu&#8217;\u00e0 4 personnes, le prix reste inchang\u00e9, \u00e0 partir de 5 personnes, un suppl\u00e9ment de 10 \u20ac par personne s&#8217;applique<\/strong>.<\/p>\n\n\n\n<p>Il est possible d&#8217;emporter <strong>jusqu&#8217;\u00e0 12 bagages. Jusqu&#8217;\u00e0 4 bagages, le prix reste inchang\u00e9, \u00e0 partir de 5 bagages, un suppl\u00e9ment de 5 \u20ac par bagage est appliqu\u00e9<\/strong>.<\/p>\n\n\n\n<p><strong>Il y a \u00e9galement un suppl\u00e9ment de 25 \u20ac \u00e0 payer au chauffeur de taxi si des voies internes sont emprunt\u00e9es<\/strong>.<\/p>\n\n\n\n<p>Un suppl\u00e9ment pour service de nuit s&#8217;applique pour les <strong>services entre 22h00 et 7h00<\/strong>. Lors de la r\u00e9servation, vous pouvez choisir si vous souhaitez faire une r\u00e9servation STANDARD ou NUIT (22h00 &#8211; 7h00).<\/p>\n\n\n\n<p><strong>TEMPS D&#8217;ATTENTE<\/strong><\/p>\n\n\n\n<p>Si la r\u00e9servation est effectu\u00e9e localement, il peut y avoir une attente de 15 \u00e0 30 minutes.<\/p>\n\n\n\n<p><strong>DROIT DE RETRAIT<\/strong><\/p>\n\n\n\n<p>Le consommateur a le droit d&#8217;exercer son droit de r\u00e9tractation. En particulier, le consommateur a le droit de se r\u00e9tracter de tout contrat conclu avec Venezia Taxi, sans aucune p\u00e9nalit\u00e9 et sans en pr\u00e9ciser la raison, dans les 14 (quatorze) jours ouvrables \u00e0 compter de la r\u00e9servation.<\/p>\n\n\n\n<p>Le droit de r\u00e9tractation est reconnu pour tout service achet\u00e9 par le consommateur sur le site www.veneziataxi.it.<\/p>\n\n\n\n<p><strong>PROC\u00c9DURES D&#8217;EXERCICE DU DROIT DE R\u00c9TRACTATION<\/strong><\/p>\n\n\n\n<p>Le droit de r\u00e9tractation est exerc\u00e9 en envoyant, dans le d\u00e9lai susmentionn\u00e9, une communication \u00e9crite \u00e0 l&#8217;adresse \u00e9lectronique de Venezia Taxi.<\/p>\n\n\n\n<p>En cas d&#8217;exercice du droit de r\u00e9tractation, la communication est envoy\u00e9e \u00e0 l&#8217;adresse suivante :<\/p>\n\n\n\n<p>info@veneziataxi.it<\/p>\n\n\n\n<p>Si le droit de r\u00e9tractation est exerc\u00e9 par le client conform\u00e9ment aux dispositions contenues dans la pr\u00e9sente clause, Venezia Taxi sera tenue de rembourser les sommes vers\u00e9es par le client, \u00e0 l&#8217;exclusion des frais de port.<\/p>\n\n\n\n<p>En particulier, Venezia Taxi proc\u00e9dera, sans frais, \u00e0 la transmission de la commande pour le remboursement du co\u00fbt des marchandises exp\u00e9di\u00e9es dans un d\u00e9lai de 30 (trente) jours \u00e0 compter de la date de r\u00e9ception de l&#8217;email du client. Cette op\u00e9ration s&#8217;effectuera par le biais de PayPal.<\/p>\n\n\n\n<p>Venezia Taxi a le droit de refuser tout service r\u00e9serv\u00e9 pour lequel les proc\u00e9dures et les d\u00e9lais indiqu\u00e9s pour la communication de l&#8217;exercice du droit de r\u00e9tractation n&#8217;ont pas \u00e9t\u00e9 respect\u00e9s.<\/p>\n\n\n\n<p><strong>CLAUSE EXPRESSE DE R\u00c9SILIATION<\/strong><\/p>\n\n\n\n<p>En cas de non-paiement total ou partiel du prix d&#8217;achat des marchandises, Venezia Taxi se r\u00e9serve le droit de d\u00e9clarer, conform\u00e9ment \u00e0 et aux fins de l&#8217;article 1456 du Code civil, la r\u00e9siliation du pr\u00e9sent contrat en envoyant une notification \u00e9crite \u00e0 l&#8217;adresse \u00e9lectronique du client.<\/p>\n\n\n\n<p><strong>PLAINTES<\/strong><\/p>\n\n\n\n<p>Pour toute r\u00e9clamation ou clarification, le client doit contacter le num\u00e9ro +39 041 723112 ou l&#8217;adresse e-mail : info@veneziataxi.it. Le client sera contact\u00e9 pour clarification dans les 3 (trois) jours ouvrables suivant la demande.<\/p>\n\n\n\n<p><strong>LOI ET JURIDICTION APPLICABLE<\/strong><\/p>\n\n\n\n<p>Le pr\u00e9sent contrat est r\u00e9gi par la loi italienne. La juridiction et le lieu exclusifs pour toute action en justice intent\u00e9e par l&#8217;Acheteur au titre de la pr\u00e9sente garantie ou de toute autre garantie l\u00e9gale seront le Tribunal de Venise. Si Venezia Taxi gagne dans une action en justice, le plaignant devra rembourser \u00e0 Venezia Taxi les frais, y compris les honoraires d&#8217;avocats et les frais de justice.<\/p>\n\n\n\n<p>R\u00c9F\u00c9RENCE<\/p>\n\n\n\n<p>Pour tout ce qui n&#8217;est pas express\u00e9ment pr\u00e9vu dans le pr\u00e9sent contrat, les r\u00e8gles de la l\u00e9gislation italienne en vigueur sont applicables.<\/p>\n","protected":false},"excerpt":{"rendered":"<p>INFORMATIONS G\u00c9N\u00c9RALES L&#8217;objet des pr\u00e9sentes conditions g\u00e9n\u00e9rales de vente est l&#8217;achat de billets de bateau-taxi effectu\u00e9 \u00e0 distance par r\u00e9seau t\u00e9l\u00e9matique sur le site www.veneziataxi.it, dont le si\u00e8ge est \u00e0 Venise, Sestiere Santa Croce, 328. Chaque op\u00e9ration d&#8217;achat est r\u00e9gie par les dispositions du d\u00e9cret l\u00e9gislatif n\u00b0 185\/99, du d\u00e9cret l\u00e9gislatif n\u00b0 206\/05 ; les informations destin\u00e9es \u00e0 la conclusion&hellip;<\/p>\n","protected":false},"author":1,"featured_media":0,"parent":0,"menu_order":0,"comment_status":"closed","ping_status":"closed","template":"","meta":{"footnotes":""},"class_list":["post-2028","page","type-page","status-publish","hentry"],"yoast_head":"<!-- This site is optimized with the Yoast SEO plugin v27.4 - https:\/\/yoast.com\/product\/yoast-seo-wordpress\/ -->\n<title>Modalit\u00e9s et conditions - Venezia Taxi<\/title>\n<meta name=\"robots\" content=\"index, follow, max-snippet:-1, max-image-preview:large, max-video-preview:-1\" \/>\n<link rel=\"canonical\" href=\"https:\/\/veneziataxi.it\/fr\/modalites-et-conditions\/\" \/>\n<meta property=\"og:locale\" content=\"fr_FR\" \/>\n<meta property=\"og:type\" content=\"article\" \/>\n<meta property=\"og:title\" content=\"Modalit\u00e9s et conditions - Venezia Taxi\" \/>\n<meta property=\"og:description\" content=\"INFORMATIONS G\u00c9N\u00c9RALES L&#8217;objet des pr\u00e9sentes conditions g\u00e9n\u00e9rales de vente est l&#8217;achat de billets de bateau-taxi effectu\u00e9 \u00e0 distance par r\u00e9seau t\u00e9l\u00e9matique sur le site www.veneziataxi.it, dont le si\u00e8ge est \u00e0 Venise, Sestiere Santa Croce, 328. Chaque op\u00e9ration d&#8217;achat est r\u00e9gie par les dispositions du d\u00e9cret l\u00e9gislatif n\u00b0 185\/99, du d\u00e9cret l\u00e9gislatif n\u00b0 206\/05 ; les informations destin\u00e9es \u00e0 la conclusion&hellip;\" \/>\n<meta property=\"og:url\" content=\"https:\/\/veneziataxi.it\/fr\/modalites-et-conditions\/\" \/>\n<meta property=\"og:site_name\" content=\"Venezia Taxi\" \/>\n<meta property=\"article:publisher\" content=\"https:\/\/www.facebook.com\/profile.php?id=100063518532145\" \/>\n<meta property=\"article:modified_time\" content=\"2022-12-13T10:30:31+00:00\" \/>\n<meta name=\"twitter:card\" content=\"summary_large_image\" \/>\n<meta name=\"twitter:label1\" content=\"Dur\u00e9e de lecture estim\u00e9e\" \/>\n\t<meta name=\"twitter:data1\" content=\"6 minutes\" \/>\n<script type=\"application\/ld+json\" class=\"yoast-schema-graph\">{\"@context\":\"https:\\\/\\\/schema.org\",\"@graph\":[{\"@type\":\"WebPage\",\"@id\":\"https:\\\/\\\/veneziataxi.it\\\/fr\\\/modalites-et-conditions\\\/\",\"url\":\"https:\\\/\\\/veneziataxi.it\\\/fr\\\/modalites-et-conditions\\\/\",\"name\":\"Modalit\u00e9s et conditions - Venezia Taxi\",\"isPartOf\":{\"@id\":\"https:\\\/\\\/veneziataxi.it\\\/fr\\\/#website\"},\"datePublished\":\"2022-03-14T11:20:50+00:00\",\"dateModified\":\"2022-12-13T10:30:31+00:00\",\"breadcrumb\":{\"@id\":\"https:\\\/\\\/veneziataxi.it\\\/fr\\\/modalites-et-conditions\\\/#breadcrumb\"},\"inLanguage\":\"fr-FR\",\"potentialAction\":[{\"@type\":\"ReadAction\",\"target\":[\"https:\\\/\\\/veneziataxi.it\\\/fr\\\/modalites-et-conditions\\\/\"]}]},{\"@type\":\"BreadcrumbList\",\"@id\":\"https:\\\/\\\/veneziataxi.it\\\/fr\\\/modalites-et-conditions\\\/#breadcrumb\",\"itemListElement\":[{\"@type\":\"ListItem\",\"position\":1,\"name\":\"Home\",\"item\":\"https:\\\/\\\/veneziataxi.it\\\/fr\\\/\"},{\"@type\":\"ListItem\",\"position\":2,\"name\":\"Modalit\u00e9s et conditions\"}]},{\"@type\":\"WebSite\",\"@id\":\"https:\\\/\\\/veneziataxi.it\\\/fr\\\/#website\",\"url\":\"https:\\\/\\\/veneziataxi.it\\\/fr\\\/\",\"name\":\"Venezia Taxi\",\"description\":\"Il tuo taxi acqueo a Venezia\",\"publisher\":{\"@id\":\"https:\\\/\\\/veneziataxi.it\\\/fr\\\/#organization\"},\"potentialAction\":[{\"@type\":\"SearchAction\",\"target\":{\"@type\":\"EntryPoint\",\"urlTemplate\":\"https:\\\/\\\/veneziataxi.it\\\/fr\\\/?s={search_term_string}\"},\"query-input\":{\"@type\":\"PropertyValueSpecification\",\"valueRequired\":true,\"valueName\":\"search_term_string\"}}],\"inLanguage\":\"fr-FR\"},{\"@type\":\"Organization\",\"@id\":\"https:\\\/\\\/veneziataxi.it\\\/fr\\\/#organization\",\"name\":\"Venezia Taxi\",\"url\":\"https:\\\/\\\/veneziataxi.it\\\/fr\\\/\",\"logo\":{\"@type\":\"ImageObject\",\"inLanguage\":\"fr-FR\",\"@id\":\"https:\\\/\\\/veneziataxi.it\\\/fr\\\/#\\\/schema\\\/logo\\\/image\\\/\",\"url\":\"https:\\\/\\\/veneziataxi.it\\\/wp-content\\\/uploads\\\/2022\\\/01\\\/cropped-ico.jpg\",\"contentUrl\":\"https:\\\/\\\/veneziataxi.it\\\/wp-content\\\/uploads\\\/2022\\\/01\\\/cropped-ico.jpg\",\"width\":512,\"height\":512,\"caption\":\"Venezia Taxi\"},\"image\":{\"@id\":\"https:\\\/\\\/veneziataxi.it\\\/fr\\\/#\\\/schema\\\/logo\\\/image\\\/\"},\"sameAs\":[\"https:\\\/\\\/www.facebook.com\\\/profile.php?id=100063518532145\"]}]}<\/script>\n<!-- \/ Yoast SEO plugin. -->","yoast_head_json":{"title":"Modalit\u00e9s et conditions - Venezia Taxi","robots":{"index":"index","follow":"follow","max-snippet":"max-snippet:-1","max-image-preview":"max-image-preview:large","max-video-preview":"max-video-preview:-1"},"canonical":"https:\/\/veneziataxi.it\/fr\/modalites-et-conditions\/","og_locale":"fr_FR","og_type":"article","og_title":"Modalit\u00e9s et conditions - Venezia Taxi","og_description":"INFORMATIONS G\u00c9N\u00c9RALES L&#8217;objet des pr\u00e9sentes conditions g\u00e9n\u00e9rales de vente est l&#8217;achat de billets de bateau-taxi effectu\u00e9 \u00e0 distance par r\u00e9seau t\u00e9l\u00e9matique sur le site www.veneziataxi.it, dont le si\u00e8ge est \u00e0 Venise, Sestiere Santa Croce, 328. Chaque op\u00e9ration d&#8217;achat est r\u00e9gie par les dispositions du d\u00e9cret l\u00e9gislatif n\u00b0 185\/99, du d\u00e9cret l\u00e9gislatif n\u00b0 206\/05 ; les informations destin\u00e9es \u00e0 la conclusion&hellip;","og_url":"https:\/\/veneziataxi.it\/fr\/modalites-et-conditions\/","og_site_name":"Venezia Taxi","article_publisher":"https:\/\/www.facebook.com\/profile.php?id=100063518532145","article_modified_time":"2022-12-13T10:30:31+00:00","twitter_card":"summary_large_image","twitter_misc":{"Dur\u00e9e de lecture estim\u00e9e":"6 minutes"},"schema":{"@context":"https:\/\/schema.org","@graph":[{"@type":"WebPage","@id":"https:\/\/veneziataxi.it\/fr\/modalites-et-conditions\/","url":"https:\/\/veneziataxi.it\/fr\/modalites-et-conditions\/","name":"Modalit\u00e9s et conditions - Venezia Taxi","isPartOf":{"@id":"https:\/\/veneziataxi.it\/fr\/#website"},"datePublished":"2022-03-14T11:20:50+00:00","dateModified":"2022-12-13T10:30:31+00:00","breadcrumb":{"@id":"https:\/\/veneziataxi.it\/fr\/modalites-et-conditions\/#breadcrumb"},"inLanguage":"fr-FR","potentialAction":[{"@type":"ReadAction","target":["https:\/\/veneziataxi.it\/fr\/modalites-et-conditions\/"]}]},{"@type":"BreadcrumbList","@id":"https:\/\/veneziataxi.it\/fr\/modalites-et-conditions\/#breadcrumb","itemListElement":[{"@type":"ListItem","position":1,"name":"Home","item":"https:\/\/veneziataxi.it\/fr\/"},{"@type":"ListItem","position":2,"name":"Modalit\u00e9s et conditions"}]},{"@type":"WebSite","@id":"https:\/\/veneziataxi.it\/fr\/#website","url":"https:\/\/veneziataxi.it\/fr\/","name":"Venezia Taxi","description":"Il tuo taxi acqueo a Venezia","publisher":{"@id":"https:\/\/veneziataxi.it\/fr\/#organization"},"potentialAction":[{"@type":"SearchAction","target":{"@type":"EntryPoint","urlTemplate":"https:\/\/veneziataxi.it\/fr\/?s={search_term_string}"},"query-input":{"@type":"PropertyValueSpecification","valueRequired":true,"valueName":"search_term_string"}}],"inLanguage":"fr-FR"},{"@type":"Organization","@id":"https:\/\/veneziataxi.it\/fr\/#organization","name":"Venezia Taxi","url":"https:\/\/veneziataxi.it\/fr\/","logo":{"@type":"ImageObject","inLanguage":"fr-FR","@id":"https:\/\/veneziataxi.it\/fr\/#\/schema\/logo\/image\/","url":"https:\/\/veneziataxi.it\/wp-content\/uploads\/2022\/01\/cropped-ico.jpg","contentUrl":"https:\/\/veneziataxi.it\/wp-content\/uploads\/2022\/01\/cropped-ico.jpg","width":512,"height":512,"caption":"Venezia Taxi"},"image":{"@id":"https:\/\/veneziataxi.it\/fr\/#\/schema\/logo\/image\/"},"sameAs":["https:\/\/www.facebook.com\/profile.php?id=100063518532145"]}]}},"_links":{"self":[{"href":"https:\/\/veneziataxi.it\/fr\/wp-json\/wp\/v2\/pages\/2028","targetHints":{"allow":["GET"]}}],"collection":[{"href":"https:\/\/veneziataxi.it\/fr\/wp-json\/wp\/v2\/pages"}],"about":[{"href":"https:\/\/veneziataxi.it\/fr\/wp-json\/wp\/v2\/types\/page"}],"author":[{"embeddable":true,"href":"https:\/\/veneziataxi.it\/fr\/wp-json\/wp\/v2\/users\/1"}],"replies":[{"embeddable":true,"href":"https:\/\/veneziataxi.it\/fr\/wp-json\/wp\/v2\/comments?post=2028"}],"version-history":[{"count":2,"href":"https:\/\/veneziataxi.it\/fr\/wp-json\/wp\/v2\/pages\/2028\/revisions"}],"predecessor-version":[{"id":2030,"href":"https:\/\/veneziataxi.it\/fr\/wp-json\/wp\/v2\/pages\/2028\/revisions\/2030"}],"wp:attachment":[{"href":"https:\/\/veneziataxi.it\/fr\/wp-json\/wp\/v2\/media?parent=2028"}],"curies":[{"name":"wp","href":"https:\/\/api.w.org\/{rel}","templated":true}]}}